{"id":2635,"date":"2024-10-17T10:27:56","date_gmt":"2024-10-17T04:57:56","guid":{"rendered":"https:\/\/thedreamworldbangkok.com\/?post_type=product&#038;p=2635"},"modified":"2026-04-10T14:48:38","modified_gmt":"2026-04-10T09:18:38","slug":"super-visa-ticket-mit-mittagsbuffet","status":"publish","type":"product","link":"https:\/\/thedreamworldbangkok.com\/de\/tickets\/super-visa-ticket-mit-mittagsbuffet\/","title":{"rendered":"Super-Visa-Ticket mit Mittagsbuffet"},"content":{"rendered":"<div class=\"ticket-page\">\n<h2>Super Visa-Ticket mit Mittagsbuffet \u2013 Dream World Bangkok<\/h2>\n<h3>\u00dcber Dream World Bangkok<\/h3>\n<p>Dream World Bangkok ist ein erstklassiger Vergn\u00fcgungspark, der unterhaltsame Erlebnisse f\u00fcr alle Altersgruppen bietet. Mit dem Super Visa Ticket erhalten Sie unbegrenzten Zugang zu aufregenden Fahrgesch\u00e4ften, bezaubernden Attraktionen und magischen Shows und k\u00f6nnen so einen unvergesslichen Tag voller Spannung und Abenteuer genie\u00dfen. Das Paket beinhaltet auch ein Mittagsbuffet mit einer gro\u00dfen Auswahl an internationalen und indischen Gerichten. Hoteltransfers sind als optionale Zusatzleistungen erh\u00e4ltlich, damit Ihr Besuch problemlos verl\u00e4uft.<\/p>\n<h3>Betriebsstunden<\/h3>\n<p>Dream World Bangkok ist t\u00e4glich von 10:00 bis 17:00 Uhr ge\u00f6ffnet. An Wochenenden und Feiertagen verl\u00e4ngert der Park seine \u00d6ffnungszeiten bis 19:00 Uhr, um mehr Besucher unterzubringen.<\/p>\n<h3>Mittagszeit<\/h3>\n<p>Das Mittagsbuffet wird t\u00e4glich von 11:30 bis 14:00 Uhr serviert und bietet eine Auswahl an k\u00f6stlichen Gerichten, um w\u00e4hrend Ihres vergn\u00fcglichen Tages neue Energie zu tanken.<\/p>\n<h3>Richtlinien zu Kindern<\/h3>\n<ul>\n<li><strong>Kinder unter 90 cm<\/strong>: Kostenlos.<\/li>\n<li><strong>Children above 90 cm<\/strong>: Es gelten die Ticketpreise f\u00fcr Erwachsene.<\/li>\n<\/ul>\n<h3>Fahrten und Shows inklusive<\/h3>\n<p>Mit dem Super Visa Ticket erhalten Sie unbegrenzten Zugang zu Folgendem:<\/p>\n<ul>\n<li>Schneestadt (mit Rodeln und Skifahren bei -8\u00b0C)<\/li>\n<li>Go-Kart-Rennen<\/li>\n<li>Aufregende Fahrgesch\u00e4fte wie Tornado, Sky Coaster, Grand Canyon, Super Splash und mehr<\/li>\n<li>Shows wie Hollywood Action Show, The Colors of The World Parade und Tiershows<\/li>\n<\/ul>\n<h3>Highlights<\/h3>\n<ul>\n<li>Unbegrenzte Fahrten zu allen Attraktionen<\/li>\n<li>Zugang zu Snow Town und Go-Kart<\/li>\n<li>Internationales und indisches Mittagsbuffet inklusive<\/li>\n<li>Optionale Hoteltransfers verf\u00fcgbar<\/li>\n<li>T\u00e4glich unterhaltsame Shows f\u00fcr alle Altersgruppen<\/li>\n<\/ul>\n<h3>Einschl\u00fcsse<\/h3>\n<ul>\n<li>Eintrittskarte f\u00fcr Dream World Bangkok<\/li>\n<li>Unbegrenzte Fahrten zu allen Attraktionen<\/li>\n<li>Mittagsbuffet (internationale und indische K\u00fcche)<\/li>\n<li>Zugang zu Snow Town und Go-Kart<\/li>\n<li>Optionaler gemeinsamer oder privater Hin- und R\u00fccktransfer zum Hotel<\/li>\n<\/ul>\n<h3>Ausschl\u00fcsse<\/h3>\n<ul>\n<li>Karnevalsspiele<\/li>\n<li>Speisen und Getr\u00e4nke au\u00dferhalb des Buffets<\/li>\n<li>Pers\u00f6nliche Ausgaben wie Souvenirs und Fotos<\/li>\n<\/ul>\n<h3>R\u00fcckerstattungs- und Stornierungsbedingungen<\/h3>\n<p>Bei Stornierungen, die 24 Stunden vor dem Servicetermin erfolgen, ist eine volle R\u00fcckerstattung m\u00f6glich. Bei Stornierungen nach diesem Zeitraum erfolgt keine R\u00fcckerstattung. Weitere Informationen finden Sie in unserer <strong><a href=\"https:\/\/thedreamworldbangkok.com\/de\/stornierungsbedingungen-fur-ruckerstattungen\/\" target=\"_blank\" rel=\"noopener\">Stornierungs- und R\u00fcckerstattungsbedingungen<\/a><\/strong>.<\/p>\n<h3>Was gibt es noch?<\/h3>\n<p>Dream World Bangkok bietet eine Vielzahl von Restaurants, Souvenirl\u00e4den und Themenbereiche wie Fantasy World, Small World und Family World. Erkunden Sie magische Themenbereiche, fahren Sie mit aufregenden Attraktionen und genie\u00dfen Sie einen actionreichen Tag mit Familie und Freunden.<\/p>\n<h3>Insider-Tipps<\/h3>\n<ul>\n<li>Kommen Sie fr\u00fch, um Ihren Tag optimal zu nutzen.<\/li>\n<li>Nehmen Sie f\u00fcr Fahrten im Freien Sonnenschutzmittel und H\u00fcte mit.<\/li>\n<li>Tragen Sie bequeme, schnell trocknende Kleidung, wenn Sie Wasserfahrten genie\u00dfen m\u00f6chten.<\/li>\n<\/ul>\n<h3>Was man tun und lassen sollte<\/h3>\n<ul>\n<li>Befolgen Sie die Parkregeln und Sicherheitshinweise.<\/li>\n<li>Tragen Sie bei den Attraktionen angemessene Kleidung.<\/li>\n<li>Bringen Sie keine Speisen und Getr\u00e4nke von au\u00dferhalb in den Park mit.<\/li>\n<li>Zeigen Sie auf den Fahrten kein unsicheres Verhalten.<\/li>\n<\/ul>\n<h3>Wissenswertes vor der Reise<\/h3>\n<ul>\n<li>Das Super Visa Ticket beinhaltet unbegrenzten Zugang zu Fahrgesch\u00e4ften und Attraktionen sowie ein Mittagsbuffet. Hoteltransfers sind optional erh\u00e4ltlich.<\/li>\n<li>Um Ihre Reservierung zu garantieren, m\u00fcssen Sie mindestens einen Tag im Voraus, vor 8:00 Uhr am Servicedatum, buchen.<\/li>\n<\/ul>\n<h3>Karten &amp; Standort<\/h3>\n<ul>\n<li>Adresse: Dream World Bangkok, 62 Moo 1 Rangsit-Ongkarak Road (Km. 7), Bueng Yitho, Thanyaburi, Pathum Thani 12130, Thailand<\/li>\n<li><a href=\"https:\/\/maps.app.goo.gl\/sbf7XmzJxr5HM5oN8\" target=\"_new\" rel=\"noopener\">Standort auf Google Maps anzeigen<\/a><\/li>\n<\/ul>\n<h3>Wie erreicht man Dream World Bangkok?<\/h3>\n<ul>\n<li><strong>Mit dem Bus:<\/strong> Die Buslinien 59, 188, 212, 340 und 538 bringen Sie zur Dream World.<\/li>\n<li><strong>Mit dem Zug:<\/strong> Nehmen Sie den BTS nach Mo Chit und steigen Sie in den Bus Nr. 538 um.<\/li>\n<li><strong>Mit dem Taxi:<\/strong> F\u00fcr eine direkte Fahrt zum Dream World stehen in ganz Bangkok Taxis zur Verf\u00fcgung.<\/li>\n<\/ul>\n<h3>H\u00e4ufig gestellte Fragen (FAQs)<\/h3>\n<ol>\n<li><strong>Was ist im Super-Visa-Ticket enthalten?<\/strong><br \/>\nDas Super-Visa-Ticket beinhaltet unbegrenzten Zugang zu allen Fahrgesch\u00e4ften, Attraktionen, Snow Town, Go-Kart und einem Mittagsbuffet.<\/li>\n<li><strong>Ist der Hoteltransfer inbegriffen?<\/strong><br \/>\nHoteltransfers sind optional. Sie k\u00f6nnen zwischen gemeinsamen oder privaten Hin- und R\u00fccktransfers w\u00e4hlen.<\/li>\n<li><strong>Gibt es f\u00fcr die Fahrten Gr\u00f6\u00dfenbeschr\u00e4nkungen?<\/strong><br \/>\nAus Sicherheitsgr\u00fcnden kann bei manchen Fahrgesch\u00e4ften eine Gr\u00f6\u00dfenbeschr\u00e4nkung gelten. Bitte erkundigen Sie sich im Park nach den spezifischen Anforderungen.<\/li>\n<li><strong>Wie sind die \u00d6ffnungszeiten des Parks?<\/strong><br \/>\nDream World ist t\u00e4glich von 10:00 bis 17:00 Uhr ge\u00f6ffnet, an Wochenenden und Feiertagen mit verl\u00e4ngerten \u00d6ffnungszeiten.<\/li>\n<li><strong>Kann ich meine Buchung stornieren?<\/strong><br \/>\nJa, bei Stornierungen, die 24 Stunden im Voraus erfolgen, ist eine volle R\u00fcckerstattung m\u00f6glich.<\/li>\n<\/ol>\n<p>Genie\u00dfen Sie Ihren Tag im <strong><a href=\"https:\/\/thedreamworldbangkok.com\/de\/\" target=\"_new\" rel=\"noopener\">Traumwelt Bangkok<\/a><\/strong> mit dem <strong>Super-Visa-Ticket mit Mittagsbuffet<\/strong> f\u00fcr ein spannendes und unterhaltsames Erlebnis!<\/p>\n<\/div>","protected":false},"excerpt":{"rendered":"<table class=\"short-description\">\n<tbody class=\"tabel364\">\n<tr class=\"short-description-tr32r\">\n<th class=\"short-description-th\"><span class=\"description-h23\"><strong class=\"description-strong67\">Buchen Sie 1 Tag im Voraus bis 8:00 Uhr des Besuchsdatums. <\/strong><\/span><\/th>\n<\/tr>\n<\/tbody>\n<\/table>","protected":false},"featured_media":2631,"template":"","meta":{"ocean_post_layout":"","ocean_both_sidebars_style":"","ocean_both_sidebars_content_width":0,"ocean_both_sidebars_sidebars_width":0,"ocean_sidebar":"0","ocean_second_sidebar":"0","ocean_disable_margins":"enable","ocean_add_body_class":"","ocean_shortcode_before_top_bar":"","ocean_shortcode_after_top_bar":"","ocean_shortcode_before_header":"","ocean_shortcode_after_header":"","ocean_has_shortcode":"","ocean_shortcode_after_title":"","ocean_shortcode_before_footer_widgets":"","ocean_shortcode_after_footer_widgets":"","ocean_shortcode_before_footer_bottom":"","ocean_shortcode_after_footer_bottom":"","ocean_display_top_bar":"default","ocean_display_header":"default","ocean_header_style":"","ocean_center_header_left_menu":"0","ocean_custom_header_template":"0","ocean_custom_logo":0,"ocean_custom_retina_logo":0,"ocean_custom_logo_max_width":0,"ocean_custom_logo_tablet_max_width":0,"ocean_custom_logo_mobile_max_width":0,"ocean_custom_logo_max_height":0,"ocean_custom_logo_tablet_max_height":0,"ocean_custom_logo_mobile_max_height":0,"ocean_header_custom_menu":"0","ocean_menu_typo_font_family":"0","ocean_menu_typo_font_subset":"","ocean_menu_typo_font_size":0,"ocean_menu_typo_font_size_tablet":0,"ocean_menu_typo_font_size_mobile":0,"ocean_menu_typo_font_size_unit":"px","ocean_menu_typo_font_weight":"","ocean_menu_typo_font_weight_tablet":"","ocean_menu_typo_font_weight_mobile":"","ocean_menu_typo_transform":"","ocean_menu_typo_transform_tablet":"","ocean_menu_typo_transform_mobile":"","ocean_menu_typo_line_height":0,"ocean_menu_typo_line_height_tablet":0,"ocean_menu_typo_line_height_mobile":0,"ocean_menu_typo_line_height_unit":"","ocean_menu_typo_spacing":0,"ocean_menu_typo_spacing_tablet":0,"ocean_menu_typo_spacing_mobile":0,"ocean_menu_typo_spacing_unit":"","ocean_menu_link_color":"","ocean_menu_link_color_hover":"","ocean_menu_link_color_active":"","ocean_menu_link_background":"","ocean_menu_link_hover_background":"","ocean_menu_link_active_background":"","ocean_menu_social_links_bg":"","ocean_menu_social_hover_links_bg":"","ocean_menu_social_links_color":"","ocean_menu_social_hover_links_color":"","ocean_disable_title":"default","ocean_disable_heading":"default","ocean_post_title":"","ocean_post_subheading":"","ocean_post_title_style":"","ocean_post_title_background_color":"","ocean_post_title_background":0,"ocean_post_title_bg_image_position":"","ocean_post_title_bg_image_attachment":"","ocean_post_title_bg_image_repeat":"","ocean_post_title_bg_image_size":"","ocean_post_title_height":0,"ocean_post_title_bg_overlay":0.5,"ocean_post_title_bg_overlay_color":"","ocean_disable_breadcrumbs":"default","ocean_breadcrumbs_color":"","ocean_breadcrumbs_separator_color":"","ocean_breadcrumbs_links_color":"","ocean_breadcrumbs_links_hover_color":"","ocean_display_footer_widgets":"default","ocean_display_footer_bottom":"default","ocean_custom_footer_template":"0"},"product_brand":[],"product_cat":[20],"product_tag":[174,199,194,197,190,179,177,188,198,184,196,192,193,175,186,191,195],"class_list":{"0":"post-2635","1":"product","2":"type-product","3":"status-publish","4":"has-post-thumbnail","6":"product_cat-tickets","7":"product_tag-bangkok","8":"product_tag-bangkok-theme-park-offers","9":"product_tag-bangkok-theme-park-tickets","10":"product_tag-best-rides-in-dream-world-bangkok","11":"product_tag-dream-world-bangkok","12":"product_tag-dream-world-bangkok-attractions","13":"product_tag-dream-world-bangkok-buffet-lunch","14":"product_tag-dream-world-bangkok-child-policy","15":"product_tag-dream-world-bangkok-deals","16":"product_tag-dream-world-bangkok-family-package","17":"product_tag-dream-world-bangkok-hotel-transfer","18":"product_tag-dream-world-bangkok-rides","19":"product_tag-dream-world-bangkok-snow-town","20":"product_tag-dream-world-bangkok-tickets","21":"product_tag-dream-world-bangkok-unlimited-rides","22":"product_tag-super-visa-ticket-bangkok","23":"product_tag-super-visa-ticket-with-lunch","25":"entry","26":"has-media","27":"tm-has-options","29":"first","30":"instock","31":"virtual","32":"taxable","33":"purchasable","34":"product-type-simple","35":"has-product-nav","36":"col","37":"span_1_of_3","38":"owp-content-center","39":"owp-thumbs-layout-horizontal","40":"owp-btn-normal","41":"owp-tabs-layout-horizontal"},"yoast_head":"<!-- This site is optimized with the Yoast SEO plugin v27.4 - https:\/\/yoast.com\/product\/yoast-seo-wordpress\/ -->\n<title>Book Super Visa Ticket With Buffet Lunch - Dream World Bangkok<\/title>\n<meta name=\"description\" content=\"Enjoy Unlimited Rides With Super Visa Ticket &amp; Buffet Lunch At Dream World Bangkok. Book Now For Exclusive Deals On Family-Friendly Fun &amp; Attractions.\" \/>\n<meta name=\"robots\" content=\"index, follow, max-snippet:-1, max-image-preview:large, max-video-preview:-1\" \/>\n<link rel=\"canonical\" href=\"https:\/\/thedreamworldbangkok.com\/de\/tickets\/super-visa-ticket-mit-mittagsbuffet\/\" \/>\n<meta property=\"og:locale\" content=\"de_DE\" \/>\n<meta property=\"og:type\" content=\"article\" \/>\n<meta property=\"og:title\" content=\"Book Super Visa Ticket With Buffet Lunch - Dream World Bangkok\" \/>\n<meta property=\"og:description\" content=\"Enjoy Unlimited Rides With Super Visa Ticket &amp; Buffet Lunch At Dream World Bangkok. Book Now For Exclusive Deals On Family-Friendly Fun &amp; Attractions.\" \/>\n<meta property=\"og:url\" content=\"https:\/\/thedreamworldbangkok.com\/de\/tickets\/super-visa-ticket-mit-mittagsbuffet\/\" \/>\n<meta property=\"og:site_name\" content=\"Dream World Bangkok\" \/>\n<meta property=\"article:modified_time\" content=\"2026-04-10T09:18:38+00:00\" \/>\n<meta name=\"twitter:card\" content=\"summary_large_image\" \/>\n<meta name=\"twitter:label1\" content=\"Gesch\u00e4tzte Lesezeit\" \/>\n\t<meta name=\"twitter:data1\" content=\"4\u00a0Minuten\" \/>\n<script type=\"application\/ld+json\" class=\"yoast-schema-graph\">{\"@context\":\"https:\\\/\\\/schema.org\",\"@graph\":[{\"@type\":\"WebPage\",\"@id\":\"https:\\\/\\\/thedreamworldbangkok.com\\\/tickets\\\/super-visa-ticket-with-buffet-lunch\\\/\",\"url\":\"https:\\\/\\\/thedreamworldbangkok.com\\\/tickets\\\/super-visa-ticket-with-buffet-lunch\\\/\",\"name\":\"Book Super Visa Ticket With Buffet Lunch - Dream World Bangkok\",\"isPartOf\":{\"@id\":\"https:\\\/\\\/thedreamworldbangkok.com\\\/#website\"},\"primaryImageOfPage\":{\"@id\":\"https:\\\/\\\/thedreamworldbangkok.com\\\/tickets\\\/super-visa-ticket-with-buffet-lunch\\\/#primaryimage\"},\"image\":{\"@id\":\"https:\\\/\\\/thedreamworldbangkok.com\\\/tickets\\\/super-visa-ticket-with-buffet-lunch\\\/#primaryimage\"},\"thumbnailUrl\":\"https:\\\/\\\/thedreamworldbangkok.com\\\/wp-content\\\/uploads\\\/2024\\\/09\\\/Dream-World-Thailand-Tickets.avif\",\"datePublished\":\"2024-10-17T04:57:56+00:00\",\"dateModified\":\"2026-04-10T09:18:38+00:00\",\"description\":\"Enjoy Unlimited Rides With Super Visa Ticket & Buffet Lunch At Dream World Bangkok. Book Now For Exclusive Deals On Family-Friendly Fun & Attractions.\",\"breadcrumb\":{\"@id\":\"https:\\\/\\\/thedreamworldbangkok.com\\\/tickets\\\/super-visa-ticket-with-buffet-lunch\\\/#breadcrumb\"},\"inLanguage\":\"de\",\"potentialAction\":[{\"@type\":\"ReadAction\",\"target\":[\"https:\\\/\\\/thedreamworldbangkok.com\\\/tickets\\\/super-visa-ticket-with-buffet-lunch\\\/\"]}]},{\"@type\":\"ImageObject\",\"inLanguage\":\"de\",\"@id\":\"https:\\\/\\\/thedreamworldbangkok.com\\\/tickets\\\/super-visa-ticket-with-buffet-lunch\\\/#primaryimage\",\"url\":\"https:\\\/\\\/thedreamworldbangkok.com\\\/wp-content\\\/uploads\\\/2024\\\/09\\\/Dream-World-Thailand-Tickets.avif\",\"contentUrl\":\"https:\\\/\\\/thedreamworldbangkok.com\\\/wp-content\\\/uploads\\\/2024\\\/09\\\/Dream-World-Thailand-Tickets.avif\",\"width\":1080,\"height\":720,\"caption\":\"Dream World Thailand Tickets\"},{\"@type\":\"BreadcrumbList\",\"@id\":\"https:\\\/\\\/thedreamworldbangkok.com\\\/tickets\\\/super-visa-ticket-with-buffet-lunch\\\/#breadcrumb\",\"itemListElement\":[{\"@type\":\"ListItem\",\"position\":1,\"name\":\"Home\",\"item\":\"https:\\\/\\\/thedreamworldbangkok.com\\\/\"},{\"@type\":\"ListItem\",\"position\":2,\"name\":\"Tickets\",\"item\":\"https:\\\/\\\/thedreamworldbangkok.com\\\/tickets\\\/\"},{\"@type\":\"ListItem\",\"position\":3,\"name\":\"Super Visa Ticket With Buffet Lunch\"}]},{\"@type\":\"WebSite\",\"@id\":\"https:\\\/\\\/thedreamworldbangkok.com\\\/#website\",\"url\":\"https:\\\/\\\/thedreamworldbangkok.com\\\/\",\"name\":\"Dream World Bangkok\",\"description\":\"\",\"publisher\":{\"@id\":\"https:\\\/\\\/thedreamworldbangkok.com\\\/#organization\"},\"potentialAction\":[{\"@type\":\"SearchAction\",\"target\":{\"@type\":\"EntryPoint\",\"urlTemplate\":\"https:\\\/\\\/thedreamworldbangkok.com\\\/?s={search_term_string}\"},\"query-input\":{\"@type\":\"PropertyValueSpecification\",\"valueRequired\":true,\"valueName\":\"search_term_string\"}}],\"inLanguage\":\"de\"},{\"@type\":\"Organization\",\"@id\":\"https:\\\/\\\/thedreamworldbangkok.com\\\/#organization\",\"name\":\"Dream World Bangkok\",\"url\":\"https:\\\/\\\/thedreamworldbangkok.com\\\/\",\"logo\":{\"@type\":\"ImageObject\",\"inLanguage\":\"de\",\"@id\":\"https:\\\/\\\/thedreamworldbangkok.com\\\/#\\\/schema\\\/logo\\\/image\\\/\",\"url\":\"https:\\\/\\\/thedreamworldbangkok.com\\\/wp-content\\\/uploads\\\/2024\\\/08\\\/Dream-World-Bangkok.png\",\"contentUrl\":\"https:\\\/\\\/thedreamworldbangkok.com\\\/wp-content\\\/uploads\\\/2024\\\/08\\\/Dream-World-Bangkok.png\",\"width\":245,\"height\":70,\"caption\":\"Dream World Bangkok\"},\"image\":{\"@id\":\"https:\\\/\\\/thedreamworldbangkok.com\\\/#\\\/schema\\\/logo\\\/image\\\/\"}}]}<\/script>\n<!-- \/ Yoast SEO plugin. -->","yoast_head_json":{"title":"Buchen Sie ein Super-Visa-Ticket mit Mittagsbuffet \u2013 Dream World Bangkok","description":"Genie\u00dfen Sie unbegrenzte Fahrten mit einem Super Visa-Ticket und ein Mittagsbuffet im Dream World Bangkok. Buchen Sie jetzt und sichern Sie sich exklusive Angebote f\u00fcr familienfreundlichen Spa\u00df und Attraktionen.","robots":{"index":"index","follow":"follow","max-snippet":"max-snippet:-1","max-image-preview":"max-image-preview:large","max-video-preview":"max-video-preview:-1"},"canonical":"https:\/\/thedreamworldbangkok.com\/de\/tickets\/super-visa-ticket-mit-mittagsbuffet\/","og_locale":"de_DE","og_type":"article","og_title":"Book Super Visa Ticket With Buffet Lunch - Dream World Bangkok","og_description":"Enjoy Unlimited Rides With Super Visa Ticket & Buffet Lunch At Dream World Bangkok. Book Now For Exclusive Deals On Family-Friendly Fun & Attractions.","og_url":"https:\/\/thedreamworldbangkok.com\/de\/tickets\/super-visa-ticket-mit-mittagsbuffet\/","og_site_name":"Dream World Bangkok","article_modified_time":"2026-04-10T09:18:38+00:00","twitter_card":"summary_large_image","twitter_misc":{"Gesch\u00e4tzte Lesezeit":"4\u00a0Minuten"},"schema":{"@context":"https:\/\/schema.org","@graph":[{"@type":"WebPage","@id":"https:\/\/thedreamworldbangkok.com\/tickets\/super-visa-ticket-with-buffet-lunch\/","url":"https:\/\/thedreamworldbangkok.com\/tickets\/super-visa-ticket-with-buffet-lunch\/","name":"Buchen Sie ein Super-Visa-Ticket mit Mittagsbuffet \u2013 Dream World Bangkok","isPartOf":{"@id":"https:\/\/thedreamworldbangkok.com\/#website"},"primaryImageOfPage":{"@id":"https:\/\/thedreamworldbangkok.com\/tickets\/super-visa-ticket-with-buffet-lunch\/#primaryimage"},"image":{"@id":"https:\/\/thedreamworldbangkok.com\/tickets\/super-visa-ticket-with-buffet-lunch\/#primaryimage"},"thumbnailUrl":"https:\/\/thedreamworldbangkok.com\/wp-content\/uploads\/2024\/09\/Dream-World-Thailand-Tickets.avif","datePublished":"2024-10-17T04:57:56+00:00","dateModified":"2026-04-10T09:18:38+00:00","description":"Genie\u00dfen Sie unbegrenzte Fahrten mit einem Super Visa-Ticket und ein Mittagsbuffet im Dream World Bangkok. Buchen Sie jetzt und sichern Sie sich exklusive Angebote f\u00fcr familienfreundlichen Spa\u00df und Attraktionen.","breadcrumb":{"@id":"https:\/\/thedreamworldbangkok.com\/tickets\/super-visa-ticket-with-buffet-lunch\/#breadcrumb"},"inLanguage":"de","potentialAction":[{"@type":"ReadAction","target":["https:\/\/thedreamworldbangkok.com\/tickets\/super-visa-ticket-with-buffet-lunch\/"]}]},{"@type":"ImageObject","inLanguage":"de","@id":"https:\/\/thedreamworldbangkok.com\/tickets\/super-visa-ticket-with-buffet-lunch\/#primaryimage","url":"https:\/\/thedreamworldbangkok.com\/wp-content\/uploads\/2024\/09\/Dream-World-Thailand-Tickets.avif","contentUrl":"https:\/\/thedreamworldbangkok.com\/wp-content\/uploads\/2024\/09\/Dream-World-Thailand-Tickets.avif","width":1080,"height":720,"caption":"Dream World Thailand Tickets"},{"@type":"BreadcrumbList","@id":"https:\/\/thedreamworldbangkok.com\/tickets\/super-visa-ticket-with-buffet-lunch\/#breadcrumb","itemListElement":[{"@type":"ListItem","position":1,"name":"Home","item":"https:\/\/thedreamworldbangkok.com\/"},{"@type":"ListItem","position":2,"name":"Tickets","item":"https:\/\/thedreamworldbangkok.com\/tickets\/"},{"@type":"ListItem","position":3,"name":"Super Visa Ticket With Buffet Lunch"}]},{"@type":"WebSite","@id":"https:\/\/thedreamworldbangkok.com\/#website","url":"https:\/\/thedreamworldbangkok.com\/","name":"Traumwelt Bangkok","description":"","publisher":{"@id":"https:\/\/thedreamworldbangkok.com\/#organization"},"potentialAction":[{"@type":"SearchAction","target":{"@type":"EntryPoint","urlTemplate":"https:\/\/thedreamworldbangkok.com\/?s={search_term_string}"},"query-input":{"@type":"PropertyValueSpecification","valueRequired":true,"valueName":"search_term_string"}}],"inLanguage":"de"},{"@type":"Organization","@id":"https:\/\/thedreamworldbangkok.com\/#organization","name":"Traumwelt Bangkok","url":"https:\/\/thedreamworldbangkok.com\/","logo":{"@type":"ImageObject","inLanguage":"de","@id":"https:\/\/thedreamworldbangkok.com\/#\/schema\/logo\/image\/","url":"https:\/\/thedreamworldbangkok.com\/wp-content\/uploads\/2024\/08\/Dream-World-Bangkok.png","contentUrl":"https:\/\/thedreamworldbangkok.com\/wp-content\/uploads\/2024\/08\/Dream-World-Bangkok.png","width":245,"height":70,"caption":"Dream World Bangkok"},"image":{"@id":"https:\/\/thedreamworldbangkok.com\/#\/schema\/logo\/image\/"}}]}},"jetpack_sharing_enabled":true,"_links":{"self":[{"href":"https:\/\/thedreamworldbangkok.com\/de\/wp-json\/wp\/v2\/product\/2635","targetHints":{"allow":["GET"]}}],"collection":[{"href":"https:\/\/thedreamworldbangkok.com\/de\/wp-json\/wp\/v2\/product"}],"about":[{"href":"https:\/\/thedreamworldbangkok.com\/de\/wp-json\/wp\/v2\/types\/product"}],"wp:featuredmedia":[{"embeddable":true,"href":"https:\/\/thedreamworldbangkok.com\/de\/wp-json\/wp\/v2\/media\/2631"}],"wp:attachment":[{"href":"https:\/\/thedreamworldbangkok.com\/de\/wp-json\/wp\/v2\/media?parent=2635"}],"wp:term":[{"taxonomy":"product_brand","embeddable":true,"href":"https:\/\/thedreamworldbangkok.com\/de\/wp-json\/wp\/v2\/product_brand?post=2635"},{"taxonomy":"product_cat","embeddable":true,"href":"https:\/\/thedreamworldbangkok.com\/de\/wp-json\/wp\/v2\/product_cat?post=2635"},{"taxonomy":"product_tag","embeddable":true,"href":"https:\/\/thedreamworldbangkok.com\/de\/wp-json\/wp\/v2\/product_tag?post=2635"}],"curies":[{"name":"wp","href":"https:\/\/api.w.org\/{rel}","templated":true}]}}