{"id":619,"date":"2024-09-04T16:25:37","date_gmt":"2024-09-04T10:55:37","guid":{"rendered":"https:\/\/thedreamworldbangkok.com\/?page_id=619"},"modified":"2024-10-17T06:58:11","modified_gmt":"2024-10-17T01:28:11","slug":"condiciones-de-uso","status":"publish","type":"page","link":"https:\/\/thedreamworldbangkok.com\/es\/condiciones-de-uso\/","title":{"rendered":"Condiciones de uso"},"content":{"rendered":"<div data-elementor-type=\"wp-page\" data-elementor-id=\"619\" class=\"elementor elementor-619\" data-elementor-post-type=\"page\">\n\t\t\t\t\t\t<section data-particle_enable=\"false\" data-particle-mobile-disabled=\"false\" class=\"elementor-section elementor-top-section elementor-element elementor-element-3a299ee elementor-section-boxed elementor-section-height-default elementor-section-height-default\" data-id=\"3a299ee\" data-element_type=\"section\" data-e-type=\"section\">\n\t\t\t\t\t\t<div class=\"elementor-container elementor-column-gap-default\">\n\t\t\t\t\t<div class=\"elementor-column elementor-col-100 elementor-top-column elementor-element elementor-element-f1119a4\" data-id=\"f1119a4\" data-element_type=\"column\" data-e-type=\"column\">\n\t\t\t<div class=\"elementor-widget-wrap elementor-element-populated\">\n\t\t\t\t\t\t<div class=\"elementor-element elementor-element-2ec04fa elementor-widget elementor-widget-text-editor\" data-id=\"2ec04fa\" data-element_type=\"widget\" data-e-type=\"widget\" data-widget_type=\"text-editor.default\">\n\t\t\t\t<div class=\"elementor-widget-container\">\n\t\t\t\t\t\t\t\t\t<h2 style=\"text-align: center;\"><span style=\"color: #000000;\">Condiciones de uso<\/span><\/h2><p><span style=\"color: #000000;\">Bienvenido a <strong>Mundo de ensue\u00f1o en Bangkok<\/strong>, operado por <strong>Vacaciones en Triplyn<\/strong>Al acceder y utilizar nuestro sitio web, <a style=\"color: #000000;\" href=\"https:\/\/thedreamworldbangkok.com\/es\/\" target=\"_new\" rel=\"noopener\">https:\/\/thedreamworldbangkok.com<\/a>, usted acepta cumplir y estar sujeto a los siguientes t\u00e9rminos y condiciones. Lea estos t\u00e9rminos detenidamente antes de utilizar nuestro sitio web.<\/span><\/p><hr \/><h3><span style=\"color: #000000;\">1. Condiciones generales<\/span><\/h3><p><span style=\"color: #000000;\">Todos los servicios, contenidos y productos proporcionados en este sitio web son ofrecidos por <strong>Vacaciones en Triplyn<\/strong>Al utilizar este sitio web, usted acepta cumplir con todos los t\u00e9rminos, condiciones y pol\u00edticas que se describen aqu\u00ed. Si no est\u00e1 de acuerdo con alguno de estos t\u00e9rminos, deje de utilizar el sitio.<\/span><\/p><hr \/><h3><span style=\"color: #000000;\">2. Propiedad intelectual<\/span><\/h3><p><span style=\"color: #000000;\">Todo el contenido de este sitio web, incluidos textos, im\u00e1genes, logotipos y otros materiales, es propiedad intelectual de <strong>Vacaciones en Triplyn<\/strong>Este contenido est\u00e1 protegido por derechos de autor, marcas comerciales y otras leyes de propiedad intelectual. No puede reproducir, modificar ni distribuir ning\u00fan contenido sin el permiso expl\u00edcito de <strong>Vacaciones en Triplyn<\/strong>.<\/span><\/p><hr \/><h3><span style=\"color: #000000;\">3. Uso del sitio web<\/span><\/h3><p><span style=\"color: #000000;\">Mediante el uso de la <strong>Mundo de ensue\u00f1o en Bangkok<\/strong> sitio web, usted acepta que:<\/span><\/p><ul><li><span style=\"color: #000000;\">No utilizar\u00e1 el sitio web para ning\u00fan prop\u00f3sito ilegal.<\/span><\/li><li><span style=\"color: #000000;\">No interferir\u00e1 con la funcionalidad del sitio web.<\/span><\/li><li><span style=\"color: #000000;\">No intentar\u00e1 acceder a \u00e1reas restringidas del sitio web.<\/span><\/li><li><span style=\"color: #000000;\">No distribuir\u00e1s virus ni software da\u00f1ino.<\/span><\/li><\/ul><hr \/><h3><span style=\"color: #000000;\">4. Cuentas de usuario<\/span><\/h3><p><span style=\"color: #000000;\">Para reservar entradas o utilizar determinadas funciones de nuestro sitio web, es posible que deba crear una cuenta. Usted es responsable de mantener segura la informaci\u00f3n de su cuenta y acepta la responsabilidad por todas las actividades que se realicen en su cuenta.<\/span><\/p><p><span style=\"color: #000000;\">Si sospecha que se ha producido un acceso no autorizado a su cuenta, p\u00f3ngase en contacto con nosotros en <strong><a style=\"color: #000000;\" href=\"mailto:contact@thedreamworldbangkok.com\" rel=\"noopener\">contact@thedreamworldbangkok.com<\/a><\/strong>.<\/span><\/p><hr \/><h3><span style=\"color: #000000;\">5. Condiciones de reserva<\/span><\/h3><p><span style=\"color: #000000;\">Al reservar entradas a trav\u00e9s de nuestro sitio web, usted acepta lo siguiente:<\/span><\/p><ul><li><span style=\"color: #000000;\">Todas las reservas est\u00e1n sujetas a disponibilidad y confirmaci\u00f3n.<\/span><\/li><li><span style=\"color: #000000;\">Los precios est\u00e1n sujetos a cambios sin previo aviso.<\/span><\/li><li><span style=\"color: #000000;\">Debe proporcionar informaci\u00f3n precisa para las reservas, incluidos los detalles de pago.<\/span><\/li><li><span style=\"color: #000000;\">Nos reservamos el derecho de modificar o cancelar reservas debido a circunstancias imprevistas.<\/span><\/li><\/ul><hr \/><h3><span style=\"color: #000000;\">6. Pago<\/span><\/h3><p><span style=\"color: #000000;\">Los pagos de reservas de entradas deben realizarse a trav\u00e9s de pasarelas de pago seguras que se ofrecen en nuestro sitio web. Al completar el pago, confirma que sus datos de pago son correctos y que est\u00e1 autorizado a utilizar el m\u00e9todo de pago elegido. Priorizamos la seguridad de sus pagos mediante el uso de encriptaci\u00f3n y tecnolog\u00eda segura.<\/span><\/p><hr \/><h3><span style=\"color: #000000;\">7. Reembolsos y cancelaciones<\/span><\/h3><p><span style=\"color: #000000;\">Nuestras pol\u00edticas de reembolso y cancelaci\u00f3n son las siguientes:<\/span><\/p><ul><li><span style=\"color: #000000;\"><strong>Cancelaciones<\/strong>:Puede cancelar reservas contact\u00e1ndonos a <strong><a style=\"color: #000000;\" href=\"mailto:contact@thedreamworldbangkok.com\" rel=\"noopener\">contact@thedreamworldbangkok.com<\/a><\/strong>Las cancelaciones est\u00e1n sujetas a t\u00e9rminos espec\u00edficos.<\/span><\/li><li><span style=\"color: #000000;\"><strong>Reembolsos<\/strong>:Los reembolsos solo se emiten por cancelaciones que cumplen con las condiciones de nuestra pol\u00edtica de reembolso y se procesan a trav\u00e9s del m\u00e9todo de pago original.<\/span><\/li><\/ul><p><span style=\"color: #000000;\">Consulte nuestro <a href=\"https:\/\/thedreamworldbangkok.com\/es\/politica-de-reembolso-por-cancelacion\/\"><strong>Pol\u00edtica de reembolso<\/strong><\/a> Para m\u00e1s detalles.<\/span><\/p><hr \/><h3><span style=\"color: #000000;\">8. Limitaci\u00f3n de responsabilidad<\/span><\/h3><p><span style=\"color: #000000;\"><strong>Vacaciones en Triplyn<\/strong> no es responsable de:<\/span><\/p><ul><li><span style=\"color: #000000;\">Inexactitudes en el contenido o la informaci\u00f3n proporcionada en el sitio web.<\/span><\/li><li><span style=\"color: #000000;\">Retrasos o fallos de los servicios debido a circunstancias fuera de nuestro control, como fallos t\u00e9cnicos o acciones de terceros.<\/span><\/li><li><span style=\"color: #000000;\">P\u00e9rdida de datos, beneficios o reputaci\u00f3n resultante del uso de nuestro sitio web.<\/span><\/li><\/ul><p><span style=\"color: #000000;\">Usted utiliza el sitio web bajo su propio riesgo.<\/span><\/p><hr \/><h3><span style=\"color: #000000;\">9. Enlaces de terceros<\/span><\/h3><p><span style=\"color: #000000;\">Nuestro sitio web puede incluir enlaces a sitios web de terceros. Estos enlaces se proporcionan para su conveniencia y <strong>Vacaciones en Triplyn<\/strong> no respalda ni asume responsabilidad por el contenido o las pol\u00edticas de privacidad de estos sitios externos.<\/span><\/p><hr \/><h3><span style=\"color: #000000;\">10. Pol\u00edtica de privacidad<\/span><\/h3><p><span style=\"color: #000000;\">Al utilizar nuestro sitio web, usted acepta la recopilaci\u00f3n y el uso de sus datos personales como se describe en nuestra <a href=\"https:\/\/thedreamworldbangkok.com\/es\/politica-de-privacidad\/\"><strong>pol\u00edtica de privacidad<\/strong><\/a>Por favor, rev\u00edselo para comprender c\u00f3mo se gestionan sus datos.<\/span><\/p><hr \/><h3><span style=\"color: #000000;\">11. Cambios en los T\u00e9rminos de Uso<\/span><\/h3><p><span style=\"color: #000000;\">Nos reservamos el derecho de modificar o actualizar estos t\u00e9rminos sin previo aviso. Las actualizaciones se publicar\u00e1n en esta p\u00e1gina y es su responsabilidad revisar estos t\u00e9rminos peri\u00f3dicamente. El uso continuo del sitio web despu\u00e9s de que se hayan realizado los cambios significa que acepta los nuevos t\u00e9rminos.<\/span><\/p><hr \/><h3><span style=\"color: #000000;\">12. Ley aplicable<\/span><\/h3><p><span style=\"color: #000000;\">Estos t\u00e9rminos se rigen por las leyes de <strong>India<\/strong>Cualquier disputa que surja de estos t\u00e9rminos o de su uso del sitio web estar\u00e1 sujeta a la jurisdicci\u00f3n de los tribunales de <strong>Nueva Delhi, India<\/strong>.<\/span><\/p><hr \/><h3><span style=\"color: #000000;\">13. Cont\u00e1ctenos<\/span><\/h3><p><span style=\"color: #000000;\">Si tiene alguna pregunta sobre estos t\u00e9rminos, comun\u00edquese con nosotros:<\/span><\/p><p><span style=\"color: #000000;\"><strong>nombre de empresa<\/strong>:Vacaciones en Triplyn<\/span><br \/><span style=\"color: #000000;\"><strong>DIRECCI\u00d3N<\/strong>: A-54, zona industrial de Keshopur, Vikaspuri, Nueva Delhi 110018, India<\/span><br \/><span style=\"color: #000000;\"><strong>Correo electr\u00f3nico<\/strong>: <a style=\"color: #000000;\" href=\"mailto:contact@thedreamworldbangkok.com\" rel=\"noopener\">contact@thedreamworldbangkok.com<\/a><\/span><\/p><hr \/><h3><span style=\"color: #000000;\">14. Terminaci\u00f3n del acceso<\/span><\/h3><p><span style=\"color: #000000;\">Nos reservamos el derecho de cancelar o suspender su acceso al sitio web sin previo aviso por cualquier motivo, incluido el incumplimiento de estos t\u00e9rminos. En tales casos, su derecho a utilizar el sitio web y sus servicios se revocar\u00e1 de inmediato.<\/span><\/p><hr \/><h3><span style=\"color: #000000;\">15. Indemnizaci\u00f3n<\/span><\/h3><p><span style=\"color: #000000;\">Usted acepta indemnizar <strong>Vacaciones en Triplyn<\/strong> y su equipo contra cualquier reclamo, da\u00f1o o responsabilidad que surja de su uso del sitio web o de la violaci\u00f3n de estos t\u00e9rminos.<\/span><\/p><hr \/><h3><span style=\"color: #000000;\">16. Acuerdo completo<\/span><\/h3><p><span style=\"color: #000000;\">Estos <strong>Condiciones de uso<\/strong>, junto con cualquier aviso legal en el sitio web, constituyen el acuerdo completo entre usted y <strong>Vacaciones en Triplyn<\/strong>Este acuerdo reemplaza cualquier acuerdo previo relacionado con el tema.<\/span><\/p><hr \/><h3><span style=\"color: #000000;\">17. Divisibilidad<\/span><\/h3><p><span style=\"color: #000000;\">Si alguna parte de estos t\u00e9rminos se considera inv\u00e1lida o inaplicable, los t\u00e9rminos restantes seguir\u00e1n vigentes.<\/span><\/p><hr \/><h3><span style=\"color: #000000;\">18. Renuncia<\/span><\/h3><p><span style=\"color: #000000;\">Fracaso por <strong>Vacaciones en Triplyn<\/strong> El hecho de hacer cumplir cualquier disposici\u00f3n de estos t\u00e9rminos no constituir\u00e1 una renuncia a dicha disposici\u00f3n ni a cualquier incumplimiento futuro.<\/span><\/p><hr \/><h3><span style=\"color: #000000;\">19. Fuerza mayor<\/span><\/h3><p><span style=\"color: #000000;\"><strong>Vacaciones en Triplyn<\/strong> no es responsable por fallas o demoras en el desempe\u00f1o debido a eventos fuera de nuestro control, incluidos desastres naturales, huelgas u otros eventos imprevisibles.<\/span><\/p>\t\t\t\t\t\t\t\t<\/div>\n\t\t\t\t<\/div>\n\t\t\t\t\t<\/div>\n\t\t<\/div>\n\t\t\t\t\t<\/div>\n\t\t<\/section>\n\t\t\t\t<\/div>","protected":false},"excerpt":{"rendered":"<p>Terms of Usage Welcome to Dream World Bangkok, operated by Triplyn Holidays. By accessing and using our website, https:\/\/thedreamworldbangkok.com, you agree to comply with and be bound by the following terms and conditions. Please read these terms carefully before using our website. 1. General Terms All services, content, and products provided on this website are [&hellip;]<\/p>\n","protected":false},"author":1,"featured_media":0,"parent":0,"menu_order":0,"comment_status":"closed","ping_status":"closed","template":"","meta":{"ocean_post_layout":"","ocean_both_sidebars_style":"","ocean_both_sidebars_content_width":0,"ocean_both_sidebars_sidebars_width":0,"ocean_sidebar":"","ocean_second_sidebar":"","ocean_disable_margins":"enable","ocean_add_body_class":"","ocean_shortcode_before_top_bar":"","ocean_shortcode_after_top_bar":"","ocean_shortcode_before_header":"","ocean_shortcode_after_header":"","ocean_has_shortcode":"","ocean_shortcode_after_title":"","ocean_shortcode_before_footer_widgets":"","ocean_shortcode_after_footer_widgets":"","ocean_shortcode_before_footer_bottom":"","ocean_shortcode_after_footer_bottom":"","ocean_display_top_bar":"default","ocean_display_header":"default","ocean_header_style":"","ocean_center_header_left_menu":"","ocean_custom_header_template":"","ocean_custom_logo":0,"ocean_custom_retina_logo":0,"ocean_custom_logo_max_width":0,"ocean_custom_logo_tablet_max_width":0,"ocean_custom_logo_mobile_max_width":0,"ocean_custom_logo_max_height":0,"ocean_custom_logo_tablet_max_height":0,"ocean_custom_logo_mobile_max_height":0,"ocean_header_custom_menu":"","ocean_menu_typo_font_family":"","ocean_menu_typo_font_subset":"","ocean_menu_typo_font_size":0,"ocean_menu_typo_font_size_tablet":0,"ocean_menu_typo_font_size_mobile":0,"ocean_menu_typo_font_size_unit":"px","ocean_menu_typo_font_weight":"","ocean_menu_typo_font_weight_tablet":"","ocean_menu_typo_font_weight_mobile":"","ocean_menu_typo_transform":"","ocean_menu_typo_transform_tablet":"","ocean_menu_typo_transform_mobile":"","ocean_menu_typo_line_height":0,"ocean_menu_typo_line_height_tablet":0,"ocean_menu_typo_line_height_mobile":0,"ocean_menu_typo_line_height_unit":"","ocean_menu_typo_spacing":0,"ocean_menu_typo_spacing_tablet":0,"ocean_menu_typo_spacing_mobile":0,"ocean_menu_typo_spacing_unit":"","ocean_menu_link_color":"","ocean_menu_link_color_hover":"","ocean_menu_link_color_active":"","ocean_menu_link_background":"","ocean_menu_link_hover_background":"","ocean_menu_link_active_background":"","ocean_menu_social_links_bg":"","ocean_menu_social_hover_links_bg":"","ocean_menu_social_links_color":"","ocean_menu_social_hover_links_color":"","ocean_disable_title":"default","ocean_disable_heading":"default","ocean_post_title":"","ocean_post_subheading":"","ocean_post_title_style":"","ocean_post_title_background_color":"","ocean_post_title_background":0,"ocean_post_title_bg_image_position":"","ocean_post_title_bg_image_attachment":"","ocean_post_title_bg_image_repeat":"","ocean_post_title_bg_image_size":"","ocean_post_title_height":0,"ocean_post_title_bg_overlay":0.5,"ocean_post_title_bg_overlay_color":"","ocean_disable_breadcrumbs":"default","ocean_breadcrumbs_color":"","ocean_breadcrumbs_separator_color":"","ocean_breadcrumbs_links_color":"","ocean_breadcrumbs_links_hover_color":"","ocean_display_footer_widgets":"default","ocean_display_footer_bottom":"default","ocean_custom_footer_template":"","footnotes":""},"class_list":["post-619","page","type-page","status-publish","hentry","entry","owp-thumbs-layout-horizontal","owp-btn-normal","owp-tabs-layout-horizontal","has-no-thumbnails","has-product-nav"],"yoast_head":"<!-- This site is optimized with the Yoast SEO plugin v27.3 - https:\/\/yoast.com\/product\/yoast-seo-wordpress\/ -->\n<title>Terms Of Usage \u2013 Dream World Bangkok | Clear &amp; Fair Policies<\/title>\n<meta name=\"description\" content=\"Understand Our Terms Of Usage At Dream World Bangkok. Clear Guidelines Ensure Fair Use, Safe Transactions, And A Secure Experience.\" \/>\n<meta name=\"robots\" content=\"noindex, follow\" \/>\n<meta property=\"og:locale\" content=\"es_ES\" \/>\n<meta property=\"og:type\" content=\"article\" \/>\n<meta property=\"og:title\" content=\"Terms Of Usage \u2013 Dream World Bangkok | Clear &amp; Fair Policies\" \/>\n<meta property=\"og:description\" content=\"Understand Our Terms Of Usage At Dream World Bangkok. Clear Guidelines Ensure Fair Use, Safe Transactions, And A Secure Experience.\" \/>\n<meta property=\"og:url\" content=\"https:\/\/thedreamworldbangkok.com\/es\/condiciones-de-uso\/\" \/>\n<meta property=\"og:site_name\" content=\"Dream World Bangkok\" \/>\n<meta property=\"article:modified_time\" content=\"2024-10-17T01:28:11+00:00\" \/>\n<meta name=\"twitter:card\" content=\"summary_large_image\" \/>\n<meta name=\"twitter:label1\" content=\"Tiempo de lectura\" \/>\n\t<meta name=\"twitter:data1\" content=\"4 minutos\" \/>\n<script type=\"application\/ld+json\" class=\"yoast-schema-graph\">{\"@context\":\"https:\\\/\\\/schema.org\",\"@graph\":[{\"@type\":\"WebPage\",\"@id\":\"https:\\\/\\\/thedreamworldbangkok.com\\\/terms-of-usage\\\/\",\"url\":\"https:\\\/\\\/thedreamworldbangkok.com\\\/terms-of-usage\\\/\",\"name\":\"Terms Of Usage \u2013 Dream World Bangkok | Clear & Fair Policies\",\"isPartOf\":{\"@id\":\"https:\\\/\\\/thedreamworldbangkok.com\\\/#website\"},\"datePublished\":\"2024-09-04T10:55:37+00:00\",\"dateModified\":\"2024-10-17T01:28:11+00:00\",\"description\":\"Understand Our Terms Of Usage At Dream World Bangkok. Clear Guidelines Ensure Fair Use, Safe Transactions, And A Secure Experience.\",\"breadcrumb\":{\"@id\":\"https:\\\/\\\/thedreamworldbangkok.com\\\/terms-of-usage\\\/#breadcrumb\"},\"inLanguage\":\"es\",\"potentialAction\":[{\"@type\":\"ReadAction\",\"target\":[\"https:\\\/\\\/thedreamworldbangkok.com\\\/terms-of-usage\\\/\"]}]},{\"@type\":\"BreadcrumbList\",\"@id\":\"https:\\\/\\\/thedreamworldbangkok.com\\\/terms-of-usage\\\/#breadcrumb\",\"itemListElement\":[{\"@type\":\"ListItem\",\"position\":1,\"name\":\"Home\",\"item\":\"https:\\\/\\\/thedreamworldbangkok.com\\\/\"},{\"@type\":\"ListItem\",\"position\":2,\"name\":\"Terms Of Usage\"}]},{\"@type\":\"WebSite\",\"@id\":\"https:\\\/\\\/thedreamworldbangkok.com\\\/#website\",\"url\":\"https:\\\/\\\/thedreamworldbangkok.com\\\/\",\"name\":\"Dream World Bangkok\",\"description\":\"\",\"publisher\":{\"@id\":\"https:\\\/\\\/thedreamworldbangkok.com\\\/#organization\"},\"potentialAction\":[{\"@type\":\"SearchAction\",\"target\":{\"@type\":\"EntryPoint\",\"urlTemplate\":\"https:\\\/\\\/thedreamworldbangkok.com\\\/?s={search_term_string}\"},\"query-input\":{\"@type\":\"PropertyValueSpecification\",\"valueRequired\":true,\"valueName\":\"search_term_string\"}}],\"inLanguage\":\"es\"},{\"@type\":\"Organization\",\"@id\":\"https:\\\/\\\/thedreamworldbangkok.com\\\/#organization\",\"name\":\"Dream World Bangkok\",\"url\":\"https:\\\/\\\/thedreamworldbangkok.com\\\/\",\"logo\":{\"@type\":\"ImageObject\",\"inLanguage\":\"es\",\"@id\":\"https:\\\/\\\/thedreamworldbangkok.com\\\/#\\\/schema\\\/logo\\\/image\\\/\",\"url\":\"https:\\\/\\\/thedreamworldbangkok.com\\\/wp-content\\\/uploads\\\/2024\\\/08\\\/Dream-World-Bangkok.png\",\"contentUrl\":\"https:\\\/\\\/thedreamworldbangkok.com\\\/wp-content\\\/uploads\\\/2024\\\/08\\\/Dream-World-Bangkok.png\",\"width\":245,\"height\":70,\"caption\":\"Dream World Bangkok\"},\"image\":{\"@id\":\"https:\\\/\\\/thedreamworldbangkok.com\\\/#\\\/schema\\\/logo\\\/image\\\/\"}}]}<\/script>\n<!-- \/ Yoast SEO plugin. -->","yoast_head_json":{"title":"Condiciones de uso \u2013 Dream World Bangkok | Pol\u00edticas claras y justas","description":"Comprenda nuestros T\u00e9rminos de uso en Dream World Bangkok. Las pautas claras garantizan un uso justo, transacciones seguras y una experiencia protegida.","robots":{"index":"noindex","follow":"follow"},"og_locale":"es_ES","og_type":"article","og_title":"Terms Of Usage \u2013 Dream World Bangkok | Clear & Fair Policies","og_description":"Understand Our Terms Of Usage At Dream World Bangkok. Clear Guidelines Ensure Fair Use, Safe Transactions, And A Secure Experience.","og_url":"https:\/\/thedreamworldbangkok.com\/es\/condiciones-de-uso\/","og_site_name":"Dream World Bangkok","article_modified_time":"2024-10-17T01:28:11+00:00","twitter_card":"summary_large_image","twitter_misc":{"Tiempo de lectura":"4 minutos"},"schema":{"@context":"https:\/\/schema.org","@graph":[{"@type":"WebPage","@id":"https:\/\/thedreamworldbangkok.com\/terms-of-usage\/","url":"https:\/\/thedreamworldbangkok.com\/terms-of-usage\/","name":"Condiciones de uso \u2013 Dream World Bangkok | Pol\u00edticas claras y justas","isPartOf":{"@id":"https:\/\/thedreamworldbangkok.com\/#website"},"datePublished":"2024-09-04T10:55:37+00:00","dateModified":"2024-10-17T01:28:11+00:00","description":"Comprenda nuestros T\u00e9rminos de uso en Dream World Bangkok. Las pautas claras garantizan un uso justo, transacciones seguras y una experiencia protegida.","breadcrumb":{"@id":"https:\/\/thedreamworldbangkok.com\/terms-of-usage\/#breadcrumb"},"inLanguage":"es","potentialAction":[{"@type":"ReadAction","target":["https:\/\/thedreamworldbangkok.com\/terms-of-usage\/"]}]},{"@type":"BreadcrumbList","@id":"https:\/\/thedreamworldbangkok.com\/terms-of-usage\/#breadcrumb","itemListElement":[{"@type":"ListItem","position":1,"name":"Home","item":"https:\/\/thedreamworldbangkok.com\/"},{"@type":"ListItem","position":2,"name":"Terms Of Usage"}]},{"@type":"WebSite","@id":"https:\/\/thedreamworldbangkok.com\/#website","url":"https:\/\/thedreamworldbangkok.com\/","name":"Mundo de ensue\u00f1o en Bangkok","description":"","publisher":{"@id":"https:\/\/thedreamworldbangkok.com\/#organization"},"potentialAction":[{"@type":"SearchAction","target":{"@type":"EntryPoint","urlTemplate":"https:\/\/thedreamworldbangkok.com\/?s={search_term_string}"},"query-input":{"@type":"PropertyValueSpecification","valueRequired":true,"valueName":"search_term_string"}}],"inLanguage":"es"},{"@type":"Organization","@id":"https:\/\/thedreamworldbangkok.com\/#organization","name":"Mundo de ensue\u00f1o en Bangkok","url":"https:\/\/thedreamworldbangkok.com\/","logo":{"@type":"ImageObject","inLanguage":"es","@id":"https:\/\/thedreamworldbangkok.com\/#\/schema\/logo\/image\/","url":"https:\/\/thedreamworldbangkok.com\/wp-content\/uploads\/2024\/08\/Dream-World-Bangkok.png","contentUrl":"https:\/\/thedreamworldbangkok.com\/wp-content\/uploads\/2024\/08\/Dream-World-Bangkok.png","width":245,"height":70,"caption":"Dream World Bangkok"},"image":{"@id":"https:\/\/thedreamworldbangkok.com\/#\/schema\/logo\/image\/"}}]}},"jetpack_sharing_enabled":true,"_links":{"self":[{"href":"https:\/\/thedreamworldbangkok.com\/es\/wp-json\/wp\/v2\/pages\/619","targetHints":{"allow":["GET"]}}],"collection":[{"href":"https:\/\/thedreamworldbangkok.com\/es\/wp-json\/wp\/v2\/pages"}],"about":[{"href":"https:\/\/thedreamworldbangkok.com\/es\/wp-json\/wp\/v2\/types\/page"}],"author":[{"embeddable":true,"href":"https:\/\/thedreamworldbangkok.com\/es\/wp-json\/wp\/v2\/users\/1"}],"replies":[{"embeddable":true,"href":"https:\/\/thedreamworldbangkok.com\/es\/wp-json\/wp\/v2\/comments?post=619"}],"version-history":[{"count":0,"href":"https:\/\/thedreamworldbangkok.com\/es\/wp-json\/wp\/v2\/pages\/619\/revisions"}],"wp:attachment":[{"href":"https:\/\/thedreamworldbangkok.com\/es\/wp-json\/wp\/v2\/media?parent=619"}],"curies":[{"name":"wp","href":"https:\/\/api.w.org\/{rel}","templated":true}]}}