{"id":2635,"date":"2024-10-17T10:27:56","date_gmt":"2024-10-17T04:57:56","guid":{"rendered":"https:\/\/thedreamworldbangkok.com\/?post_type=product&#038;p=2635"},"modified":"2026-04-10T14:48:38","modified_gmt":"2026-04-10T09:18:38","slug":"billete-de-super-visa-con-almuerzo-buffet","status":"publish","type":"product","link":"https:\/\/thedreamworldbangkok.com\/es\/entradas\/billete-de-super-visa-con-almuerzo-buffet\/","title":{"rendered":"Billete Super Visa con almuerzo buffet"},"content":{"rendered":"<div class=\"ticket-page\">\n<h2>Billete Super Visa con almuerzo tipo buf\u00e9: Dream World Bangkok<\/h2>\n<h3>Acerca de Dream World Bangkok<\/h3>\n<p>Dream World Bangkok es un parque de atracciones de primer nivel que ofrece experiencias llenas de diversi\u00f3n para todas las edades. Con el boleto Super Visa, obtendr\u00e1 acceso ilimitado a emocionantes juegos, atracciones encantadoras y espect\u00e1culos m\u00e1gicos, lo que garantiza un d\u00eda inolvidable de emoci\u00f3n y aventura. El paquete tambi\u00e9n incluye un almuerzo buf\u00e9 con una amplia variedad de cocina internacional e india. Los traslados al hotel est\u00e1n disponibles como complementos opcionales para que su visita sea sin complicaciones.<\/p>\n<h3>Horario de atenci\u00f3n<\/h3>\n<p>Dream World Bangkok funciona todos los d\u00edas de 10:00 a 17:00 horas. Los fines de semana y d\u00edas festivos, el parque ampl\u00eda su horario hasta las 19:00 horas para dar cabida a m\u00e1s visitantes.<\/p>\n<h3>Hora de comer<\/h3>\n<p>Todos los d\u00edas se sirve un almuerzo buffet de 11:30 a 14:00 horas y ofrece una variedad de deliciosos platos para reponer fuerzas durante su d\u00eda de diversi\u00f3n.<\/p>\n<h3>Pol\u00edtica infantil<\/h3>\n<ul>\n<li><strong>Ni\u00f1os menores de 90 cm<\/strong>:Gratis.<\/li>\n<li><strong>Children above 90 cm<\/strong>:Se aplican precios de entradas para adultos.<\/li>\n<\/ul>\n<h3>Paseos y espect\u00e1culos incluidos<\/h3>\n<p>Con el Super Visa Ticket, obtendr\u00e1s acceso ilimitado a lo siguiente:<\/p>\n<ul>\n<li>Ciudad de la nieve (con trineos y esqu\u00ed a -8 \u00b0C)<\/li>\n<li>Carreras de karts<\/li>\n<li>Atracciones emocionantes como Tornado, Sky Coaster, Grand Canyon, Super Splash y m\u00e1s<\/li>\n<li>Espect\u00e1culos como Hollywood Action Show, The Colors of The World Parade y espect\u00e1culos de animales.<\/li>\n<\/ul>\n<h3>Reflejos<\/h3>\n<ul>\n<li>Viajes ilimitados a todas las atracciones.<\/li>\n<li>Acceso a Snow Town y Go-Kart<\/li>\n<li>Almuerzo buffet internacional e indio incluido.<\/li>\n<li>Traslados opcionales al hotel disponibles.<\/li>\n<li>Espect\u00e1culos diarios de entretenimiento para todas las edades.<\/li>\n<\/ul>\n<h3>Inclusiones<\/h3>\n<ul>\n<li>Entrada al Dream World Bangkok<\/li>\n<li>Viajes ilimitados a todas las atracciones.<\/li>\n<li>Almuerzo buffet (cocina internacional e india)<\/li>\n<li>Acceso a Snow Town y Go-Kart<\/li>\n<li>Traslados de ida y vuelta al hotel opcionales, compartidos o privados.<\/li>\n<\/ul>\n<h3>Exclusiones<\/h3>\n<ul>\n<li>Juegos de carnaval<\/li>\n<li>Comida y bebidas fuera del buffet<\/li>\n<li>Gastos personales como souvenirs y fotograf\u00edas.<\/li>\n<\/ul>\n<h3>Pol\u00edtica de reembolso y cancelaci\u00f3n<\/h3>\n<p>Las cancelaciones realizadas 24 horas antes de la fecha del servicio ser\u00e1n elegibles para un reembolso completo. No se emitir\u00e1n reembolsos por cancelaciones realizadas despu\u00e9s de este per\u00edodo. Para obtener m\u00e1s informaci\u00f3n, consulte nuestra <strong><a href=\"https:\/\/thedreamworldbangkok.com\/es\/politica-de-reembolso-por-cancelacion\/\" target=\"_blank\" rel=\"noopener\">Pol\u00edtica de cancelaci\u00f3n y reembolso<\/a><\/strong>.<\/p>\n<h3>\u00bfQu\u00e9 hay m\u00e1s?<\/h3>\n<p>Dream World Bangkok ofrece una variedad de opciones gastron\u00f3micas, tiendas de recuerdos y \u00e1reas tem\u00e1ticas como Fantasy World, Small World y Family World. Explore \u00e1reas tem\u00e1ticas m\u00e1gicas, disfrute de emocionantes atracciones y disfrute de un d\u00eda lleno de acci\u00f3n con familiares y amigos.<\/p>\n<h3>Consejos de expertos<\/h3>\n<ul>\n<li>Llegue temprano para aprovechar al m\u00e1ximo su d\u00eda.<\/li>\n<li>Lleve protector solar y sombreros para paseos al aire libre.<\/li>\n<li>Use ropa c\u00f3moda y de secado r\u00e1pido si planea disfrutar de paseos acu\u00e1ticos.<\/li>\n<\/ul>\n<h3>Qu\u00e9 hacer y qu\u00e9 no hacer<\/h3>\n<ul>\n<li>Siga las reglas del parque y las instrucciones de seguridad.<\/li>\n<li>Use ropa adecuada para las atracciones.<\/li>\n<li>No traigas alimentos ni bebidas del exterior al parque.<\/li>\n<li>No adopte conductas inseguras durante las atracciones.<\/li>\n<\/ul>\n<h3>Lo que debes saber antes de ir<\/h3>\n<ul>\n<li>El boleto Super Visa incluye acceso ilimitado a las atracciones y juegos, adem\u00e1s de un almuerzo tipo buf\u00e9. Los traslados al hotel est\u00e1n disponibles de forma opcional.<\/li>\n<li>Aseg\u00farese de reservar con al menos 1 d\u00eda de anticipaci\u00f3n, antes de las 8 AM del d\u00eda del servicio, para garantizar su reserva.<\/li>\n<\/ul>\n<h3>Mapas y ubicaci\u00f3n<\/h3>\n<ul>\n<li>Direcci\u00f3n: Dream World Bangkok, 62 Moo 1 Rangsit-Ongkarak Road (Km. 7), Bueng Yitho, Thanyaburi, Pathum Thani 12130, Tailandia<\/li>\n<li><a href=\"https:\/\/maps.app.goo.gl\/sbf7XmzJxr5HM5oN8\" target=\"_new\" rel=\"noopener\">Ver ubicaci\u00f3n en Google Maps<\/a><\/li>\n<\/ul>\n<h3>\u00bfC\u00f3mo llegar a Dream World Bangkok?<\/h3>\n<ul>\n<li><strong>En autob\u00fas:<\/strong> Los autobuses n\u00fameros 59, 188, 212, 340 y 538 te llevar\u00e1n a Dream World.<\/li>\n<li><strong>En tren:<\/strong> Tome el BTS hasta Mo Chit y transfiera al autob\u00fas n\u00famero 538.<\/li>\n<li><strong>En taxi:<\/strong> Hay taxis disponibles en todo Bangkok para un viaje directo a Dream World.<\/li>\n<\/ul>\n<h3>Preguntas frecuentes (FAQ)<\/h3>\n<ol>\n<li><strong>\u00bfQu\u00e9 incluye el Boleto Super Visa?<\/strong><br \/>\nEl boleto Super Visa incluye acceso ilimitado a todos los paseos, atracciones, Snow Town, Go-Kart y un almuerzo buffet.<\/li>\n<li><strong>\u00bfEst\u00e1 incluido el traslado al hotel?<\/strong><br \/>\nLos traslados al hotel son opcionales. Puedes elegir traslados de ida y vuelta compartidos o privados.<\/li>\n<li><strong>\u00bfExisten restricciones de altura para las atracciones?<\/strong><br \/>\nAlgunas atracciones pueden tener restricciones de altura por razones de seguridad. Consulta en el parque los requisitos espec\u00edficos.<\/li>\n<li><strong>\u00bfCu\u00e1les son los horarios del parque?<\/strong><br \/>\nDream World opera de 10:00 a. m. a 5:00 p. m. todos los d\u00edas, con horario extendido los fines de semana y feriados.<\/li>\n<li><strong>\u00bfPuedo cancelar mi reserva?<\/strong><br \/>\nS\u00ed, las cancelaciones realizadas con 24 horas de anticipaci\u00f3n son elegibles para un reembolso completo.<\/li>\n<\/ol>\n<p>Disfruta tu d\u00eda en <strong><a href=\"https:\/\/thedreamworldbangkok.com\/es\/\" target=\"_new\" rel=\"noopener\">Mundo de ensue\u00f1o en Bangkok<\/a><\/strong> con el <strong>Billete Super Visa con almuerzo buffet<\/strong> \u00a1Para una experiencia emocionante y llena de diversi\u00f3n!<\/p>\n<\/div>","protected":false},"excerpt":{"rendered":"<table class=\"short-description\">\n<tbody class=\"tabel364\">\n<tr class=\"short-description-tr32r\">\n<th class=\"short-description-th\"><span class=\"description-h23\"><strong class=\"description-strong67\">Reserva con 1 d\u00eda de anticipaci\u00f3n a las 8:00 a. m. de la fecha de la visita. <\/strong><\/span><\/th>\n<\/tr>\n<\/tbody>\n<\/table>","protected":false},"featured_media":2631,"template":"","meta":{"ocean_post_layout":"","ocean_both_sidebars_style":"","ocean_both_sidebars_content_width":0,"ocean_both_sidebars_sidebars_width":0,"ocean_sidebar":"0","ocean_second_sidebar":"0","ocean_disable_margins":"enable","ocean_add_body_class":"","ocean_shortcode_before_top_bar":"","ocean_shortcode_after_top_bar":"","ocean_shortcode_before_header":"","ocean_shortcode_after_header":"","ocean_has_shortcode":"","ocean_shortcode_after_title":"","ocean_shortcode_before_footer_widgets":"","ocean_shortcode_after_footer_widgets":"","ocean_shortcode_before_footer_bottom":"","ocean_shortcode_after_footer_bottom":"","ocean_display_top_bar":"default","ocean_display_header":"default","ocean_header_style":"","ocean_center_header_left_menu":"0","ocean_custom_header_template":"0","ocean_custom_logo":0,"ocean_custom_retina_logo":0,"ocean_custom_logo_max_width":0,"ocean_custom_logo_tablet_max_width":0,"ocean_custom_logo_mobile_max_width":0,"ocean_custom_logo_max_height":0,"ocean_custom_logo_tablet_max_height":0,"ocean_custom_logo_mobile_max_height":0,"ocean_header_custom_menu":"0","ocean_menu_typo_font_family":"0","ocean_menu_typo_font_subset":"","ocean_menu_typo_font_size":0,"ocean_menu_typo_font_size_tablet":0,"ocean_menu_typo_font_size_mobile":0,"ocean_menu_typo_font_size_unit":"px","ocean_menu_typo_font_weight":"","ocean_menu_typo_font_weight_tablet":"","ocean_menu_typo_font_weight_mobile":"","ocean_menu_typo_transform":"","ocean_menu_typo_transform_tablet":"","ocean_menu_typo_transform_mobile":"","ocean_menu_typo_line_height":0,"ocean_menu_typo_line_height_tablet":0,"ocean_menu_typo_line_height_mobile":0,"ocean_menu_typo_line_height_unit":"","ocean_menu_typo_spacing":0,"ocean_menu_typo_spacing_tablet":0,"ocean_menu_typo_spacing_mobile":0,"ocean_menu_typo_spacing_unit":"","ocean_menu_link_color":"","ocean_menu_link_color_hover":"","ocean_menu_link_color_active":"","ocean_menu_link_background":"","ocean_menu_link_hover_background":"","ocean_menu_link_active_background":"","ocean_menu_social_links_bg":"","ocean_menu_social_hover_links_bg":"","ocean_menu_social_links_color":"","ocean_menu_social_hover_links_color":"","ocean_disable_title":"default","ocean_disable_heading":"default","ocean_post_title":"","ocean_post_subheading":"","ocean_post_title_style":"","ocean_post_title_background_color":"","ocean_post_title_background":0,"ocean_post_title_bg_image_position":"","ocean_post_title_bg_image_attachment":"","ocean_post_title_bg_image_repeat":"","ocean_post_title_bg_image_size":"","ocean_post_title_height":0,"ocean_post_title_bg_overlay":0.5,"ocean_post_title_bg_overlay_color":"","ocean_disable_breadcrumbs":"default","ocean_breadcrumbs_color":"","ocean_breadcrumbs_separator_color":"","ocean_breadcrumbs_links_color":"","ocean_breadcrumbs_links_hover_color":"","ocean_display_footer_widgets":"default","ocean_display_footer_bottom":"default","ocean_custom_footer_template":"0"},"product_brand":[],"product_cat":[20],"product_tag":[174,199,194,197,190,179,177,188,198,184,196,192,193,175,186,191,195],"class_list":{"0":"post-2635","1":"product","2":"type-product","3":"status-publish","4":"has-post-thumbnail","6":"product_cat-tickets","7":"product_tag-bangkok","8":"product_tag-bangkok-theme-park-offers","9":"product_tag-bangkok-theme-park-tickets","10":"product_tag-best-rides-in-dream-world-bangkok","11":"product_tag-dream-world-bangkok","12":"product_tag-dream-world-bangkok-attractions","13":"product_tag-dream-world-bangkok-buffet-lunch","14":"product_tag-dream-world-bangkok-child-policy","15":"product_tag-dream-world-bangkok-deals","16":"product_tag-dream-world-bangkok-family-package","17":"product_tag-dream-world-bangkok-hotel-transfer","18":"product_tag-dream-world-bangkok-rides","19":"product_tag-dream-world-bangkok-snow-town","20":"product_tag-dream-world-bangkok-tickets","21":"product_tag-dream-world-bangkok-unlimited-rides","22":"product_tag-super-visa-ticket-bangkok","23":"product_tag-super-visa-ticket-with-lunch","25":"entry","26":"has-media","27":"tm-has-options","29":"first","30":"instock","31":"virtual","32":"taxable","33":"purchasable","34":"product-type-simple","35":"has-product-nav","36":"col","37":"span_1_of_3","38":"owp-content-center","39":"owp-thumbs-layout-horizontal","40":"owp-btn-normal","41":"owp-tabs-layout-horizontal"},"yoast_head":"<!-- This site is optimized with the Yoast SEO plugin v27.5 - https:\/\/yoast.com\/product\/yoast-seo-wordpress\/ -->\n<title>Book Super Visa Ticket With Buffet Lunch - Dream World Bangkok<\/title>\n<meta name=\"description\" content=\"Enjoy Unlimited Rides With Super Visa Ticket &amp; Buffet Lunch At Dream World Bangkok. Book Now For Exclusive Deals On Family-Friendly Fun &amp; Attractions.\" \/>\n<meta name=\"robots\" content=\"index, follow, max-snippet:-1, max-image-preview:large, max-video-preview:-1\" \/>\n<link rel=\"canonical\" href=\"https:\/\/thedreamworldbangkok.com\/es\/entradas\/billete-de-super-visa-con-almuerzo-buffet\/\" \/>\n<meta property=\"og:locale\" content=\"es_ES\" \/>\n<meta property=\"og:type\" content=\"article\" \/>\n<meta property=\"og:title\" content=\"Book Super Visa Ticket With Buffet Lunch - Dream World Bangkok\" \/>\n<meta property=\"og:description\" content=\"Enjoy Unlimited Rides With Super Visa Ticket &amp; Buffet Lunch At Dream World Bangkok. Book Now For Exclusive Deals On Family-Friendly Fun &amp; Attractions.\" \/>\n<meta property=\"og:url\" content=\"https:\/\/thedreamworldbangkok.com\/es\/entradas\/billete-de-super-visa-con-almuerzo-buffet\/\" \/>\n<meta property=\"og:site_name\" content=\"Dream World Bangkok\" \/>\n<meta property=\"article:modified_time\" content=\"2026-04-10T09:18:38+00:00\" \/>\n<meta name=\"twitter:card\" content=\"summary_large_image\" \/>\n<meta name=\"twitter:label1\" content=\"Tiempo de lectura\" \/>\n\t<meta name=\"twitter:data1\" content=\"4 minutos\" \/>\n<script type=\"application\/ld+json\" class=\"yoast-schema-graph\">{\"@context\":\"https:\\\/\\\/schema.org\",\"@graph\":[{\"@type\":\"WebPage\",\"@id\":\"https:\\\/\\\/thedreamworldbangkok.com\\\/tickets\\\/super-visa-ticket-with-buffet-lunch\\\/\",\"url\":\"https:\\\/\\\/thedreamworldbangkok.com\\\/tickets\\\/super-visa-ticket-with-buffet-lunch\\\/\",\"name\":\"Book Super Visa Ticket With Buffet Lunch - Dream World Bangkok\",\"isPartOf\":{\"@id\":\"https:\\\/\\\/thedreamworldbangkok.com\\\/#website\"},\"primaryImageOfPage\":{\"@id\":\"https:\\\/\\\/thedreamworldbangkok.com\\\/tickets\\\/super-visa-ticket-with-buffet-lunch\\\/#primaryimage\"},\"image\":{\"@id\":\"https:\\\/\\\/thedreamworldbangkok.com\\\/tickets\\\/super-visa-ticket-with-buffet-lunch\\\/#primaryimage\"},\"thumbnailUrl\":\"https:\\\/\\\/thedreamworldbangkok.com\\\/wp-content\\\/uploads\\\/2024\\\/09\\\/Dream-World-Thailand-Tickets.avif\",\"datePublished\":\"2024-10-17T04:57:56+00:00\",\"dateModified\":\"2026-04-10T09:18:38+00:00\",\"description\":\"Enjoy Unlimited Rides With Super Visa Ticket & Buffet Lunch At Dream World Bangkok. Book Now For Exclusive Deals On Family-Friendly Fun & Attractions.\",\"breadcrumb\":{\"@id\":\"https:\\\/\\\/thedreamworldbangkok.com\\\/tickets\\\/super-visa-ticket-with-buffet-lunch\\\/#breadcrumb\"},\"inLanguage\":\"es\",\"potentialAction\":[{\"@type\":\"ReadAction\",\"target\":[\"https:\\\/\\\/thedreamworldbangkok.com\\\/tickets\\\/super-visa-ticket-with-buffet-lunch\\\/\"]}]},{\"@type\":\"ImageObject\",\"inLanguage\":\"es\",\"@id\":\"https:\\\/\\\/thedreamworldbangkok.com\\\/tickets\\\/super-visa-ticket-with-buffet-lunch\\\/#primaryimage\",\"url\":\"https:\\\/\\\/thedreamworldbangkok.com\\\/wp-content\\\/uploads\\\/2024\\\/09\\\/Dream-World-Thailand-Tickets.avif\",\"contentUrl\":\"https:\\\/\\\/thedreamworldbangkok.com\\\/wp-content\\\/uploads\\\/2024\\\/09\\\/Dream-World-Thailand-Tickets.avif\",\"width\":1080,\"height\":720,\"caption\":\"Dream World Thailand Tickets\"},{\"@type\":\"BreadcrumbList\",\"@id\":\"https:\\\/\\\/thedreamworldbangkok.com\\\/tickets\\\/super-visa-ticket-with-buffet-lunch\\\/#breadcrumb\",\"itemListElement\":[{\"@type\":\"ListItem\",\"position\":1,\"name\":\"Home\",\"item\":\"https:\\\/\\\/thedreamworldbangkok.com\\\/\"},{\"@type\":\"ListItem\",\"position\":2,\"name\":\"Tickets\",\"item\":\"https:\\\/\\\/thedreamworldbangkok.com\\\/tickets\\\/\"},{\"@type\":\"ListItem\",\"position\":3,\"name\":\"Super Visa Ticket With Buffet Lunch\"}]},{\"@type\":\"WebSite\",\"@id\":\"https:\\\/\\\/thedreamworldbangkok.com\\\/#website\",\"url\":\"https:\\\/\\\/thedreamworldbangkok.com\\\/\",\"name\":\"Dream World Bangkok\",\"description\":\"\",\"publisher\":{\"@id\":\"https:\\\/\\\/thedreamworldbangkok.com\\\/#organization\"},\"potentialAction\":[{\"@type\":\"SearchAction\",\"target\":{\"@type\":\"EntryPoint\",\"urlTemplate\":\"https:\\\/\\\/thedreamworldbangkok.com\\\/?s={search_term_string}\"},\"query-input\":{\"@type\":\"PropertyValueSpecification\",\"valueRequired\":true,\"valueName\":\"search_term_string\"}}],\"inLanguage\":\"es\"},{\"@type\":\"Organization\",\"@id\":\"https:\\\/\\\/thedreamworldbangkok.com\\\/#organization\",\"name\":\"Dream World Bangkok\",\"url\":\"https:\\\/\\\/thedreamworldbangkok.com\\\/\",\"logo\":{\"@type\":\"ImageObject\",\"inLanguage\":\"es\",\"@id\":\"https:\\\/\\\/thedreamworldbangkok.com\\\/#\\\/schema\\\/logo\\\/image\\\/\",\"url\":\"https:\\\/\\\/thedreamworldbangkok.com\\\/wp-content\\\/uploads\\\/2024\\\/08\\\/Dream-World-Bangkok.png\",\"contentUrl\":\"https:\\\/\\\/thedreamworldbangkok.com\\\/wp-content\\\/uploads\\\/2024\\\/08\\\/Dream-World-Bangkok.png\",\"width\":245,\"height\":70,\"caption\":\"Dream World Bangkok\"},\"image\":{\"@id\":\"https:\\\/\\\/thedreamworldbangkok.com\\\/#\\\/schema\\\/logo\\\/image\\\/\"}}]}<\/script>\n<!-- \/ Yoast SEO plugin. -->","yoast_head_json":{"title":"Reserva de billetes Super Visa con almuerzo tipo buf\u00e9 - Dream World Bangkok","description":"Disfrute de viajes ilimitados con el boleto Super Visa y almuerzo tipo buf\u00e9 en Dream World Bangkok. Reserve ahora para obtener ofertas exclusivas en atracciones y diversi\u00f3n para toda la familia.","robots":{"index":"index","follow":"follow","max-snippet":"max-snippet:-1","max-image-preview":"max-image-preview:large","max-video-preview":"max-video-preview:-1"},"canonical":"https:\/\/thedreamworldbangkok.com\/es\/entradas\/billete-de-super-visa-con-almuerzo-buffet\/","og_locale":"es_ES","og_type":"article","og_title":"Book Super Visa Ticket With Buffet Lunch - Dream World Bangkok","og_description":"Enjoy Unlimited Rides With Super Visa Ticket & Buffet Lunch At Dream World Bangkok. Book Now For Exclusive Deals On Family-Friendly Fun & Attractions.","og_url":"https:\/\/thedreamworldbangkok.com\/es\/entradas\/billete-de-super-visa-con-almuerzo-buffet\/","og_site_name":"Dream World Bangkok","article_modified_time":"2026-04-10T09:18:38+00:00","twitter_card":"summary_large_image","twitter_misc":{"Tiempo de lectura":"4 minutos"},"schema":{"@context":"https:\/\/schema.org","@graph":[{"@type":"WebPage","@id":"https:\/\/thedreamworldbangkok.com\/tickets\/super-visa-ticket-with-buffet-lunch\/","url":"https:\/\/thedreamworldbangkok.com\/tickets\/super-visa-ticket-with-buffet-lunch\/","name":"Reserva de billetes Super Visa con almuerzo tipo buf\u00e9 - Dream World Bangkok","isPartOf":{"@id":"https:\/\/thedreamworldbangkok.com\/#website"},"primaryImageOfPage":{"@id":"https:\/\/thedreamworldbangkok.com\/tickets\/super-visa-ticket-with-buffet-lunch\/#primaryimage"},"image":{"@id":"https:\/\/thedreamworldbangkok.com\/tickets\/super-visa-ticket-with-buffet-lunch\/#primaryimage"},"thumbnailUrl":"https:\/\/thedreamworldbangkok.com\/wp-content\/uploads\/2024\/09\/Dream-World-Thailand-Tickets.avif","datePublished":"2024-10-17T04:57:56+00:00","dateModified":"2026-04-10T09:18:38+00:00","description":"Disfrute de viajes ilimitados con el boleto Super Visa y almuerzo tipo buf\u00e9 en Dream World Bangkok. Reserve ahora para obtener ofertas exclusivas en atracciones y diversi\u00f3n para toda la familia.","breadcrumb":{"@id":"https:\/\/thedreamworldbangkok.com\/tickets\/super-visa-ticket-with-buffet-lunch\/#breadcrumb"},"inLanguage":"es","potentialAction":[{"@type":"ReadAction","target":["https:\/\/thedreamworldbangkok.com\/tickets\/super-visa-ticket-with-buffet-lunch\/"]}]},{"@type":"ImageObject","inLanguage":"es","@id":"https:\/\/thedreamworldbangkok.com\/tickets\/super-visa-ticket-with-buffet-lunch\/#primaryimage","url":"https:\/\/thedreamworldbangkok.com\/wp-content\/uploads\/2024\/09\/Dream-World-Thailand-Tickets.avif","contentUrl":"https:\/\/thedreamworldbangkok.com\/wp-content\/uploads\/2024\/09\/Dream-World-Thailand-Tickets.avif","width":1080,"height":720,"caption":"Dream World Thailand Tickets"},{"@type":"BreadcrumbList","@id":"https:\/\/thedreamworldbangkok.com\/tickets\/super-visa-ticket-with-buffet-lunch\/#breadcrumb","itemListElement":[{"@type":"ListItem","position":1,"name":"Home","item":"https:\/\/thedreamworldbangkok.com\/"},{"@type":"ListItem","position":2,"name":"Tickets","item":"https:\/\/thedreamworldbangkok.com\/tickets\/"},{"@type":"ListItem","position":3,"name":"Super Visa Ticket With Buffet Lunch"}]},{"@type":"WebSite","@id":"https:\/\/thedreamworldbangkok.com\/#website","url":"https:\/\/thedreamworldbangkok.com\/","name":"Mundo de ensue\u00f1o en Bangkok","description":"","publisher":{"@id":"https:\/\/thedreamworldbangkok.com\/#organization"},"potentialAction":[{"@type":"SearchAction","target":{"@type":"EntryPoint","urlTemplate":"https:\/\/thedreamworldbangkok.com\/?s={search_term_string}"},"query-input":{"@type":"PropertyValueSpecification","valueRequired":true,"valueName":"search_term_string"}}],"inLanguage":"es"},{"@type":"Organization","@id":"https:\/\/thedreamworldbangkok.com\/#organization","name":"Mundo de ensue\u00f1o en Bangkok","url":"https:\/\/thedreamworldbangkok.com\/","logo":{"@type":"ImageObject","inLanguage":"es","@id":"https:\/\/thedreamworldbangkok.com\/#\/schema\/logo\/image\/","url":"https:\/\/thedreamworldbangkok.com\/wp-content\/uploads\/2024\/08\/Dream-World-Bangkok.png","contentUrl":"https:\/\/thedreamworldbangkok.com\/wp-content\/uploads\/2024\/08\/Dream-World-Bangkok.png","width":245,"height":70,"caption":"Dream World Bangkok"},"image":{"@id":"https:\/\/thedreamworldbangkok.com\/#\/schema\/logo\/image\/"}}]}},"jetpack_sharing_enabled":true,"_links":{"self":[{"href":"https:\/\/thedreamworldbangkok.com\/es\/wp-json\/wp\/v2\/product\/2635","targetHints":{"allow":["GET"]}}],"collection":[{"href":"https:\/\/thedreamworldbangkok.com\/es\/wp-json\/wp\/v2\/product"}],"about":[{"href":"https:\/\/thedreamworldbangkok.com\/es\/wp-json\/wp\/v2\/types\/product"}],"wp:featuredmedia":[{"embeddable":true,"href":"https:\/\/thedreamworldbangkok.com\/es\/wp-json\/wp\/v2\/media\/2631"}],"wp:attachment":[{"href":"https:\/\/thedreamworldbangkok.com\/es\/wp-json\/wp\/v2\/media?parent=2635"}],"wp:term":[{"taxonomy":"product_brand","embeddable":true,"href":"https:\/\/thedreamworldbangkok.com\/es\/wp-json\/wp\/v2\/product_brand?post=2635"},{"taxonomy":"product_cat","embeddable":true,"href":"https:\/\/thedreamworldbangkok.com\/es\/wp-json\/wp\/v2\/product_cat?post=2635"},{"taxonomy":"product_tag","embeddable":true,"href":"https:\/\/thedreamworldbangkok.com\/es\/wp-json\/wp\/v2\/product_tag?post=2635"}],"curies":[{"name":"wp","href":"https:\/\/api.w.org\/{rel}","templated":true}]}}