{"id":2373,"date":"2024-10-14T17:49:58","date_gmt":"2024-10-14T12:19:58","guid":{"rendered":"https:\/\/thedreamworldbangkok.com\/?page_id=2373"},"modified":"2025-05-19T13:41:38","modified_gmt":"2025-05-19T08:11:38","slug":"contactez-nous","status":"publish","type":"page","link":"https:\/\/thedreamworldbangkok.com\/fr\/contactez-nous\/","title":{"rendered":"Contactez-nous"},"content":{"rendered":"<div data-elementor-type=\"wp-page\" data-elementor-id=\"2373\" class=\"elementor elementor-2373\" data-elementor-post-type=\"page\">\n\t\t\t\t\t\t<section data-particle_enable=\"false\" data-particle-mobile-disabled=\"false\" class=\"elementor-section elementor-top-section elementor-element elementor-element-f3e94ce elementor-section-boxed elementor-section-height-default elementor-section-height-default\" data-id=\"f3e94ce\" data-element_type=\"section\" data-e-type=\"section\">\n\t\t\t\t\t\t<div class=\"elementor-container elementor-column-gap-default\">\n\t\t\t\t\t<div class=\"elementor-column elementor-col-100 elementor-top-column elementor-element elementor-element-39bb9e9\" data-id=\"39bb9e9\" data-element_type=\"column\" data-e-type=\"column\">\n\t\t\t<div class=\"elementor-widget-wrap elementor-element-populated\">\n\t\t\t\t\t\t<div class=\"elementor-element elementor-element-7c4897a elementor-widget elementor-widget-text-editor\" data-id=\"7c4897a\" data-element_type=\"widget\" data-e-type=\"widget\" data-widget_type=\"text-editor.default\">\n\t\t\t\t<div class=\"elementor-widget-container\">\n\t\t\t\t\t\t\t\t\t<h2 style=\"text-align: center;\"><span style=\"color: #000000;\">Contactez-nous<\/span><\/h2><p><span style=\"color: #000000;\">\u00c0 <strong>Vacances \u00e0 Triplyn<\/strong>, nous nous engageons \u00e0 offrir une exp\u00e9rience fluide et m\u00e9morable pour votre visite \u00e0 <strong>Le monde des r\u00eaves \u00e0 Bangkok<\/strong>Que vous ayez des questions concernant les r\u00e9servations de billets, que vous ayez besoin d&#039;aide pour planifier votre voyage ou que vous ayez d&#039;autres questions, nous sommes l\u00e0 pour vous fournir une assistance compl\u00e8te.<\/span><\/p><h2><span style=\"color: #000000;\">Comment nous joindre<\/span><\/h2><p><span style=\"color: #000000;\">Pour toute demande de renseignements, n&#039;h\u00e9sitez pas \u00e0 nous contacter, nous vous assurerons une r\u00e9ponse rapide.<\/span><\/p><p><span style=\"color: #000000;\"><strong>E-mail<\/strong>: <strong><a style=\"color: #000000;\" rel=\"noopener\">contact@thedreamworldbangkok.com<\/a><\/strong><\/span><\/p><h3><span style=\"color: #000000;\"><strong>Chat en direct<\/strong><\/span><\/h3><p><span style=\"color: #000000;\">Vous pouvez nous contacter directement via le <a href=\"https:\/\/direct.lc.chat\/18378282\/\"><strong>Chat en direct<\/strong> <\/a>fonctionnalit\u00e9 sur notre site Web pour une assistance instantan\u00e9e.<\/span><\/p><h3><span style=\"color: #000000;\">Horaires du service client<\/span><\/h3><p><span style=\"color: #000000;\">Notre \u00e9quipe de support client est disponible 24 heures sur 24 pour vous aider :<\/span><br \/><span style=\"color: #000000;\">\ud83d\udd52 <strong>Disponibilit\u00e9 du support<\/strong>:24h\/24, 7j\/7, tous les jours.<\/span><\/p><h3><span style=\"color: #000000;\">Contactez Triplyn Holidays<\/span><\/h3><p><span style=\"color: #000000;\">\u00c0 <strong>Vacances \u00e0 Triplyn<\/strong>, nous visons \u00e0 fournir un service client de premier ordre, garantissant votre voyage \u00e0 <strong>Le monde des r\u00eaves \u00e0 Bangkok<\/strong> est simple et agr\u00e9able. N&#039;h\u00e9sitez pas \u00e0 nous contacter pour toute aide relative aux r\u00e9servations, aux paiements ou aux demandes g\u00e9n\u00e9rales.<\/span><\/p><p><span style=\"color: #000000;\">Nous sommes impatients de vous aider \u00e0 planifier votre aventure passionnante \u00e0 <a href=\"https:\/\/thedreamworldbangkok.com\/fr\"><strong>Le monde des r\u00eaves \u00e0 Bangkok<\/strong><\/a>!<\/span><\/p>\t\t\t\t\t\t\t\t<\/div>\n\t\t\t\t<\/div>\n\t\t\t\t\t<\/div>\n\t\t<\/div>\n\t\t\t\t\t<\/div>\n\t\t<\/section>\n\t\t\t\t<\/div>","protected":false},"excerpt":{"rendered":"<p>Contact Us At Triplyn Holidays, we are dedicated to offering a smooth and memorable experience for your visit to Dream World Bangkok. Whether you have questions regarding ticket bookings, need assistance with your travel plans, or have any other inquiries, we are here to provide full support. How to Reach Us For any inquiries, feel [&hellip;]<\/p>\n","protected":false},"author":1,"featured_media":0,"parent":0,"menu_order":0,"comment_status":"closed","ping_status":"closed","template":"","meta":{"ocean_post_layout":"","ocean_both_sidebars_style":"","ocean_both_sidebars_content_width":0,"ocean_both_sidebars_sidebars_width":0,"ocean_sidebar":"","ocean_second_sidebar":"","ocean_disable_margins":"enable","ocean_add_body_class":"","ocean_shortcode_before_top_bar":"","ocean_shortcode_after_top_bar":"","ocean_shortcode_before_header":"","ocean_shortcode_after_header":"","ocean_has_shortcode":"","ocean_shortcode_after_title":"","ocean_shortcode_before_footer_widgets":"","ocean_shortcode_after_footer_widgets":"","ocean_shortcode_before_footer_bottom":"","ocean_shortcode_after_footer_bottom":"","ocean_display_top_bar":"default","ocean_display_header":"default","ocean_header_style":"","ocean_center_header_left_menu":"","ocean_custom_header_template":"","ocean_custom_logo":0,"ocean_custom_retina_logo":0,"ocean_custom_logo_max_width":0,"ocean_custom_logo_tablet_max_width":0,"ocean_custom_logo_mobile_max_width":0,"ocean_custom_logo_max_height":0,"ocean_custom_logo_tablet_max_height":0,"ocean_custom_logo_mobile_max_height":0,"ocean_header_custom_menu":"","ocean_menu_typo_font_family":"","ocean_menu_typo_font_subset":"","ocean_menu_typo_font_size":0,"ocean_menu_typo_font_size_tablet":0,"ocean_menu_typo_font_size_mobile":0,"ocean_menu_typo_font_size_unit":"px","ocean_menu_typo_font_weight":"","ocean_menu_typo_font_weight_tablet":"","ocean_menu_typo_font_weight_mobile":"","ocean_menu_typo_transform":"","ocean_menu_typo_transform_tablet":"","ocean_menu_typo_transform_mobile":"","ocean_menu_typo_line_height":0,"ocean_menu_typo_line_height_tablet":0,"ocean_menu_typo_line_height_mobile":0,"ocean_menu_typo_line_height_unit":"","ocean_menu_typo_spacing":0,"ocean_menu_typo_spacing_tablet":0,"ocean_menu_typo_spacing_mobile":0,"ocean_menu_typo_spacing_unit":"","ocean_menu_link_color":"","ocean_menu_link_color_hover":"","ocean_menu_link_color_active":"","ocean_menu_link_background":"","ocean_menu_link_hover_background":"","ocean_menu_link_active_background":"","ocean_menu_social_links_bg":"","ocean_menu_social_hover_links_bg":"","ocean_menu_social_links_color":"","ocean_menu_social_hover_links_color":"","ocean_disable_title":"default","ocean_disable_heading":"default","ocean_post_title":"","ocean_post_subheading":"","ocean_post_title_style":"","ocean_post_title_background_color":"","ocean_post_title_background":0,"ocean_post_title_bg_image_position":"","ocean_post_title_bg_image_attachment":"","ocean_post_title_bg_image_repeat":"","ocean_post_title_bg_image_size":"","ocean_post_title_height":0,"ocean_post_title_bg_overlay":0.5,"ocean_post_title_bg_overlay_color":"","ocean_disable_breadcrumbs":"default","ocean_breadcrumbs_color":"","ocean_breadcrumbs_separator_color":"","ocean_breadcrumbs_links_color":"","ocean_breadcrumbs_links_hover_color":"","ocean_display_footer_widgets":"default","ocean_display_footer_bottom":"default","ocean_custom_footer_template":"","footnotes":""},"class_list":["post-2373","page","type-page","status-publish","hentry","entry","owp-thumbs-layout-horizontal","owp-btn-normal","owp-tabs-layout-horizontal","has-no-thumbnails","has-product-nav"],"yoast_head":"<!-- This site is optimized with the Yoast SEO plugin v27.3 - https:\/\/yoast.com\/product\/yoast-seo-wordpress\/ -->\n<title>Contact Triplyn Holidays - Dream World Bangkok Tickets<\/title>\n<meta name=\"description\" content=\"Need Help With Your Dream World Bangkok Tickets? Contact Triplyn Holidays Via Live Chat Or Email. We&#039;re Here To Assist With All Inquiries.\" \/>\n<meta name=\"robots\" content=\"noindex, follow\" \/>\n<meta property=\"og:locale\" content=\"fr_FR\" \/>\n<meta property=\"og:type\" content=\"article\" \/>\n<meta property=\"og:title\" content=\"Contact Triplyn Holidays - Dream World Bangkok Tickets\" \/>\n<meta property=\"og:description\" content=\"Need Help With Your Dream World Bangkok Tickets? Contact Triplyn Holidays Via Live Chat Or Email. We&#039;re Here To Assist With All Inquiries.\" \/>\n<meta property=\"og:url\" content=\"https:\/\/thedreamworldbangkok.com\/fr\/contactez-nous\/\" \/>\n<meta property=\"og:site_name\" content=\"Dream World Bangkok\" \/>\n<meta property=\"article:modified_time\" content=\"2025-05-19T08:11:38+00:00\" \/>\n<meta name=\"twitter:card\" content=\"summary_large_image\" \/>\n<meta name=\"twitter:label1\" content=\"Dur\u00e9e de lecture estim\u00e9e\" \/>\n\t<meta name=\"twitter:data1\" content=\"1 minute\" \/>\n<script type=\"application\/ld+json\" class=\"yoast-schema-graph\">{\"@context\":\"https:\\\/\\\/schema.org\",\"@graph\":[{\"@type\":\"WebPage\",\"@id\":\"https:\\\/\\\/thedreamworldbangkok.com\\\/contact-us\\\/\",\"url\":\"https:\\\/\\\/thedreamworldbangkok.com\\\/contact-us\\\/\",\"name\":\"Contact Triplyn Holidays - Dream World Bangkok Tickets\",\"isPartOf\":{\"@id\":\"https:\\\/\\\/thedreamworldbangkok.com\\\/#website\"},\"datePublished\":\"2024-10-14T12:19:58+00:00\",\"dateModified\":\"2025-05-19T08:11:38+00:00\",\"description\":\"Need Help With Your Dream World Bangkok Tickets? Contact Triplyn Holidays Via Live Chat Or Email. We're Here To Assist With All Inquiries.\",\"breadcrumb\":{\"@id\":\"https:\\\/\\\/thedreamworldbangkok.com\\\/contact-us\\\/#breadcrumb\"},\"inLanguage\":\"fr-FR\",\"potentialAction\":[{\"@type\":\"ReadAction\",\"target\":[\"https:\\\/\\\/thedreamworldbangkok.com\\\/contact-us\\\/\"]}]},{\"@type\":\"BreadcrumbList\",\"@id\":\"https:\\\/\\\/thedreamworldbangkok.com\\\/contact-us\\\/#breadcrumb\",\"itemListElement\":[{\"@type\":\"ListItem\",\"position\":1,\"name\":\"Home\",\"item\":\"https:\\\/\\\/thedreamworldbangkok.com\\\/\"},{\"@type\":\"ListItem\",\"position\":2,\"name\":\"Contact Us\"}]},{\"@type\":\"WebSite\",\"@id\":\"https:\\\/\\\/thedreamworldbangkok.com\\\/#website\",\"url\":\"https:\\\/\\\/thedreamworldbangkok.com\\\/\",\"name\":\"Dream World Bangkok\",\"description\":\"\",\"publisher\":{\"@id\":\"https:\\\/\\\/thedreamworldbangkok.com\\\/#organization\"},\"potentialAction\":[{\"@type\":\"SearchAction\",\"target\":{\"@type\":\"EntryPoint\",\"urlTemplate\":\"https:\\\/\\\/thedreamworldbangkok.com\\\/?s={search_term_string}\"},\"query-input\":{\"@type\":\"PropertyValueSpecification\",\"valueRequired\":true,\"valueName\":\"search_term_string\"}}],\"inLanguage\":\"fr-FR\"},{\"@type\":\"Organization\",\"@id\":\"https:\\\/\\\/thedreamworldbangkok.com\\\/#organization\",\"name\":\"Dream World Bangkok\",\"url\":\"https:\\\/\\\/thedreamworldbangkok.com\\\/\",\"logo\":{\"@type\":\"ImageObject\",\"inLanguage\":\"fr-FR\",\"@id\":\"https:\\\/\\\/thedreamworldbangkok.com\\\/#\\\/schema\\\/logo\\\/image\\\/\",\"url\":\"https:\\\/\\\/thedreamworldbangkok.com\\\/wp-content\\\/uploads\\\/2024\\\/08\\\/Dream-World-Bangkok.png\",\"contentUrl\":\"https:\\\/\\\/thedreamworldbangkok.com\\\/wp-content\\\/uploads\\\/2024\\\/08\\\/Dream-World-Bangkok.png\",\"width\":245,\"height\":70,\"caption\":\"Dream World Bangkok\"},\"image\":{\"@id\":\"https:\\\/\\\/thedreamworldbangkok.com\\\/#\\\/schema\\\/logo\\\/image\\\/\"}}]}<\/script>\n<!-- \/ Yoast SEO plugin. -->","yoast_head_json":{"title":"Contactez Triplyn Holidays - Billets pour Dream World Bangkok","description":"Besoin d&#039;aide pour vos billets pour Dream World Bangkok ? Contactez Triplyn Holidays via le chat en direct ou par e-mail. Nous sommes l\u00e0 pour r\u00e9pondre \u00e0 toutes vos questions.","robots":{"index":"noindex","follow":"follow"},"og_locale":"fr_FR","og_type":"article","og_title":"Contact Triplyn Holidays - Dream World Bangkok Tickets","og_description":"Need Help With Your Dream World Bangkok Tickets? Contact Triplyn Holidays Via Live Chat Or Email. We're Here To Assist With All Inquiries.","og_url":"https:\/\/thedreamworldbangkok.com\/fr\/contactez-nous\/","og_site_name":"Dream World Bangkok","article_modified_time":"2025-05-19T08:11:38+00:00","twitter_card":"summary_large_image","twitter_misc":{"Dur\u00e9e de lecture estim\u00e9e":"1 minute"},"schema":{"@context":"https:\/\/schema.org","@graph":[{"@type":"WebPage","@id":"https:\/\/thedreamworldbangkok.com\/contact-us\/","url":"https:\/\/thedreamworldbangkok.com\/contact-us\/","name":"Contactez Triplyn Holidays - Billets pour Dream World Bangkok","isPartOf":{"@id":"https:\/\/thedreamworldbangkok.com\/#website"},"datePublished":"2024-10-14T12:19:58+00:00","dateModified":"2025-05-19T08:11:38+00:00","description":"Besoin d&#039;aide pour vos billets pour Dream World Bangkok ? Contactez Triplyn Holidays via le chat en direct ou par e-mail. Nous sommes l\u00e0 pour r\u00e9pondre \u00e0 toutes vos questions.","breadcrumb":{"@id":"https:\/\/thedreamworldbangkok.com\/contact-us\/#breadcrumb"},"inLanguage":"fr-FR","potentialAction":[{"@type":"ReadAction","target":["https:\/\/thedreamworldbangkok.com\/contact-us\/"]}]},{"@type":"BreadcrumbList","@id":"https:\/\/thedreamworldbangkok.com\/contact-us\/#breadcrumb","itemListElement":[{"@type":"ListItem","position":1,"name":"Home","item":"https:\/\/thedreamworldbangkok.com\/"},{"@type":"ListItem","position":2,"name":"Contact Us"}]},{"@type":"WebSite","@id":"https:\/\/thedreamworldbangkok.com\/#website","url":"https:\/\/thedreamworldbangkok.com\/","name":"Le monde des r\u00eaves \u00e0 Bangkok","description":"","publisher":{"@id":"https:\/\/thedreamworldbangkok.com\/#organization"},"potentialAction":[{"@type":"SearchAction","target":{"@type":"EntryPoint","urlTemplate":"https:\/\/thedreamworldbangkok.com\/?s={search_term_string}"},"query-input":{"@type":"PropertyValueSpecification","valueRequired":true,"valueName":"search_term_string"}}],"inLanguage":"fr-FR"},{"@type":"Organization","@id":"https:\/\/thedreamworldbangkok.com\/#organization","name":"Le monde des r\u00eaves \u00e0 Bangkok","url":"https:\/\/thedreamworldbangkok.com\/","logo":{"@type":"ImageObject","inLanguage":"fr-FR","@id":"https:\/\/thedreamworldbangkok.com\/#\/schema\/logo\/image\/","url":"https:\/\/thedreamworldbangkok.com\/wp-content\/uploads\/2024\/08\/Dream-World-Bangkok.png","contentUrl":"https:\/\/thedreamworldbangkok.com\/wp-content\/uploads\/2024\/08\/Dream-World-Bangkok.png","width":245,"height":70,"caption":"Dream World Bangkok"},"image":{"@id":"https:\/\/thedreamworldbangkok.com\/#\/schema\/logo\/image\/"}}]}},"jetpack_sharing_enabled":true,"_links":{"self":[{"href":"https:\/\/thedreamworldbangkok.com\/fr\/wp-json\/wp\/v2\/pages\/2373","targetHints":{"allow":["GET"]}}],"collection":[{"href":"https:\/\/thedreamworldbangkok.com\/fr\/wp-json\/wp\/v2\/pages"}],"about":[{"href":"https:\/\/thedreamworldbangkok.com\/fr\/wp-json\/wp\/v2\/types\/page"}],"author":[{"embeddable":true,"href":"https:\/\/thedreamworldbangkok.com\/fr\/wp-json\/wp\/v2\/users\/1"}],"replies":[{"embeddable":true,"href":"https:\/\/thedreamworldbangkok.com\/fr\/wp-json\/wp\/v2\/comments?post=2373"}],"version-history":[{"count":6,"href":"https:\/\/thedreamworldbangkok.com\/fr\/wp-json\/wp\/v2\/pages\/2373\/revisions"}],"predecessor-version":[{"id":3175,"href":"https:\/\/thedreamworldbangkok.com\/fr\/wp-json\/wp\/v2\/pages\/2373\/revisions\/3175"}],"wp:attachment":[{"href":"https:\/\/thedreamworldbangkok.com\/fr\/wp-json\/wp\/v2\/media?parent=2373"}],"curies":[{"name":"wp","href":"https:\/\/api.w.org\/{rel}","templated":true}]}}