{"id":617,"date":"2024-09-04T16:21:40","date_gmt":"2024-09-04T10:51:40","guid":{"rendered":"https:\/\/thedreamworldbangkok.com\/?page_id=617"},"modified":"2024-10-17T07:02:20","modified_gmt":"2024-10-17T01:32:20","slug":"details-de-lentreprise","status":"publish","type":"page","link":"https:\/\/thedreamworldbangkok.com\/fr\/details-de-lentreprise\/","title":{"rendered":"D\u00e9tails de l&#039;entreprise"},"content":{"rendered":"<div data-elementor-type=\"wp-page\" data-elementor-id=\"617\" class=\"elementor elementor-617\" data-elementor-post-type=\"page\">\n\t\t\t\t\t\t<section data-particle_enable=\"false\" data-particle-mobile-disabled=\"false\" class=\"elementor-section elementor-top-section elementor-element elementor-element-f3e94ce elementor-section-boxed elementor-section-height-default elementor-section-height-default\" data-id=\"f3e94ce\" data-element_type=\"section\" data-e-type=\"section\">\n\t\t\t\t\t\t<div class=\"elementor-container elementor-column-gap-default\">\n\t\t\t\t\t<div class=\"elementor-column elementor-col-100 elementor-top-column elementor-element elementor-element-39bb9e9\" data-id=\"39bb9e9\" data-element_type=\"column\" data-e-type=\"column\">\n\t\t\t<div class=\"elementor-widget-wrap elementor-element-populated\">\n\t\t\t\t\t\t<div class=\"elementor-element elementor-element-7c4897a elementor-widget elementor-widget-text-editor\" data-id=\"7c4897a\" data-element_type=\"widget\" data-e-type=\"widget\" data-widget_type=\"text-editor.default\">\n\t\t\t\t<div class=\"elementor-widget-container\">\n\t\t\t\t\t\t\t\t\t<h2 style=\"text-align: center;\"><span style=\"color: #000000;\">D\u00e9tails de l&#039;entreprise<\/span><\/h2><p><span style=\"color: #000000;\">Bienvenue \u00e0 <strong>Le monde des r\u00eaves \u00e0 Bangkok<\/strong>, votre partenaire de confiance pour vous offrir des exp\u00e9riences inoubliables dans l&#039;un des parcs \u00e0 th\u00e8me les plus excitants de Tha\u00eflande. Exploit\u00e9 par <strong>Vacances \u00e0 Triplyn<\/strong>, nous garantissons \u00e0 chaque visiteur un processus de r\u00e9servation fluide et m\u00e9morable, offrant des offres exclusives et un service de premier ordre.<\/span><\/p><h3><span style=\"color: #000000;\">\u00c0 propos de nous<\/span><\/h3><p><span style=\"color: #000000;\"><strong>Vacances \u00e0 Triplyn<\/strong> est une agence de voyage et de tourisme de premier plan, connue pour fournir des services exceptionnels aux voyageurs du monde entier. Sp\u00e9cialis\u00e9e dans la r\u00e9servation de billets pour des destinations populaires comme <a href=\"https:\/\/thedreamworldbangkok.com\/fr\/\"><strong>Le monde des r\u00eaves \u00e0 Bangkok<\/strong><\/a>, notre mission est de proposer les meilleures offres, une r\u00e9servation sans effort et un service client exceptionnel. Notre objectif est de cr\u00e9er des exp\u00e9riences de voyage inoubliables pour nos clients en rendant facile et abordable l&#039;exploration des man\u00e8ges et attractions palpitants de Dream World.<\/span><\/p><h3><span style=\"color: #000000;\">Informations sur la soci\u00e9t\u00e9<\/span><\/h3><ul><li><span style=\"color: #000000;\"><strong>Nom de l&#039;entreprise<\/strong>: Vacances \u00e0 Triplyn<\/span><\/li><li><span style=\"color: #000000;\"><strong>Adresse enregistr\u00e9e<\/strong>: A-54, zone industrielle de Keshopur, Vikaspuri, New Delhi 110018, Inde<\/span><\/li><li><span style=\"color: #000000;\"><strong>E-mail<\/strong>: <a style=\"color: #000000;\" href=\"mailto:contact@thedreamworldbangkok.com\" rel=\"noopener\">contact@thedreamworldbangkok.com<\/a><\/span><\/li><\/ul><p><span style=\"color: #000000;\">Notre engagement en mati\u00e8re de transparence et de satisfaction client est au c\u0153ur de nos activit\u00e9s. Pour toute question concernant vos r\u00e9servations au Dream World Bangkok, n&#039;h\u00e9sitez pas \u00e0 nous contacter par e-mail.<\/span><\/p><h3><span style=\"color: #000000;\">Contactez-nous<\/span><\/h3><p><span style=\"color: #000000;\">Pour toute demande de renseignements ou d&#039;assistance relative \u00e0 votre visite sur <strong>Le monde des r\u00eaves \u00e0 Bangkok<\/strong>, veuillez nous contacter\u00a0:<\/span><\/p><ul><li><span style=\"color: #000000;\"><strong>E-mail<\/strong>: <a style=\"color: #000000;\" href=\"mailto:contact@thedreamworldbangkok.com\" rel=\"noopener\">contact@thedreamworldbangkok.com<\/a><\/span><\/li><li><span style=\"color: #000000;\"><strong>Adresse<\/strong>: A-54, zone industrielle de Keshopur, Vikaspuri, New Delhi 110018, Inde<\/span><\/li><\/ul><p><span style=\"color: #000000;\">Nous nous effor\u00e7ons de r\u00e9pondre \u00e0 toutes les questions dans les 24 heures.<\/span><\/p><h3><span style=\"color: #000000;\">Pourquoi nous choisir?<\/span><\/h3><ul><li><span style=\"color: #000000;\"><strong>Une expertise de confiance<\/strong>:Avec des ann\u00e9es d&#039;exp\u00e9rience dans l&#039;industrie du voyage et du tourisme, <strong>Vacances \u00e0 Triplyn<\/strong> se consacre \u00e0 fournir un excellent service avec des prix transparents.<\/span><\/li><li><span style=\"color: #000000;\"><strong>Assistance \u00e0 la client\u00e8le<\/strong>:Notre \u00e9quipe est toujours disponible pour vous aider, garantissant une exp\u00e9rience de r\u00e9servation sans tracas.<\/span><\/li><li><span style=\"color: #000000;\"><strong>Offres exclusives<\/strong>: B\u00e9n\u00e9ficiez d&#039;offres et de packages exclusifs pour <strong>Le monde des r\u00eaves \u00e0 Bangkok<\/strong>, vous permettant d&#039;explorer les meilleures attractions du parc \u00e0 des prix imbattables.<\/span><\/li><\/ul><h3><span style=\"color: #000000;\">R\u00e9servation avec nous<\/span><\/h3><p><span style=\"color: #000000;\">Pr\u00eat pour une aventure \u00e0 <strong>Le monde des r\u00eaves \u00e0 Bangkok<\/strong>? Visitez notre <strong><a href=\"https:\/\/thedreamworldbangkok.com\/fr\/\">Billets pour Dream World Bangkok<\/a> Page de r\u00e9servation<\/strong> pour d\u00e9couvrir nos derni\u00e8res offres.<\/span><br \/><span style=\"color: #000000;\"><a href=\"https:\/\/thedreamworldbangkok.com\/fr\/\"><strong>Cliquez ici pour r\u00e9server vos billets<\/strong><\/a> et embarquez pour un voyage inoubliable rempli de plaisir, d\u2019aventure et d\u2019excitation !<\/span><\/p>\t\t\t\t\t\t\t\t<\/div>\n\t\t\t\t<\/div>\n\t\t\t\t\t<\/div>\n\t\t<\/div>\n\t\t\t\t\t<\/div>\n\t\t<\/section>\n\t\t\t\t<\/div>","protected":false},"excerpt":{"rendered":"<p>Company Details Welcome to Dream World Bangkok, your trusted partner in delivering unforgettable experiences at one of Thailand&#8217;s most exciting theme parks. Operated by Triplyn Holidays, we ensure every visitor enjoys a seamless and memorable booking process, offering exclusive deals and top-notch service. About Us Triplyn Holidays is a premier travel and tourism company known [&hellip;]<\/p>\n","protected":false},"author":1,"featured_media":0,"parent":0,"menu_order":0,"comment_status":"closed","ping_status":"closed","template":"","meta":{"ocean_post_layout":"","ocean_both_sidebars_style":"","ocean_both_sidebars_content_width":0,"ocean_both_sidebars_sidebars_width":0,"ocean_sidebar":"","ocean_second_sidebar":"","ocean_disable_margins":"enable","ocean_add_body_class":"","ocean_shortcode_before_top_bar":"","ocean_shortcode_after_top_bar":"","ocean_shortcode_before_header":"","ocean_shortcode_after_header":"","ocean_has_shortcode":"","ocean_shortcode_after_title":"","ocean_shortcode_before_footer_widgets":"","ocean_shortcode_after_footer_widgets":"","ocean_shortcode_before_footer_bottom":"","ocean_shortcode_after_footer_bottom":"","ocean_display_top_bar":"default","ocean_display_header":"default","ocean_header_style":"","ocean_center_header_left_menu":"","ocean_custom_header_template":"","ocean_custom_logo":0,"ocean_custom_retina_logo":0,"ocean_custom_logo_max_width":0,"ocean_custom_logo_tablet_max_width":0,"ocean_custom_logo_mobile_max_width":0,"ocean_custom_logo_max_height":0,"ocean_custom_logo_tablet_max_height":0,"ocean_custom_logo_mobile_max_height":0,"ocean_header_custom_menu":"","ocean_menu_typo_font_family":"","ocean_menu_typo_font_subset":"","ocean_menu_typo_font_size":0,"ocean_menu_typo_font_size_tablet":0,"ocean_menu_typo_font_size_mobile":0,"ocean_menu_typo_font_size_unit":"px","ocean_menu_typo_font_weight":"","ocean_menu_typo_font_weight_tablet":"","ocean_menu_typo_font_weight_mobile":"","ocean_menu_typo_transform":"","ocean_menu_typo_transform_tablet":"","ocean_menu_typo_transform_mobile":"","ocean_menu_typo_line_height":0,"ocean_menu_typo_line_height_tablet":0,"ocean_menu_typo_line_height_mobile":0,"ocean_menu_typo_line_height_unit":"","ocean_menu_typo_spacing":0,"ocean_menu_typo_spacing_tablet":0,"ocean_menu_typo_spacing_mobile":0,"ocean_menu_typo_spacing_unit":"","ocean_menu_link_color":"","ocean_menu_link_color_hover":"","ocean_menu_link_color_active":"","ocean_menu_link_background":"","ocean_menu_link_hover_background":"","ocean_menu_link_active_background":"","ocean_menu_social_links_bg":"","ocean_menu_social_hover_links_bg":"","ocean_menu_social_links_color":"","ocean_menu_social_hover_links_color":"","ocean_disable_title":"default","ocean_disable_heading":"default","ocean_post_title":"","ocean_post_subheading":"","ocean_post_title_style":"","ocean_post_title_background_color":"","ocean_post_title_background":0,"ocean_post_title_bg_image_position":"","ocean_post_title_bg_image_attachment":"","ocean_post_title_bg_image_repeat":"","ocean_post_title_bg_image_size":"","ocean_post_title_height":0,"ocean_post_title_bg_overlay":0.5,"ocean_post_title_bg_overlay_color":"","ocean_disable_breadcrumbs":"default","ocean_breadcrumbs_color":"","ocean_breadcrumbs_separator_color":"","ocean_breadcrumbs_links_color":"","ocean_breadcrumbs_links_hover_color":"","ocean_display_footer_widgets":"default","ocean_display_footer_bottom":"default","ocean_custom_footer_template":"","footnotes":""},"class_list":["post-617","page","type-page","status-publish","hentry","entry","owp-thumbs-layout-horizontal","owp-btn-normal","owp-tabs-layout-horizontal","has-no-thumbnails","has-product-nav"],"yoast_head":"<!-- This site is optimized with the Yoast SEO plugin v27.4 - https:\/\/yoast.com\/product\/yoast-seo-wordpress\/ -->\n<title>Company Details | Dream World Bangkok | Trusted &amp; Transparent<\/title>\n<meta name=\"description\" content=\"Discover Dream World Bangkok&#039;s Company Details. Trusted Or Transparent Information Ensures Secure Transactions &amp; A Reliable Experience.\" \/>\n<meta name=\"robots\" content=\"noindex, follow\" \/>\n<meta property=\"og:locale\" content=\"fr_FR\" \/>\n<meta property=\"og:type\" content=\"article\" \/>\n<meta property=\"og:title\" content=\"Company Details | Dream World Bangkok | Trusted &amp; Transparent\" \/>\n<meta property=\"og:description\" content=\"Discover Dream World Bangkok&#039;s Company Details. Trusted Or Transparent Information Ensures Secure Transactions &amp; A Reliable Experience.\" \/>\n<meta property=\"og:url\" content=\"https:\/\/thedreamworldbangkok.com\/fr\/details-de-lentreprise\/\" \/>\n<meta property=\"og:site_name\" content=\"Dream World Bangkok\" \/>\n<meta property=\"article:modified_time\" content=\"2024-10-17T01:32:20+00:00\" \/>\n<meta name=\"twitter:card\" content=\"summary_large_image\" \/>\n<meta name=\"twitter:label1\" content=\"Dur\u00e9e de lecture estim\u00e9e\" \/>\n\t<meta name=\"twitter:data1\" content=\"2 minutes\" \/>\n<script type=\"application\/ld+json\" class=\"yoast-schema-graph\">{\"@context\":\"https:\\\/\\\/schema.org\",\"@graph\":[{\"@type\":\"WebPage\",\"@id\":\"https:\\\/\\\/thedreamworldbangkok.com\\\/company-details\\\/\",\"url\":\"https:\\\/\\\/thedreamworldbangkok.com\\\/company-details\\\/\",\"name\":\"Company Details | Dream World Bangkok | Trusted & Transparent\",\"isPartOf\":{\"@id\":\"https:\\\/\\\/thedreamworldbangkok.com\\\/#website\"},\"datePublished\":\"2024-09-04T10:51:40+00:00\",\"dateModified\":\"2024-10-17T01:32:20+00:00\",\"description\":\"Discover Dream World Bangkok's Company Details. Trusted Or Transparent Information Ensures Secure Transactions & A Reliable Experience.\",\"breadcrumb\":{\"@id\":\"https:\\\/\\\/thedreamworldbangkok.com\\\/company-details\\\/#breadcrumb\"},\"inLanguage\":\"fr-FR\",\"potentialAction\":[{\"@type\":\"ReadAction\",\"target\":[\"https:\\\/\\\/thedreamworldbangkok.com\\\/company-details\\\/\"]}]},{\"@type\":\"BreadcrumbList\",\"@id\":\"https:\\\/\\\/thedreamworldbangkok.com\\\/company-details\\\/#breadcrumb\",\"itemListElement\":[{\"@type\":\"ListItem\",\"position\":1,\"name\":\"Home\",\"item\":\"https:\\\/\\\/thedreamworldbangkok.com\\\/\"},{\"@type\":\"ListItem\",\"position\":2,\"name\":\"Company Details\"}]},{\"@type\":\"WebSite\",\"@id\":\"https:\\\/\\\/thedreamworldbangkok.com\\\/#website\",\"url\":\"https:\\\/\\\/thedreamworldbangkok.com\\\/\",\"name\":\"Dream World Bangkok\",\"description\":\"\",\"publisher\":{\"@id\":\"https:\\\/\\\/thedreamworldbangkok.com\\\/#organization\"},\"potentialAction\":[{\"@type\":\"SearchAction\",\"target\":{\"@type\":\"EntryPoint\",\"urlTemplate\":\"https:\\\/\\\/thedreamworldbangkok.com\\\/?s={search_term_string}\"},\"query-input\":{\"@type\":\"PropertyValueSpecification\",\"valueRequired\":true,\"valueName\":\"search_term_string\"}}],\"inLanguage\":\"fr-FR\"},{\"@type\":\"Organization\",\"@id\":\"https:\\\/\\\/thedreamworldbangkok.com\\\/#organization\",\"name\":\"Dream World Bangkok\",\"url\":\"https:\\\/\\\/thedreamworldbangkok.com\\\/\",\"logo\":{\"@type\":\"ImageObject\",\"inLanguage\":\"fr-FR\",\"@id\":\"https:\\\/\\\/thedreamworldbangkok.com\\\/#\\\/schema\\\/logo\\\/image\\\/\",\"url\":\"https:\\\/\\\/thedreamworldbangkok.com\\\/wp-content\\\/uploads\\\/2024\\\/08\\\/Dream-World-Bangkok.png\",\"contentUrl\":\"https:\\\/\\\/thedreamworldbangkok.com\\\/wp-content\\\/uploads\\\/2024\\\/08\\\/Dream-World-Bangkok.png\",\"width\":245,\"height\":70,\"caption\":\"Dream World Bangkok\"},\"image\":{\"@id\":\"https:\\\/\\\/thedreamworldbangkok.com\\\/#\\\/schema\\\/logo\\\/image\\\/\"}}]}<\/script>\n<!-- \/ Yoast SEO plugin. -->","yoast_head_json":{"title":"D\u00e9tails de l&#039;entreprise | Dream World Bangkok | Fiable et transparent","description":"D\u00e9couvrez les coordonn\u00e9es de la soci\u00e9t\u00e9 Dream World Bangkok. Des informations fiables et transparentes garantissent des transactions s\u00e9curis\u00e9es et une exp\u00e9rience fiable.","robots":{"index":"noindex","follow":"follow"},"og_locale":"fr_FR","og_type":"article","og_title":"Company Details | Dream World Bangkok | Trusted & Transparent","og_description":"Discover Dream World Bangkok's Company Details. Trusted Or Transparent Information Ensures Secure Transactions & A Reliable Experience.","og_url":"https:\/\/thedreamworldbangkok.com\/fr\/details-de-lentreprise\/","og_site_name":"Dream World Bangkok","article_modified_time":"2024-10-17T01:32:20+00:00","twitter_card":"summary_large_image","twitter_misc":{"Dur\u00e9e de lecture estim\u00e9e":"2 minutes"},"schema":{"@context":"https:\/\/schema.org","@graph":[{"@type":"WebPage","@id":"https:\/\/thedreamworldbangkok.com\/company-details\/","url":"https:\/\/thedreamworldbangkok.com\/company-details\/","name":"D\u00e9tails de l&#039;entreprise | Dream World Bangkok | Fiable et transparent","isPartOf":{"@id":"https:\/\/thedreamworldbangkok.com\/#website"},"datePublished":"2024-09-04T10:51:40+00:00","dateModified":"2024-10-17T01:32:20+00:00","description":"D\u00e9couvrez les coordonn\u00e9es de la soci\u00e9t\u00e9 Dream World Bangkok. Des informations fiables et transparentes garantissent des transactions s\u00e9curis\u00e9es et une exp\u00e9rience fiable.","breadcrumb":{"@id":"https:\/\/thedreamworldbangkok.com\/company-details\/#breadcrumb"},"inLanguage":"fr-FR","potentialAction":[{"@type":"ReadAction","target":["https:\/\/thedreamworldbangkok.com\/company-details\/"]}]},{"@type":"BreadcrumbList","@id":"https:\/\/thedreamworldbangkok.com\/company-details\/#breadcrumb","itemListElement":[{"@type":"ListItem","position":1,"name":"Home","item":"https:\/\/thedreamworldbangkok.com\/"},{"@type":"ListItem","position":2,"name":"Company Details"}]},{"@type":"WebSite","@id":"https:\/\/thedreamworldbangkok.com\/#website","url":"https:\/\/thedreamworldbangkok.com\/","name":"Le monde des r\u00eaves \u00e0 Bangkok","description":"","publisher":{"@id":"https:\/\/thedreamworldbangkok.com\/#organization"},"potentialAction":[{"@type":"SearchAction","target":{"@type":"EntryPoint","urlTemplate":"https:\/\/thedreamworldbangkok.com\/?s={search_term_string}"},"query-input":{"@type":"PropertyValueSpecification","valueRequired":true,"valueName":"search_term_string"}}],"inLanguage":"fr-FR"},{"@type":"Organization","@id":"https:\/\/thedreamworldbangkok.com\/#organization","name":"Le monde des r\u00eaves \u00e0 Bangkok","url":"https:\/\/thedreamworldbangkok.com\/","logo":{"@type":"ImageObject","inLanguage":"fr-FR","@id":"https:\/\/thedreamworldbangkok.com\/#\/schema\/logo\/image\/","url":"https:\/\/thedreamworldbangkok.com\/wp-content\/uploads\/2024\/08\/Dream-World-Bangkok.png","contentUrl":"https:\/\/thedreamworldbangkok.com\/wp-content\/uploads\/2024\/08\/Dream-World-Bangkok.png","width":245,"height":70,"caption":"Dream World Bangkok"},"image":{"@id":"https:\/\/thedreamworldbangkok.com\/#\/schema\/logo\/image\/"}}]}},"jetpack_sharing_enabled":true,"_links":{"self":[{"href":"https:\/\/thedreamworldbangkok.com\/fr\/wp-json\/wp\/v2\/pages\/617","targetHints":{"allow":["GET"]}}],"collection":[{"href":"https:\/\/thedreamworldbangkok.com\/fr\/wp-json\/wp\/v2\/pages"}],"about":[{"href":"https:\/\/thedreamworldbangkok.com\/fr\/wp-json\/wp\/v2\/types\/page"}],"author":[{"embeddable":true,"href":"https:\/\/thedreamworldbangkok.com\/fr\/wp-json\/wp\/v2\/users\/1"}],"replies":[{"embeddable":true,"href":"https:\/\/thedreamworldbangkok.com\/fr\/wp-json\/wp\/v2\/comments?post=617"}],"version-history":[{"count":0,"href":"https:\/\/thedreamworldbangkok.com\/fr\/wp-json\/wp\/v2\/pages\/617\/revisions"}],"wp:attachment":[{"href":"https:\/\/thedreamworldbangkok.com\/fr\/wp-json\/wp\/v2\/media?parent=617"}],"curies":[{"name":"wp","href":"https:\/\/api.w.org\/{rel}","templated":true}]}}