{"id":619,"date":"2024-09-04T16:25:37","date_gmt":"2024-09-04T10:55:37","guid":{"rendered":"https:\/\/thedreamworldbangkok.com\/?page_id=619"},"modified":"2024-10-17T06:58:11","modified_gmt":"2024-10-17T01:28:11","slug":"conditions-dutilisation","status":"publish","type":"page","link":"https:\/\/thedreamworldbangkok.com\/fr\/conditions-dutilisation\/","title":{"rendered":"Conditions d&#039;utilisation"},"content":{"rendered":"<div data-elementor-type=\"wp-page\" data-elementor-id=\"619\" class=\"elementor elementor-619\" data-elementor-post-type=\"page\">\n\t\t\t\t\t\t<section data-particle_enable=\"false\" data-particle-mobile-disabled=\"false\" class=\"elementor-section elementor-top-section elementor-element elementor-element-3a299ee elementor-section-boxed elementor-section-height-default elementor-section-height-default\" data-id=\"3a299ee\" data-element_type=\"section\" data-e-type=\"section\">\n\t\t\t\t\t\t<div class=\"elementor-container elementor-column-gap-default\">\n\t\t\t\t\t<div class=\"elementor-column elementor-col-100 elementor-top-column elementor-element elementor-element-f1119a4\" data-id=\"f1119a4\" data-element_type=\"column\" data-e-type=\"column\">\n\t\t\t<div class=\"elementor-widget-wrap elementor-element-populated\">\n\t\t\t\t\t\t<div class=\"elementor-element elementor-element-2ec04fa elementor-widget elementor-widget-text-editor\" data-id=\"2ec04fa\" data-element_type=\"widget\" data-e-type=\"widget\" data-widget_type=\"text-editor.default\">\n\t\t\t\t<div class=\"elementor-widget-container\">\n\t\t\t\t\t\t\t\t\t<h2 style=\"text-align: center;\"><span style=\"color: #000000;\">Conditions d&#039;utilisation<\/span><\/h2><p><span style=\"color: #000000;\">Bienvenue \u00e0 <strong>Le monde des r\u00eaves \u00e0 Bangkok<\/strong>, exploit\u00e9 par <strong>Vacances \u00e0 Triplyn<\/strong>. En acc\u00e9dant \u00e0 notre site Web et en l&#039;utilisant, <a style=\"color: #000000;\" href=\"https:\/\/thedreamworldbangkok.com\/fr\/\" target=\"_new\" rel=\"noopener\">https:\/\/thedreamworldbangkok.com<\/a>, vous acceptez de vous conformer aux conditions g\u00e9n\u00e9rales suivantes et d&#039;\u00eatre li\u00e9 par elles. Veuillez lire attentivement ces conditions avant d&#039;utiliser notre site Web.<\/span><\/p><hr \/><h3><span style=\"color: #000000;\">1. Conditions g\u00e9n\u00e9rales<\/span><\/h3><p><span style=\"color: #000000;\">Tous les services, contenus et produits fournis sur ce site Web sont propos\u00e9s par <strong>Vacances \u00e0 Triplyn<\/strong>En utilisant ce site Web, vous acceptez de respecter tous les termes, conditions et politiques d\u00e9crits ici. Si vous n&#039;\u00eates pas d&#039;accord avec l&#039;une de ces conditions, veuillez cesser d&#039;utiliser le site.<\/span><\/p><hr \/><h3><span style=\"color: #000000;\">2. Propri\u00e9t\u00e9 intellectuelle<\/span><\/h3><p><span style=\"color: #000000;\">Tout le contenu de ce site Web, y compris les textes, images, logos et autres \u00e9l\u00e9ments, est la propri\u00e9t\u00e9 intellectuelle de <strong>Vacances \u00e0 Triplyn<\/strong>. Ce contenu est prot\u00e9g\u00e9 par le droit d&#039;auteur, les marques d\u00e9pos\u00e9es et d&#039;autres lois sur la propri\u00e9t\u00e9 intellectuelle. Vous ne pouvez pas reproduire, modifier ou distribuer un contenu sans l&#039;autorisation explicite de <strong>Vacances \u00e0 Triplyn<\/strong>.<\/span><\/p><hr \/><h3><span style=\"color: #000000;\">3. Utilisation du site Web<\/span><\/h3><p><span style=\"color: #000000;\">En utilisant le <strong>Le monde des r\u00eaves \u00e0 Bangkok<\/strong> En utilisant ce site Web, vous acceptez que :<\/span><\/p><ul><li><span style=\"color: #000000;\">Vous n\u2019utiliserez pas le site Web \u00e0 des fins ill\u00e9gales.<\/span><\/li><li><span style=\"color: #000000;\">Vous n&#039;interf\u00e9rerez pas avec la fonctionnalit\u00e9 du site Web.<\/span><\/li><li><span style=\"color: #000000;\">Vous ne tenterez pas d\u2019acc\u00e9der aux zones restreintes du site Web.<\/span><\/li><li><span style=\"color: #000000;\">Vous ne distribuerez pas de virus ou de logiciels nuisibles.<\/span><\/li><\/ul><hr \/><h3><span style=\"color: #000000;\">4. Comptes d&#039;utilisateurs<\/span><\/h3><p><span style=\"color: #000000;\">Pour r\u00e9server des billets ou utiliser certaines fonctionnalit\u00e9s de notre site Web, vous devrez peut-\u00eatre cr\u00e9er un compte. Vous \u00eates responsable de la s\u00e9curit\u00e9 des informations de votre compte et acceptez d&#039;assumer la responsabilit\u00e9 de toutes les activit\u00e9s effectu\u00e9es sous votre compte.<\/span><\/p><p><span style=\"color: #000000;\">Si vous suspectez un acc\u00e8s non autoris\u00e9 \u00e0 votre compte, veuillez nous contacter \u00e0 <strong><a style=\"color: #000000;\" href=\"mailto:contact@thedreamworldbangkok.com\" rel=\"noopener\">contact@thedreamworldbangkok.com<\/a><\/strong>.<\/span><\/p><hr \/><h3><span style=\"color: #000000;\">5. Conditions de r\u00e9servation<\/span><\/h3><p><span style=\"color: #000000;\">En r\u00e9servant des billets via notre site Web, vous acceptez ce qui suit :<\/span><\/p><ul><li><span style=\"color: #000000;\">Toutes les r\u00e9servations sont soumises \u00e0 disponibilit\u00e9 et confirmation.<\/span><\/li><li><span style=\"color: #000000;\">Les prix sont sujets \u00e0 changement sans pr\u00e9avis.<\/span><\/li><li><span style=\"color: #000000;\">Vous devez fournir des informations exactes pour les r\u00e9servations, y compris les d\u00e9tails de paiement.<\/span><\/li><li><span style=\"color: #000000;\">Nous nous r\u00e9servons le droit de modifier ou d&#039;annuler les r\u00e9servations en raison de circonstances impr\u00e9vues.<\/span><\/li><\/ul><hr \/><h3><span style=\"color: #000000;\">6. Paiement<\/span><\/h3><p><span style=\"color: #000000;\">Les paiements pour les r\u00e9servations de billets doivent \u00eatre effectu\u00e9s via des passerelles de paiement s\u00e9curis\u00e9es fournies sur notre site Web. En effectuant le paiement, vous confirmez que vos informations de paiement sont exactes et que vous \u00eates autoris\u00e9 \u00e0 utiliser le mode de paiement choisi. Nous accordons la priorit\u00e9 \u00e0 la s\u00e9curit\u00e9 de votre paiement en utilisant le cryptage et une technologie s\u00e9curis\u00e9e.<\/span><\/p><hr \/><h3><span style=\"color: #000000;\">7. Remboursements et annulations<\/span><\/h3><p><span style=\"color: #000000;\">Nos politiques de remboursement et d&#039;annulation sont les suivantes :<\/span><\/p><ul><li><span style=\"color: #000000;\"><strong>Annulations<\/strong>:Vous pouvez annuler vos r\u00e9servations en nous contactant au <strong><a style=\"color: #000000;\" href=\"mailto:contact@thedreamworldbangkok.com\" rel=\"noopener\">contact@thedreamworldbangkok.com<\/a><\/strong>Les annulations sont soumises \u00e0 des conditions sp\u00e9cifiques.<\/span><\/li><li><span style=\"color: #000000;\"><strong>Remboursements<\/strong>:Les remboursements ne sont \u00e9mis que pour les annulations qui r\u00e9pondent aux conditions de notre politique de remboursement et sont trait\u00e9es via le mode de paiement d&#039;origine.<\/span><\/li><\/ul><p><span style=\"color: #000000;\">Consultez notre <a href=\"https:\/\/thedreamworldbangkok.com\/fr\/politique-de-remboursement-en-cas-dannulation\/\"><strong>Politique de remboursement<\/strong><\/a> pour plus de d\u00e9tails.<\/span><\/p><hr \/><h3><span style=\"color: #000000;\">8. Limitation de responsabilit\u00e9<\/span><\/h3><p><span style=\"color: #000000;\"><strong>Vacances \u00e0 Triplyn<\/strong> n&#039;est pas responsable de :<\/span><\/p><ul><li><span style=\"color: #000000;\">Inexactitudes dans le contenu ou les informations fournies sur le site Web.<\/span><\/li><li><span style=\"color: #000000;\">Retards ou d\u00e9faillances de services dus \u00e0 des circonstances ind\u00e9pendantes de notre volont\u00e9, telles que des d\u00e9faillances techniques ou des actions de tiers.<\/span><\/li><li><span style=\"color: #000000;\">Perte de donn\u00e9es, de b\u00e9n\u00e9fices ou de r\u00e9putation r\u00e9sultant de l\u2019utilisation de notre site Web.<\/span><\/li><\/ul><p><span style=\"color: #000000;\">Vous utilisez le site Web \u00e0 vos propres risques.<\/span><\/p><hr \/><h3><span style=\"color: #000000;\">9. Liens vers des sites tiers<\/span><\/h3><p><span style=\"color: #000000;\">Notre site Web peut inclure des liens vers des sites Web tiers. Ces liens sont fournis pour votre commodit\u00e9 et <strong>Vacances \u00e0 Triplyn<\/strong> n&#039;approuve pas et n&#039;assume aucune responsabilit\u00e9 quant au contenu ou aux politiques de confidentialit\u00e9 de ces sites externes.<\/span><\/p><hr \/><h3><span style=\"color: #000000;\">10. Politique de confidentialit\u00e9<\/span><\/h3><p><span style=\"color: #000000;\">En utilisant notre site Web, vous acceptez la collecte et l&#039;utilisation de vos donn\u00e9es personnelles comme indiqu\u00e9 dans notre <a href=\"https:\/\/thedreamworldbangkok.com\/fr\/politique-de-confidentialite\/\"><strong>politique de confidentialit\u00e9<\/strong><\/a>Veuillez le consulter pour comprendre comment vos donn\u00e9es sont g\u00e9r\u00e9es.<\/span><\/p><hr \/><h3><span style=\"color: #000000;\">11. Modifications des conditions d&#039;utilisation<\/span><\/h3><p><span style=\"color: #000000;\">Nous nous r\u00e9servons le droit de modifier ou de mettre \u00e0 jour ces conditions sans pr\u00e9avis. Les mises \u00e0 jour seront publi\u00e9es sur cette page et il est de votre responsabilit\u00e9 de consulter ces conditions r\u00e9guli\u00e8rement. L&#039;utilisation continue du site Web apr\u00e8s que des modifications ont \u00e9t\u00e9 apport\u00e9es signifie que vous acceptez les nouvelles conditions.<\/span><\/p><hr \/><h3><span style=\"color: #000000;\">12. Loi applicable<\/span><\/h3><p><span style=\"color: #000000;\">Ces conditions sont r\u00e9gies par les lois de <strong>Inde<\/strong>. Tout litige d\u00e9coulant des pr\u00e9sentes conditions ou de votre utilisation du site Web sera soumis \u00e0 la juridiction des tribunaux de <strong>New Delhi, Inde<\/strong>.<\/span><\/p><hr \/><h3><span style=\"color: #000000;\">13. Contactez-nous<\/span><\/h3><p><span style=\"color: #000000;\">Si vous avez des questions concernant ces conditions, veuillez nous contacter :<\/span><\/p><p><span style=\"color: #000000;\"><strong>Nom de l&#039;entreprise<\/strong>: Vacances \u00e0 Triplyn<\/span><br \/><span style=\"color: #000000;\"><strong>Adresse<\/strong>: A-54, zone industrielle de Keshopur, Vikaspuri, New Delhi 110018, Inde<\/span><br \/><span style=\"color: #000000;\"><strong>E-mail<\/strong>: <a style=\"color: #000000;\" href=\"mailto:contact@thedreamworldbangkok.com\" rel=\"noopener\">contact@thedreamworldbangkok.com<\/a><\/span><\/p><hr \/><h3><span style=\"color: #000000;\">14. R\u00e9siliation de l&#039;acc\u00e8s<\/span><\/h3><p><span style=\"color: #000000;\">Nous nous r\u00e9servons le droit de r\u00e9silier ou de suspendre votre acc\u00e8s au site Web sans pr\u00e9avis pour quelque raison que ce soit, y compris en cas de violation des pr\u00e9sentes conditions. Dans de tels cas, votre droit d&#039;utiliser le site Web et ses services sera imm\u00e9diatement r\u00e9voqu\u00e9.<\/span><\/p><hr \/><h3><span style=\"color: #000000;\">15. Indemnisation<\/span><\/h3><p><span style=\"color: #000000;\">Vous acceptez d&#039;indemniser <strong>Vacances \u00e0 Triplyn<\/strong> et son \u00e9quipe contre toute r\u00e9clamation, dommage ou responsabilit\u00e9 d\u00e9coulant de votre utilisation du site Web ou de la violation de ces conditions.<\/span><\/p><hr \/><h3><span style=\"color: #000000;\">16. Int\u00e9gralit\u00e9 de l&#039;accord<\/span><\/h3><p><span style=\"color: #000000;\">Ces <strong>Conditions d&#039;utilisation<\/strong>, ainsi que tous les avis juridiques sur le site Web, constituent l&#039;int\u00e9gralit\u00e9 de l&#039;accord entre vous et <strong>Vacances \u00e0 Triplyn<\/strong>Le pr\u00e9sent accord remplace tout accord ant\u00e9rieur relatif \u00e0 l\u2019objet trait\u00e9.<\/span><\/p><hr \/><h3><span style=\"color: #000000;\">17. Divisibilit\u00e9<\/span><\/h3><p><span style=\"color: #000000;\">Si une partie quelconque de ces conditions est jug\u00e9e invalide ou inapplicable, les conditions restantes continueront d\u2019\u00eatre en vigueur.<\/span><\/p><hr \/><h3><span style=\"color: #000000;\">18. Renonciation<\/span><\/h3><p><span style=\"color: #000000;\">\u00c9chec par <strong>Vacances \u00e0 Triplyn<\/strong> le fait de faire respecter une disposition quelconque des pr\u00e9sentes conditions ne constituera pas une renonciation \u00e0 cette disposition ni \u00e0 toute violation future.<\/span><\/p><hr \/><h3><span style=\"color: #000000;\">19. Force majeure<\/span><\/h3><p><span style=\"color: #000000;\"><strong>Vacances \u00e0 Triplyn<\/strong> n&#039;est pas responsable des \u00e9checs ou des retards d&#039;ex\u00e9cution dus \u00e0 des \u00e9v\u00e9nements ind\u00e9pendants de notre volont\u00e9, y compris les catastrophes naturelles, les gr\u00e8ves ou d&#039;autres \u00e9v\u00e9nements impr\u00e9visibles.<\/span><\/p>\t\t\t\t\t\t\t\t<\/div>\n\t\t\t\t<\/div>\n\t\t\t\t\t<\/div>\n\t\t<\/div>\n\t\t\t\t\t<\/div>\n\t\t<\/section>\n\t\t\t\t<\/div>","protected":false},"excerpt":{"rendered":"<p>Terms of Usage Welcome to Dream World Bangkok, operated by Triplyn Holidays. By accessing and using our website, https:\/\/thedreamworldbangkok.com, you agree to comply with and be bound by the following terms and conditions. Please read these terms carefully before using our website. 1. General Terms All services, content, and products provided on this website are [&hellip;]<\/p>\n","protected":false},"author":1,"featured_media":0,"parent":0,"menu_order":0,"comment_status":"closed","ping_status":"closed","template":"","meta":{"ocean_post_layout":"","ocean_both_sidebars_style":"","ocean_both_sidebars_content_width":0,"ocean_both_sidebars_sidebars_width":0,"ocean_sidebar":"","ocean_second_sidebar":"","ocean_disable_margins":"enable","ocean_add_body_class":"","ocean_shortcode_before_top_bar":"","ocean_shortcode_after_top_bar":"","ocean_shortcode_before_header":"","ocean_shortcode_after_header":"","ocean_has_shortcode":"","ocean_shortcode_after_title":"","ocean_shortcode_before_footer_widgets":"","ocean_shortcode_after_footer_widgets":"","ocean_shortcode_before_footer_bottom":"","ocean_shortcode_after_footer_bottom":"","ocean_display_top_bar":"default","ocean_display_header":"default","ocean_header_style":"","ocean_center_header_left_menu":"","ocean_custom_header_template":"","ocean_custom_logo":0,"ocean_custom_retina_logo":0,"ocean_custom_logo_max_width":0,"ocean_custom_logo_tablet_max_width":0,"ocean_custom_logo_mobile_max_width":0,"ocean_custom_logo_max_height":0,"ocean_custom_logo_tablet_max_height":0,"ocean_custom_logo_mobile_max_height":0,"ocean_header_custom_menu":"","ocean_menu_typo_font_family":"","ocean_menu_typo_font_subset":"","ocean_menu_typo_font_size":0,"ocean_menu_typo_font_size_tablet":0,"ocean_menu_typo_font_size_mobile":0,"ocean_menu_typo_font_size_unit":"px","ocean_menu_typo_font_weight":"","ocean_menu_typo_font_weight_tablet":"","ocean_menu_typo_font_weight_mobile":"","ocean_menu_typo_transform":"","ocean_menu_typo_transform_tablet":"","ocean_menu_typo_transform_mobile":"","ocean_menu_typo_line_height":0,"ocean_menu_typo_line_height_tablet":0,"ocean_menu_typo_line_height_mobile":0,"ocean_menu_typo_line_height_unit":"","ocean_menu_typo_spacing":0,"ocean_menu_typo_spacing_tablet":0,"ocean_menu_typo_spacing_mobile":0,"ocean_menu_typo_spacing_unit":"","ocean_menu_link_color":"","ocean_menu_link_color_hover":"","ocean_menu_link_color_active":"","ocean_menu_link_background":"","ocean_menu_link_hover_background":"","ocean_menu_link_active_background":"","ocean_menu_social_links_bg":"","ocean_menu_social_hover_links_bg":"","ocean_menu_social_links_color":"","ocean_menu_social_hover_links_color":"","ocean_disable_title":"default","ocean_disable_heading":"default","ocean_post_title":"","ocean_post_subheading":"","ocean_post_title_style":"","ocean_post_title_background_color":"","ocean_post_title_background":0,"ocean_post_title_bg_image_position":"","ocean_post_title_bg_image_attachment":"","ocean_post_title_bg_image_repeat":"","ocean_post_title_bg_image_size":"","ocean_post_title_height":0,"ocean_post_title_bg_overlay":0.5,"ocean_post_title_bg_overlay_color":"","ocean_disable_breadcrumbs":"default","ocean_breadcrumbs_color":"","ocean_breadcrumbs_separator_color":"","ocean_breadcrumbs_links_color":"","ocean_breadcrumbs_links_hover_color":"","ocean_display_footer_widgets":"default","ocean_display_footer_bottom":"default","ocean_custom_footer_template":"","footnotes":""},"class_list":["post-619","page","type-page","status-publish","hentry","entry","owp-thumbs-layout-horizontal","owp-btn-normal","owp-tabs-layout-horizontal","has-no-thumbnails","has-product-nav"],"yoast_head":"<!-- This site is optimized with the Yoast SEO plugin v27.4 - https:\/\/yoast.com\/product\/yoast-seo-wordpress\/ -->\n<title>Terms Of Usage \u2013 Dream World Bangkok | Clear &amp; Fair Policies<\/title>\n<meta name=\"description\" content=\"Understand Our Terms Of Usage At Dream World Bangkok. Clear Guidelines Ensure Fair Use, Safe Transactions, And A Secure Experience.\" \/>\n<meta name=\"robots\" content=\"noindex, follow\" \/>\n<meta property=\"og:locale\" content=\"fr_FR\" \/>\n<meta property=\"og:type\" content=\"article\" \/>\n<meta property=\"og:title\" content=\"Terms Of Usage \u2013 Dream World Bangkok | Clear &amp; Fair Policies\" \/>\n<meta property=\"og:description\" content=\"Understand Our Terms Of Usage At Dream World Bangkok. Clear Guidelines Ensure Fair Use, Safe Transactions, And A Secure Experience.\" \/>\n<meta property=\"og:url\" content=\"https:\/\/thedreamworldbangkok.com\/fr\/conditions-dutilisation\/\" \/>\n<meta property=\"og:site_name\" content=\"Dream World Bangkok\" \/>\n<meta property=\"article:modified_time\" content=\"2024-10-17T01:28:11+00:00\" \/>\n<meta name=\"twitter:card\" content=\"summary_large_image\" \/>\n<meta name=\"twitter:label1\" content=\"Dur\u00e9e de lecture estim\u00e9e\" \/>\n\t<meta name=\"twitter:data1\" content=\"4 minutes\" \/>\n<script type=\"application\/ld+json\" class=\"yoast-schema-graph\">{\"@context\":\"https:\\\/\\\/schema.org\",\"@graph\":[{\"@type\":\"WebPage\",\"@id\":\"https:\\\/\\\/thedreamworldbangkok.com\\\/terms-of-usage\\\/\",\"url\":\"https:\\\/\\\/thedreamworldbangkok.com\\\/terms-of-usage\\\/\",\"name\":\"Terms Of Usage \u2013 Dream World Bangkok | Clear & Fair Policies\",\"isPartOf\":{\"@id\":\"https:\\\/\\\/thedreamworldbangkok.com\\\/#website\"},\"datePublished\":\"2024-09-04T10:55:37+00:00\",\"dateModified\":\"2024-10-17T01:28:11+00:00\",\"description\":\"Understand Our Terms Of Usage At Dream World Bangkok. Clear Guidelines Ensure Fair Use, Safe Transactions, And A Secure Experience.\",\"breadcrumb\":{\"@id\":\"https:\\\/\\\/thedreamworldbangkok.com\\\/terms-of-usage\\\/#breadcrumb\"},\"inLanguage\":\"fr-FR\",\"potentialAction\":[{\"@type\":\"ReadAction\",\"target\":[\"https:\\\/\\\/thedreamworldbangkok.com\\\/terms-of-usage\\\/\"]}]},{\"@type\":\"BreadcrumbList\",\"@id\":\"https:\\\/\\\/thedreamworldbangkok.com\\\/terms-of-usage\\\/#breadcrumb\",\"itemListElement\":[{\"@type\":\"ListItem\",\"position\":1,\"name\":\"Home\",\"item\":\"https:\\\/\\\/thedreamworldbangkok.com\\\/\"},{\"@type\":\"ListItem\",\"position\":2,\"name\":\"Terms Of Usage\"}]},{\"@type\":\"WebSite\",\"@id\":\"https:\\\/\\\/thedreamworldbangkok.com\\\/#website\",\"url\":\"https:\\\/\\\/thedreamworldbangkok.com\\\/\",\"name\":\"Dream World Bangkok\",\"description\":\"\",\"publisher\":{\"@id\":\"https:\\\/\\\/thedreamworldbangkok.com\\\/#organization\"},\"potentialAction\":[{\"@type\":\"SearchAction\",\"target\":{\"@type\":\"EntryPoint\",\"urlTemplate\":\"https:\\\/\\\/thedreamworldbangkok.com\\\/?s={search_term_string}\"},\"query-input\":{\"@type\":\"PropertyValueSpecification\",\"valueRequired\":true,\"valueName\":\"search_term_string\"}}],\"inLanguage\":\"fr-FR\"},{\"@type\":\"Organization\",\"@id\":\"https:\\\/\\\/thedreamworldbangkok.com\\\/#organization\",\"name\":\"Dream World Bangkok\",\"url\":\"https:\\\/\\\/thedreamworldbangkok.com\\\/\",\"logo\":{\"@type\":\"ImageObject\",\"inLanguage\":\"fr-FR\",\"@id\":\"https:\\\/\\\/thedreamworldbangkok.com\\\/#\\\/schema\\\/logo\\\/image\\\/\",\"url\":\"https:\\\/\\\/thedreamworldbangkok.com\\\/wp-content\\\/uploads\\\/2024\\\/08\\\/Dream-World-Bangkok.png\",\"contentUrl\":\"https:\\\/\\\/thedreamworldbangkok.com\\\/wp-content\\\/uploads\\\/2024\\\/08\\\/Dream-World-Bangkok.png\",\"width\":245,\"height\":70,\"caption\":\"Dream World Bangkok\"},\"image\":{\"@id\":\"https:\\\/\\\/thedreamworldbangkok.com\\\/#\\\/schema\\\/logo\\\/image\\\/\"}}]}<\/script>\n<!-- \/ Yoast SEO plugin. -->","yoast_head_json":{"title":"Conditions d&#039;utilisation \u2013 Dream World Bangkok | Politiques claires et \u00e9quitables","description":"Comprenez nos conditions d&#039;utilisation chez Dream World Bangkok. Des directives claires garantissent une utilisation \u00e9quitable, des transactions s\u00e9curis\u00e9es et une exp\u00e9rience s\u00e9curis\u00e9e.","robots":{"index":"noindex","follow":"follow"},"og_locale":"fr_FR","og_type":"article","og_title":"Terms Of Usage \u2013 Dream World Bangkok | Clear & Fair Policies","og_description":"Understand Our Terms Of Usage At Dream World Bangkok. Clear Guidelines Ensure Fair Use, Safe Transactions, And A Secure Experience.","og_url":"https:\/\/thedreamworldbangkok.com\/fr\/conditions-dutilisation\/","og_site_name":"Dream World Bangkok","article_modified_time":"2024-10-17T01:28:11+00:00","twitter_card":"summary_large_image","twitter_misc":{"Dur\u00e9e de lecture estim\u00e9e":"4 minutes"},"schema":{"@context":"https:\/\/schema.org","@graph":[{"@type":"WebPage","@id":"https:\/\/thedreamworldbangkok.com\/terms-of-usage\/","url":"https:\/\/thedreamworldbangkok.com\/terms-of-usage\/","name":"Conditions d&#039;utilisation \u2013 Dream World Bangkok | Politiques claires et \u00e9quitables","isPartOf":{"@id":"https:\/\/thedreamworldbangkok.com\/#website"},"datePublished":"2024-09-04T10:55:37+00:00","dateModified":"2024-10-17T01:28:11+00:00","description":"Comprenez nos conditions d&#039;utilisation chez Dream World Bangkok. Des directives claires garantissent une utilisation \u00e9quitable, des transactions s\u00e9curis\u00e9es et une exp\u00e9rience s\u00e9curis\u00e9e.","breadcrumb":{"@id":"https:\/\/thedreamworldbangkok.com\/terms-of-usage\/#breadcrumb"},"inLanguage":"fr-FR","potentialAction":[{"@type":"ReadAction","target":["https:\/\/thedreamworldbangkok.com\/terms-of-usage\/"]}]},{"@type":"BreadcrumbList","@id":"https:\/\/thedreamworldbangkok.com\/terms-of-usage\/#breadcrumb","itemListElement":[{"@type":"ListItem","position":1,"name":"Home","item":"https:\/\/thedreamworldbangkok.com\/"},{"@type":"ListItem","position":2,"name":"Terms Of Usage"}]},{"@type":"WebSite","@id":"https:\/\/thedreamworldbangkok.com\/#website","url":"https:\/\/thedreamworldbangkok.com\/","name":"Le monde des r\u00eaves \u00e0 Bangkok","description":"","publisher":{"@id":"https:\/\/thedreamworldbangkok.com\/#organization"},"potentialAction":[{"@type":"SearchAction","target":{"@type":"EntryPoint","urlTemplate":"https:\/\/thedreamworldbangkok.com\/?s={search_term_string}"},"query-input":{"@type":"PropertyValueSpecification","valueRequired":true,"valueName":"search_term_string"}}],"inLanguage":"fr-FR"},{"@type":"Organization","@id":"https:\/\/thedreamworldbangkok.com\/#organization","name":"Le monde des r\u00eaves \u00e0 Bangkok","url":"https:\/\/thedreamworldbangkok.com\/","logo":{"@type":"ImageObject","inLanguage":"fr-FR","@id":"https:\/\/thedreamworldbangkok.com\/#\/schema\/logo\/image\/","url":"https:\/\/thedreamworldbangkok.com\/wp-content\/uploads\/2024\/08\/Dream-World-Bangkok.png","contentUrl":"https:\/\/thedreamworldbangkok.com\/wp-content\/uploads\/2024\/08\/Dream-World-Bangkok.png","width":245,"height":70,"caption":"Dream World Bangkok"},"image":{"@id":"https:\/\/thedreamworldbangkok.com\/#\/schema\/logo\/image\/"}}]}},"jetpack_sharing_enabled":true,"_links":{"self":[{"href":"https:\/\/thedreamworldbangkok.com\/fr\/wp-json\/wp\/v2\/pages\/619","targetHints":{"allow":["GET"]}}],"collection":[{"href":"https:\/\/thedreamworldbangkok.com\/fr\/wp-json\/wp\/v2\/pages"}],"about":[{"href":"https:\/\/thedreamworldbangkok.com\/fr\/wp-json\/wp\/v2\/types\/page"}],"author":[{"embeddable":true,"href":"https:\/\/thedreamworldbangkok.com\/fr\/wp-json\/wp\/v2\/users\/1"}],"replies":[{"embeddable":true,"href":"https:\/\/thedreamworldbangkok.com\/fr\/wp-json\/wp\/v2\/comments?post=619"}],"version-history":[{"count":0,"href":"https:\/\/thedreamworldbangkok.com\/fr\/wp-json\/wp\/v2\/pages\/619\/revisions"}],"wp:attachment":[{"href":"https:\/\/thedreamworldbangkok.com\/fr\/wp-json\/wp\/v2\/media?parent=619"}],"curies":[{"name":"wp","href":"https:\/\/api.w.org\/{rel}","templated":true}]}}