{"id":2635,"date":"2024-10-17T10:27:56","date_gmt":"2024-10-17T04:57:56","guid":{"rendered":"https:\/\/thedreamworldbangkok.com\/?post_type=product&#038;p=2635"},"modified":"2025-12-23T16:28:16","modified_gmt":"2025-12-23T10:58:16","slug":"billet-super-visa-avec-dejeuner-buffet","status":"publish","type":"product","link":"https:\/\/thedreamworldbangkok.com\/fr\/billets\/billet-super-visa-avec-dejeuner-buffet\/","title":{"rendered":"Billet Super Visa avec d\u00e9jeuner buffet"},"content":{"rendered":"<div class=\"ticket-page\">\n<h2>Billet Super Visa avec d\u00e9jeuner buffet \u2013 Dream World Bangkok<\/h2>\n<h3>\u00c0 propos de Dream World Bangkok<\/h3>\n<p>Dream World Bangkok est un parc d&#039;attractions de premier ordre proposant des exp\u00e9riences amusantes pour tous les \u00e2ges. Avec le billet Super Visa, vous b\u00e9n\u00e9ficiez d&#039;un acc\u00e8s illimit\u00e9 \u00e0 des man\u00e8ges palpitants, des attractions enchanteresses et des spectacles magiques, vous garantissant une journ\u00e9e inoubliable d&#039;excitation et d&#039;aventure. Le forfait comprend \u00e9galement un d\u00e9jeuner buffet avec une grande vari\u00e9t\u00e9 de cuisines internationales et indiennes. Les transferts depuis et vers l&#039;h\u00f4tel sont disponibles en option pour rendre votre visite sans tracas.<\/p>\n<h3>Heures d&#039;ouverture<\/h3>\n<p>Dream World Bangkok est ouvert tous les jours de 10h00 \u00e0 17h00. Les week-ends et jours f\u00e9ri\u00e9s, le parc prolonge ses horaires jusqu&#039;\u00e0 19h00 pour accueillir davantage de visiteurs.<\/p>\n<h3>L&#039;heure du d\u00e9jeuner<\/h3>\n<p>Le d\u00e9jeuner buffet est servi tous les jours de 11h30 \u00e0 14h00, proposant une gamme de plats d\u00e9licieux pour faire le plein d&#039;\u00e9nergie pendant votre journ\u00e9e de plaisir.<\/p>\n<h3>Politique relative \u00e0 l&#039;enfance<\/h3>\n<ul>\n<li><strong>Enfants de moins de 90 cm<\/strong>:Gratuit.<\/li>\n<li><strong>Children above 90 cm<\/strong>:Les tarifs des billets pour adultes s&#039;appliquent.<\/li>\n<\/ul>\n<h3>Man\u00e8ges et spectacles inclus<\/h3>\n<p>Avec le billet Super Visa, vous b\u00e9n\u00e9ficiez d&#039;un acc\u00e8s illimit\u00e9 aux \u00e9l\u00e9ments suivants\u00a0:<\/p>\n<ul>\n<li>Snow Town (avec luge et ski \u00e0 -8\u00b0C)<\/li>\n<li>Course de karting<\/li>\n<li>Des attractions passionnantes comme Tornado, Sky Coaster, Grand Canyon, Super Splash et bien plus encore<\/li>\n<li>Des \u00e9missions comme Hollywood Action Show, The Colors of The World Parade et Animal Shows<\/li>\n<\/ul>\n<h3>Points forts<\/h3>\n<ul>\n<li>Man\u00e8ges illimit\u00e9s vers toutes les attractions<\/li>\n<li>Acc\u00e8s \u00e0 Snow Town et Go-Kart<\/li>\n<li>D\u00e9jeuner buffet international et indien inclus<\/li>\n<li>Transferts optionnels vers l&#039;h\u00f4tel disponibles<\/li>\n<li>Des spectacles divertissants quotidiens pour tous les \u00e2ges<\/li>\n<\/ul>\n<h3>Inclusions<\/h3>\n<ul>\n<li>Billet d&#039;entr\u00e9e au Dream World Bangkok<\/li>\n<li>Man\u00e8ges illimit\u00e9s vers toutes les attractions<\/li>\n<li>D\u00e9jeuner buffet (cuisine internationale et indienne)<\/li>\n<li>Acc\u00e8s \u00e0 Snow Town et Go-Kart<\/li>\n<li>Transferts aller-retour partag\u00e9s ou priv\u00e9s en option depuis et vers l&#039;h\u00f4tel<\/li>\n<\/ul>\n<h3>Exclusions<\/h3>\n<ul>\n<li>Jeux de carnaval<\/li>\n<li>Nourriture et boissons en dehors du buffet<\/li>\n<li>D\u00e9penses personnelles comme souvenirs et photos<\/li>\n<\/ul>\n<h3>Politique de remboursement et d&#039;annulation<\/h3>\n<p>Les annulations effectu\u00e9es 24 heures avant la date de la prestation pourront donner droit \u00e0 un remboursement complet. Aucun remboursement ne sera effectu\u00e9 pour les annulations effectu\u00e9es apr\u00e8s ce d\u00e9lai. Pour plus d&#039;informations, veuillez consulter notre <strong><a href=\"https:\/\/thedreamworldbangkok.com\/fr\/politique-de-remboursement-en-cas-dannulation\/\" target=\"_blank\" rel=\"noopener\">Politique d&#039;annulation et de remboursement<\/a><\/strong>.<\/p>\n<h3>Quoi de plus ?<\/h3>\n<p>Dream World Bangkok propose une vari\u00e9t\u00e9 d&#039;options de restauration, de boutiques de souvenirs et de zones th\u00e9matiques telles que Fantasy World, Small World et Family World. Explorez des zones th\u00e9matiques magiques, faites des attractions passionnantes et profitez d&#039;une journ\u00e9e pleine d&#039;action en famille et entre amis.<\/p>\n<h3>Conseils d&#039;initi\u00e9s<\/h3>\n<ul>\n<li>Arrivez t\u00f4t pour profiter au maximum de votre journ\u00e9e.<\/li>\n<li>Emportez de la cr\u00e8me solaire et des chapeaux pour les sorties en ext\u00e9rieur.<\/li>\n<li>Portez des v\u00eatements confortables et \u00e0 s\u00e9chage rapide si vous pr\u00e9voyez de profiter des attractions aquatiques.<\/li>\n<\/ul>\n<h3>\u00c0 faire et \u00e0 ne pas faire<\/h3>\n<ul>\n<li>Veuillez suivre les r\u00e8gles du parc et les consignes de s\u00e9curit\u00e9.<\/li>\n<li>Portez des v\u00eatements appropri\u00e9s pour les attractions.<\/li>\n<li>N&#039;apportez pas de nourriture ou de boissons de l&#039;ext\u00e9rieur dans le parc.<\/li>\n<li>N&#039;adoptez pas de comportements dangereux sur les man\u00e8ges.<\/li>\n<\/ul>\n<h3>\u00c0 savoir avant de partir<\/h3>\n<ul>\n<li>Le billet Super Visa comprend un acc\u00e8s illimit\u00e9 aux man\u00e8ges et attractions, ainsi qu&#039;un d\u00e9jeuner buffet. Les transferts depuis et vers l&#039;h\u00f4tel sont disponibles en option.<\/li>\n<li>Assurez-vous de r\u00e9server au moins 1 jour \u00e0 l&#039;avance, avant 8 heures du matin le jour du service, pour garantir votre r\u00e9servation.<\/li>\n<\/ul>\n<h3>Cartes et localisation<\/h3>\n<ul>\n<li>Adresse : Dream World Bangkok, 62 Moo 1 Rangsit-Ongkarak Road (Km. 7), Bueng Yitho, Thanyaburi, Pathum Thani 12130, Tha\u00eflande<\/li>\n<li><a href=\"https:\/\/maps.app.goo.gl\/sbf7XmzJxr5HM5oN8\" target=\"_new\" rel=\"noopener\">Voir l&#039;emplacement sur Google Maps<\/a><\/li>\n<\/ul>\n<h3>Comment se rendre au Dream World Bangkok ?<\/h3>\n<ul>\n<li><strong>En bus :<\/strong> Les bus num\u00e9ros 59, 188, 212, 340 et 538 vous emm\u00e8neront \u00e0 Dream World.<\/li>\n<li><strong>En train :<\/strong> Prenez le BTS jusqu&#039;\u00e0 Mo Chit, puis changez pour le bus num\u00e9ro 538.<\/li>\n<li><strong>En taxi :<\/strong> Des taxis sont disponibles dans tout Bangkok pour un trajet direct vers Dream World.<\/li>\n<\/ul>\n<h3>Questions fr\u00e9quemment pos\u00e9es (FAQ)<\/h3>\n<ol>\n<li><strong>Qu&#039;est-ce qui est inclus dans le billet Super Visa ?<\/strong><br \/>\nLe billet Super Visa comprend un acc\u00e8s illimit\u00e9 \u00e0 tous les man\u00e8ges, attractions, Snow Town, Go-Kart et un d\u00e9jeuner buffet.<\/li>\n<li><strong>Le transfert depuis l&#039;h\u00f4tel est-il inclus ?<\/strong><br \/>\nLes transferts depuis et vers l&#039;h\u00f4tel sont facultatifs. Vous pouvez choisir des transferts aller-retour partag\u00e9s ou priv\u00e9s.<\/li>\n<li><strong>Y a-t-il des restrictions de taille pour les man\u00e8ges ?<\/strong><br \/>\nCertaines attractions peuvent \u00eatre soumises \u00e0 des restrictions de taille pour des raisons de s\u00e9curit\u00e9. Veuillez vous renseigner aupr\u00e8s du parc pour conna\u00eetre les exigences sp\u00e9cifiques.<\/li>\n<li><strong>Quelles sont les heures d&#039;ouverture du parc?<\/strong><br \/>\nDream World est ouvert tous les jours de 10h00 \u00e0 17h00, avec des horaires prolong\u00e9s les week-ends et les jours f\u00e9ri\u00e9s.<\/li>\n<li><strong>Puis-je annuler ma r\u00e9servation ?<\/strong><br \/>\nOui, les annulations effectu\u00e9es 24 heures \u00e0 l&#039;avance donnent droit \u00e0 un remboursement complet.<\/li>\n<\/ol>\n<p>Profitez de votre journ\u00e9e \u00e0 <strong><a href=\"https:\/\/thedreamworldbangkok.com\/fr\" target=\"_new\" rel=\"noopener\">Le monde des r\u00eaves \u00e0 Bangkok<\/a><\/strong> avec le <strong>Billet Super Visa avec d\u00e9jeuner buffet<\/strong> pour une exp\u00e9rience passionnante et amusante !<\/p>\n<\/div>","protected":false},"excerpt":{"rendered":"<table class=\"short-description\">\n<tbody class=\"tabel364\">\n<tr class=\"short-description-tr32r\">\n<th class=\"short-description-th\"><span class=\"description-h23\"><strong class=\"description-strong67\">R\u00e9servez 1 jour \u00e0 l&#039;avance avant 8h00 le jour de la visite. <\/strong><\/span><\/th>\n<\/tr>\n<\/tbody>\n<\/table>","protected":false},"featured_media":2631,"template":"","meta":{"ocean_post_layout":"","ocean_both_sidebars_style":"","ocean_both_sidebars_content_width":0,"ocean_both_sidebars_sidebars_width":0,"ocean_sidebar":"0","ocean_second_sidebar":"0","ocean_disable_margins":"enable","ocean_add_body_class":"","ocean_shortcode_before_top_bar":"","ocean_shortcode_after_top_bar":"","ocean_shortcode_before_header":"","ocean_shortcode_after_header":"","ocean_has_shortcode":"","ocean_shortcode_after_title":"","ocean_shortcode_before_footer_widgets":"","ocean_shortcode_after_footer_widgets":"","ocean_shortcode_before_footer_bottom":"","ocean_shortcode_after_footer_bottom":"","ocean_display_top_bar":"default","ocean_display_header":"default","ocean_header_style":"","ocean_center_header_left_menu":"0","ocean_custom_header_template":"0","ocean_custom_logo":0,"ocean_custom_retina_logo":0,"ocean_custom_logo_max_width":0,"ocean_custom_logo_tablet_max_width":0,"ocean_custom_logo_mobile_max_width":0,"ocean_custom_logo_max_height":0,"ocean_custom_logo_tablet_max_height":0,"ocean_custom_logo_mobile_max_height":0,"ocean_header_custom_menu":"0","ocean_menu_typo_font_family":"0","ocean_menu_typo_font_subset":"","ocean_menu_typo_font_size":0,"ocean_menu_typo_font_size_tablet":0,"ocean_menu_typo_font_size_mobile":0,"ocean_menu_typo_font_size_unit":"px","ocean_menu_typo_font_weight":"","ocean_menu_typo_font_weight_tablet":"","ocean_menu_typo_font_weight_mobile":"","ocean_menu_typo_transform":"","ocean_menu_typo_transform_tablet":"","ocean_menu_typo_transform_mobile":"","ocean_menu_typo_line_height":0,"ocean_menu_typo_line_height_tablet":0,"ocean_menu_typo_line_height_mobile":0,"ocean_menu_typo_line_height_unit":"","ocean_menu_typo_spacing":0,"ocean_menu_typo_spacing_tablet":0,"ocean_menu_typo_spacing_mobile":0,"ocean_menu_typo_spacing_unit":"","ocean_menu_link_color":"","ocean_menu_link_color_hover":"","ocean_menu_link_color_active":"","ocean_menu_link_background":"","ocean_menu_link_hover_background":"","ocean_menu_link_active_background":"","ocean_menu_social_links_bg":"","ocean_menu_social_hover_links_bg":"","ocean_menu_social_links_color":"","ocean_menu_social_hover_links_color":"","ocean_disable_title":"default","ocean_disable_heading":"default","ocean_post_title":"","ocean_post_subheading":"","ocean_post_title_style":"","ocean_post_title_background_color":"","ocean_post_title_background":0,"ocean_post_title_bg_image_position":"","ocean_post_title_bg_image_attachment":"","ocean_post_title_bg_image_repeat":"","ocean_post_title_bg_image_size":"","ocean_post_title_height":0,"ocean_post_title_bg_overlay":0.5,"ocean_post_title_bg_overlay_color":"","ocean_disable_breadcrumbs":"default","ocean_breadcrumbs_color":"","ocean_breadcrumbs_separator_color":"","ocean_breadcrumbs_links_color":"","ocean_breadcrumbs_links_hover_color":"","ocean_display_footer_widgets":"default","ocean_display_footer_bottom":"default","ocean_custom_footer_template":"0"},"product_brand":[],"product_cat":[20],"product_tag":[174,199,194,197,190,179,177,188,198,184,196,192,193,175,186,191,195],"class_list":{"0":"post-2635","1":"product","2":"type-product","3":"status-publish","4":"has-post-thumbnail","6":"product_cat-tickets","7":"product_tag-bangkok","8":"product_tag-bangkok-theme-park-offers","9":"product_tag-bangkok-theme-park-tickets","10":"product_tag-best-rides-in-dream-world-bangkok","11":"product_tag-dream-world-bangkok","12":"product_tag-dream-world-bangkok-attractions","13":"product_tag-dream-world-bangkok-buffet-lunch","14":"product_tag-dream-world-bangkok-child-policy","15":"product_tag-dream-world-bangkok-deals","16":"product_tag-dream-world-bangkok-family-package","17":"product_tag-dream-world-bangkok-hotel-transfer","18":"product_tag-dream-world-bangkok-rides","19":"product_tag-dream-world-bangkok-snow-town","20":"product_tag-dream-world-bangkok-tickets","21":"product_tag-dream-world-bangkok-unlimited-rides","22":"product_tag-super-visa-ticket-bangkok","23":"product_tag-super-visa-ticket-with-lunch","25":"entry","26":"has-media","27":"tm-has-options","29":"first","30":"instock","31":"virtual","32":"taxable","33":"purchasable","34":"product-type-simple","35":"has-product-nav","36":"col","37":"span_1_of_3","38":"owp-content-center","39":"owp-thumbs-layout-horizontal","40":"owp-btn-normal","41":"owp-tabs-layout-horizontal"},"yoast_head":"<!-- This site is optimized with the Yoast SEO plugin v27.2 - https:\/\/yoast.com\/product\/yoast-seo-wordpress\/ -->\n<title>Book Super Visa Ticket With Buffet Lunch - Dream World Bangkok<\/title>\n<meta name=\"description\" content=\"Enjoy Unlimited Rides With Super Visa Ticket &amp; Buffet Lunch At Dream World Bangkok. Book Now For Exclusive Deals On Family-Friendly Fun &amp; Attractions.\" \/>\n<meta name=\"robots\" content=\"index, follow, max-snippet:-1, max-image-preview:large, max-video-preview:-1\" \/>\n<link rel=\"canonical\" href=\"https:\/\/thedreamworldbangkok.com\/fr\/billets\/billet-super-visa-avec-dejeuner-buffet\/\" \/>\n<meta property=\"og:locale\" content=\"fr_FR\" \/>\n<meta property=\"og:type\" content=\"article\" \/>\n<meta property=\"og:title\" content=\"Book Super Visa Ticket With Buffet Lunch - Dream World Bangkok\" \/>\n<meta property=\"og:description\" content=\"Enjoy Unlimited Rides With Super Visa Ticket &amp; Buffet Lunch At Dream World Bangkok. Book Now For Exclusive Deals On Family-Friendly Fun &amp; Attractions.\" \/>\n<meta property=\"og:url\" content=\"https:\/\/thedreamworldbangkok.com\/fr\/billets\/billet-super-visa-avec-dejeuner-buffet\/\" \/>\n<meta property=\"og:site_name\" content=\"Dream World Bangkok\" \/>\n<meta property=\"article:modified_time\" content=\"2025-12-23T10:58:16+00:00\" \/>\n<meta name=\"twitter:card\" content=\"summary_large_image\" \/>\n<meta name=\"twitter:label1\" content=\"Dur\u00e9e de lecture estim\u00e9e\" \/>\n\t<meta name=\"twitter:data1\" content=\"4 minutes\" \/>\n<script type=\"application\/ld+json\" class=\"yoast-schema-graph\">{\"@context\":\"https:\/\/schema.org\",\"@graph\":[{\"@type\":\"WebPage\",\"@id\":\"https:\/\/thedreamworldbangkok.com\/tickets\/super-visa-ticket-with-buffet-lunch\/\",\"url\":\"https:\/\/thedreamworldbangkok.com\/tickets\/super-visa-ticket-with-buffet-lunch\/\",\"name\":\"Book Super Visa Ticket With Buffet Lunch - Dream World Bangkok\",\"isPartOf\":{\"@id\":\"https:\/\/thedreamworldbangkok.com\/#website\"},\"primaryImageOfPage\":{\"@id\":\"https:\/\/thedreamworldbangkok.com\/tickets\/super-visa-ticket-with-buffet-lunch\/#primaryimage\"},\"image\":{\"@id\":\"https:\/\/thedreamworldbangkok.com\/tickets\/super-visa-ticket-with-buffet-lunch\/#primaryimage\"},\"thumbnailUrl\":\"https:\/\/thedreamworldbangkok.com\/wp-content\/uploads\/2024\/09\/Dream-World-Thailand-Tickets.avif\",\"datePublished\":\"2024-10-17T04:57:56+00:00\",\"dateModified\":\"2025-12-23T10:58:16+00:00\",\"description\":\"Enjoy Unlimited Rides With Super Visa Ticket & Buffet Lunch At Dream World Bangkok. Book Now For Exclusive Deals On Family-Friendly Fun & Attractions.\",\"breadcrumb\":{\"@id\":\"https:\/\/thedreamworldbangkok.com\/tickets\/super-visa-ticket-with-buffet-lunch\/#breadcrumb\"},\"inLanguage\":\"fr-FR\",\"potentialAction\":[{\"@type\":\"ReadAction\",\"target\":[\"https:\/\/thedreamworldbangkok.com\/tickets\/super-visa-ticket-with-buffet-lunch\/\"]}]},{\"@type\":\"ImageObject\",\"inLanguage\":\"fr-FR\",\"@id\":\"https:\/\/thedreamworldbangkok.com\/tickets\/super-visa-ticket-with-buffet-lunch\/#primaryimage\",\"url\":\"https:\/\/thedreamworldbangkok.com\/wp-content\/uploads\/2024\/09\/Dream-World-Thailand-Tickets.avif\",\"contentUrl\":\"https:\/\/thedreamworldbangkok.com\/wp-content\/uploads\/2024\/09\/Dream-World-Thailand-Tickets.avif\",\"width\":1080,\"height\":720,\"caption\":\"Dream World Thailand Tickets\"},{\"@type\":\"BreadcrumbList\",\"@id\":\"https:\/\/thedreamworldbangkok.com\/tickets\/super-visa-ticket-with-buffet-lunch\/#breadcrumb\",\"itemListElement\":[{\"@type\":\"ListItem\",\"position\":1,\"name\":\"Home\",\"item\":\"https:\/\/thedreamworldbangkok.com\/\"},{\"@type\":\"ListItem\",\"position\":2,\"name\":\"Tickets\",\"item\":\"https:\/\/thedreamworldbangkok.com\/tickets\/\"},{\"@type\":\"ListItem\",\"position\":3,\"name\":\"Super Visa Ticket With Buffet Lunch\"}]},{\"@type\":\"WebSite\",\"@id\":\"https:\/\/thedreamworldbangkok.com\/#website\",\"url\":\"https:\/\/thedreamworldbangkok.com\/\",\"name\":\"Dream World Bangkok\",\"description\":\"\",\"publisher\":{\"@id\":\"https:\/\/thedreamworldbangkok.com\/#organization\"},\"potentialAction\":[{\"@type\":\"SearchAction\",\"target\":{\"@type\":\"EntryPoint\",\"urlTemplate\":\"https:\/\/thedreamworldbangkok.com\/?s={search_term_string}\"},\"query-input\":{\"@type\":\"PropertyValueSpecification\",\"valueRequired\":true,\"valueName\":\"search_term_string\"}}],\"inLanguage\":\"fr-FR\"},{\"@type\":\"Organization\",\"@id\":\"https:\/\/thedreamworldbangkok.com\/#organization\",\"name\":\"Dream World Bangkok\",\"url\":\"https:\/\/thedreamworldbangkok.com\/\",\"logo\":{\"@type\":\"ImageObject\",\"inLanguage\":\"fr-FR\",\"@id\":\"https:\/\/thedreamworldbangkok.com\/#\/schema\/logo\/image\/\",\"url\":\"https:\/\/thedreamworldbangkok.com\/wp-content\/uploads\/2024\/08\/Dream-World-Bangkok.png\",\"contentUrl\":\"https:\/\/thedreamworldbangkok.com\/wp-content\/uploads\/2024\/08\/Dream-World-Bangkok.png\",\"width\":245,\"height\":70,\"caption\":\"Dream World Bangkok\"},\"image\":{\"@id\":\"https:\/\/thedreamworldbangkok.com\/#\/schema\/logo\/image\/\"}}]}<\/script>\n<!-- \/ Yoast SEO plugin. -->","yoast_head_json":{"title":"R\u00e9servez un billet Super Visa avec d\u00e9jeuner buffet - Dream World Bangkok","description":"Profitez de trajets illimit\u00e9s avec un billet Super Visa et d&#039;un d\u00e9jeuner buffet au Dream World Bangkok. R\u00e9servez d\u00e8s maintenant pour b\u00e9n\u00e9ficier d&#039;offres exclusives sur les divertissements et attractions pour toute la famille.","robots":{"index":"index","follow":"follow","max-snippet":"max-snippet:-1","max-image-preview":"max-image-preview:large","max-video-preview":"max-video-preview:-1"},"canonical":"https:\/\/thedreamworldbangkok.com\/fr\/billets\/billet-super-visa-avec-dejeuner-buffet\/","og_locale":"fr_FR","og_type":"article","og_title":"Book Super Visa Ticket With Buffet Lunch - Dream World Bangkok","og_description":"Enjoy Unlimited Rides With Super Visa Ticket & Buffet Lunch At Dream World Bangkok. Book Now For Exclusive Deals On Family-Friendly Fun & Attractions.","og_url":"https:\/\/thedreamworldbangkok.com\/fr\/billets\/billet-super-visa-avec-dejeuner-buffet\/","og_site_name":"Dream World Bangkok","article_modified_time":"2025-12-23T10:58:16+00:00","twitter_card":"summary_large_image","twitter_misc":{"Dur\u00e9e de lecture estim\u00e9e":"4 minutes"},"schema":{"@context":"https:\/\/schema.org","@graph":[{"@type":"WebPage","@id":"https:\/\/thedreamworldbangkok.com\/tickets\/super-visa-ticket-with-buffet-lunch\/","url":"https:\/\/thedreamworldbangkok.com\/tickets\/super-visa-ticket-with-buffet-lunch\/","name":"R\u00e9servez un billet Super Visa avec d\u00e9jeuner buffet - Dream World Bangkok","isPartOf":{"@id":"https:\/\/thedreamworldbangkok.com\/#website"},"primaryImageOfPage":{"@id":"https:\/\/thedreamworldbangkok.com\/tickets\/super-visa-ticket-with-buffet-lunch\/#primaryimage"},"image":{"@id":"https:\/\/thedreamworldbangkok.com\/tickets\/super-visa-ticket-with-buffet-lunch\/#primaryimage"},"thumbnailUrl":"https:\/\/thedreamworldbangkok.com\/wp-content\/uploads\/2024\/09\/Dream-World-Thailand-Tickets.avif","datePublished":"2024-10-17T04:57:56+00:00","dateModified":"2025-12-23T10:58:16+00:00","description":"Profitez de trajets illimit\u00e9s avec un billet Super Visa et d&#039;un d\u00e9jeuner buffet au Dream World Bangkok. R\u00e9servez d\u00e8s maintenant pour b\u00e9n\u00e9ficier d&#039;offres exclusives sur les divertissements et attractions pour toute la famille.","breadcrumb":{"@id":"https:\/\/thedreamworldbangkok.com\/tickets\/super-visa-ticket-with-buffet-lunch\/#breadcrumb"},"inLanguage":"fr-FR","potentialAction":[{"@type":"ReadAction","target":["https:\/\/thedreamworldbangkok.com\/tickets\/super-visa-ticket-with-buffet-lunch\/"]}]},{"@type":"ImageObject","inLanguage":"fr-FR","@id":"https:\/\/thedreamworldbangkok.com\/tickets\/super-visa-ticket-with-buffet-lunch\/#primaryimage","url":"https:\/\/thedreamworldbangkok.com\/wp-content\/uploads\/2024\/09\/Dream-World-Thailand-Tickets.avif","contentUrl":"https:\/\/thedreamworldbangkok.com\/wp-content\/uploads\/2024\/09\/Dream-World-Thailand-Tickets.avif","width":1080,"height":720,"caption":"Dream World Thailand Tickets"},{"@type":"BreadcrumbList","@id":"https:\/\/thedreamworldbangkok.com\/tickets\/super-visa-ticket-with-buffet-lunch\/#breadcrumb","itemListElement":[{"@type":"ListItem","position":1,"name":"Home","item":"https:\/\/thedreamworldbangkok.com\/"},{"@type":"ListItem","position":2,"name":"Tickets","item":"https:\/\/thedreamworldbangkok.com\/tickets\/"},{"@type":"ListItem","position":3,"name":"Super Visa Ticket With Buffet Lunch"}]},{"@type":"WebSite","@id":"https:\/\/thedreamworldbangkok.com\/#website","url":"https:\/\/thedreamworldbangkok.com\/","name":"Le monde des r\u00eaves \u00e0 Bangkok","description":"","publisher":{"@id":"https:\/\/thedreamworldbangkok.com\/#organization"},"potentialAction":[{"@type":"SearchAction","target":{"@type":"EntryPoint","urlTemplate":"https:\/\/thedreamworldbangkok.com\/?s={search_term_string}"},"query-input":{"@type":"PropertyValueSpecification","valueRequired":true,"valueName":"search_term_string"}}],"inLanguage":"fr-FR"},{"@type":"Organization","@id":"https:\/\/thedreamworldbangkok.com\/#organization","name":"Le monde des r\u00eaves \u00e0 Bangkok","url":"https:\/\/thedreamworldbangkok.com\/","logo":{"@type":"ImageObject","inLanguage":"fr-FR","@id":"https:\/\/thedreamworldbangkok.com\/#\/schema\/logo\/image\/","url":"https:\/\/thedreamworldbangkok.com\/wp-content\/uploads\/2024\/08\/Dream-World-Bangkok.png","contentUrl":"https:\/\/thedreamworldbangkok.com\/wp-content\/uploads\/2024\/08\/Dream-World-Bangkok.png","width":245,"height":70,"caption":"Dream World Bangkok"},"image":{"@id":"https:\/\/thedreamworldbangkok.com\/#\/schema\/logo\/image\/"}}]}},"jetpack_sharing_enabled":true,"_links":{"self":[{"href":"https:\/\/thedreamworldbangkok.com\/fr\/wp-json\/wp\/v2\/product\/2635","targetHints":{"allow":["GET"]}}],"collection":[{"href":"https:\/\/thedreamworldbangkok.com\/fr\/wp-json\/wp\/v2\/product"}],"about":[{"href":"https:\/\/thedreamworldbangkok.com\/fr\/wp-json\/wp\/v2\/types\/product"}],"wp:featuredmedia":[{"embeddable":true,"href":"https:\/\/thedreamworldbangkok.com\/fr\/wp-json\/wp\/v2\/media\/2631"}],"wp:attachment":[{"href":"https:\/\/thedreamworldbangkok.com\/fr\/wp-json\/wp\/v2\/media?parent=2635"}],"wp:term":[{"taxonomy":"product_brand","embeddable":true,"href":"https:\/\/thedreamworldbangkok.com\/fr\/wp-json\/wp\/v2\/product_brand?post=2635"},{"taxonomy":"product_cat","embeddable":true,"href":"https:\/\/thedreamworldbangkok.com\/fr\/wp-json\/wp\/v2\/product_cat?post=2635"},{"taxonomy":"product_tag","embeddable":true,"href":"https:\/\/thedreamworldbangkok.com\/fr\/wp-json\/wp\/v2\/product_tag?post=2635"}],"curies":[{"name":"wp","href":"https:\/\/api.w.org\/{rel}","templated":true}]}}