{"id":2638,"date":"2024-10-17T10:43:17","date_gmt":"2024-10-17T05:13:17","guid":{"rendered":"https:\/\/thedreamworldbangkok.com\/?post_type=product&#038;p=2638"},"modified":"2026-04-10T15:13:37","modified_gmt":"2026-04-10T09:43:37","slug":"billet-super-visa-avec-dejeuner-buffet-aller-retour-transfert-prive-a-lhotel","status":"publish","type":"product","link":"https:\/\/thedreamworldbangkok.com\/fr\/billets\/billet-super-visa-avec-dejeuner-buffet-aller-retour-transfert-prive-a-lhotel\/","title":{"rendered":"Billet Super Visa avec d\u00e9jeuner buffet et transfert aller-retour priv\u00e9 \u00e0 l&#039;h\u00f4tel"},"content":{"rendered":"<div class=\"ticket-page\">\n<h2><strong>Billet Super Visa avec d\u00e9jeuner buffet et transfert aller-retour priv\u00e9 \u00e0 l&#039;h\u00f4tel \u2013 Dream World Bangkok<\/strong><\/h2>\n<h3>\u00c0 propos de Dream World Bangkok<\/h3>\n<p>Dream World Bangkok est un parc d&#039;attractions r\u00e9put\u00e9 proposant une large gamme de man\u00e8ges palpitants, de spectacles amusants et d&#039;attractions familiales. Avec le billet Super Visa, vous b\u00e9n\u00e9ficiez d&#039;un acc\u00e8s illimit\u00e9 \u00e0 tous les man\u00e8ges et spectacles du parc, y compris le c\u00e9l\u00e8bre Snow Town, le Go-Kart et divers d\u00e9fil\u00e9s. Le forfait comprend un d\u00e9jeuner buffet international et un transfert priv\u00e9 aller-retour depuis et vers l&#039;h\u00f4tel pour une exp\u00e9rience compl\u00e8te et sans tracas.<\/p>\n<h3>Heures d&#039;ouverture<\/h3>\n<ul>\n<li>Tous les jours de 10h00 \u00e0 17h00<\/li>\n<li>Horaires prolong\u00e9s jusqu&#039;\u00e0 19h00 pendant les week-ends et les jours f\u00e9ri\u00e9s.<\/li>\n<\/ul>\n<h3>L&#039;heure du d\u00e9jeuner<\/h3>\n<ul>\n<li>Buffet d\u00e9jeuner servi tous les jours de 11h30 \u00e0 14h00<\/li>\n<\/ul>\n<h3>Politique relative \u00e0 l&#039;enfance<\/h3>\n<ul>\n<li><strong>Enfants de moins de 90 cm<\/strong>:Gratuit.<\/li>\n<li><strong>Children above 90 cm<\/strong>:Les tarifs des billets pour adultes s&#039;appliquent.<\/li>\n<\/ul>\n<h3>Man\u00e8ges\/Spectacles inclus<\/h3>\n<ul>\n<li><strong>La ville de neige<\/strong>: Vivez des temp\u00e9ratures arctiques authentiques et jouez dans la neige blanche.<\/li>\n<li><strong>Kart<\/strong>:Les amateurs de sensations fortes pourront faire la course dans des karts \u00e0 grande vitesse.<\/li>\n<li><strong>Spectacle d&#039;action hollywoodien<\/strong>:Un spectacle de cascades plein d&#039;action.<\/li>\n<li><strong>Spectacle d&#039;animaux<\/strong>:Amusant et \u00e9ducatif pour toute la famille.<\/li>\n<li><strong>D\u00e9fil\u00e9 des couleurs du monde<\/strong>:Un d\u00e9fil\u00e9 dynamique mettant en vedette vos personnages pr\u00e9f\u00e9r\u00e9s.<\/li>\n<\/ul>\n<h3>Points forts<\/h3>\n<ul>\n<li>Man\u00e8ges illimit\u00e9s vers toutes les attractions.<\/li>\n<li>Des spectacles tels que The Colors of the World Parade, Animal Show et Hollywood Action Show sont inclus.<\/li>\n<li>D\u00e9jeuner buffet proposant une vari\u00e9t\u00e9 de cuisines internationales et indiennes.<\/li>\n<li>Profitez de transferts priv\u00e9s aller-retour depuis votre h\u00f4tel pour plus de commodit\u00e9.<\/li>\n<\/ul>\n<h3>Inclusions<\/h3>\n<ul>\n<li>Acc\u00e8s illimit\u00e9 \u00e0 toutes les attractions de Dream World.<\/li>\n<li>D\u00e9jeuner buffet international.<\/li>\n<li>Snow Town et Go-Kart inclus.<\/li>\n<li>Transfert priv\u00e9 aller-retour \u00e0 l&#039;h\u00f4tel (maximum 6 personnes).<\/li>\n<\/ul>\n<h3>Exclusions<\/h3>\n<ul>\n<li>Jeux de carnaval.<\/li>\n<li>Nourriture et boissons en dehors du d\u00e9jeuner buffet inclus.<\/li>\n<\/ul>\n<h3>Politique de remboursement et d&#039;annulation<\/h3>\n<ul>\n<li>Les annulations effectu\u00e9es au moins 24 heures avant la date de la visite donnent droit \u00e0 un remboursement.<\/li>\n<li>Aucun remboursement pour les annulations effectu\u00e9es dans les 24 heures pr\u00e9c\u00e9dant la visite.<\/li>\n<\/ul>\n<h3>Quoi de plus ?<\/h3>\n<ul>\n<li>Dream World Bangkok propose \u00e9galement des boutiques de souvenirs passionnantes, des magasins de costumes et des restaurants \u00e0 th\u00e8me pour am\u00e9liorer votre exp\u00e9rience.<\/li>\n<\/ul>\n<h3>Conseils d&#039;initi\u00e9s<\/h3>\n<ul>\n<li>Arrivez t\u00f4t pour profiter des man\u00e8ges les plus populaires comme Super Splash et Sky Coaster avec des temps d&#039;attente plus courts.<\/li>\n<li>Portez des v\u00eatements \u00e0 s\u00e9chage rapide si vous pr\u00e9voyez de faire des attractions aquatiques.<\/li>\n<li>Ne manquez pas le Snow Town Caf\u00e9 pour des boissons chaudes apr\u00e8s avoir jou\u00e9 dans la neige.<\/li>\n<\/ul>\n<h3>\u00c0 faire et \u00e0 ne pas faire<\/h3>\n<ul>\n<li><strong>Faire<\/strong>:Portez des v\u00eatements et des chaussures confortables.<\/li>\n<li><strong>Ne le faites pas<\/strong>:N&#039;oubliez pas d&#039;apporter de la cr\u00e8me solaire pour les activit\u00e9s de plein air.<\/li>\n<\/ul>\n<h3>\u00c0 savoir avant de partir<\/h3>\n<ul>\n<li>Faites votre r\u00e9servation au moins 1 jour \u00e0 l&#039;avance pour garantir une place.<\/li>\n<li>Le service de transfert part de Dream World \u00e0 15h30 (en semaine) et \u00e0 16h00 (le week-end).<\/li>\n<\/ul>\n<h3>Cartes et localisation<\/h3>\n<ul>\n<li><a href=\"https:\/\/maps.app.goo.gl\/sbf7XmzJxr5HM5oN8\" target=\"_new\" rel=\"noopener\">Lien vers Google Maps<\/a><\/li>\n<li>Dream World Bangkok : 62 Moo 1 Rangsit-Ongkarak Road (Km. 7), Bueng Yitho, Thanyaburi, Pathum Thani 12130, Tha\u00eflande.<\/li>\n<\/ul>\n<h3>Comment se rendre au Dream World Bangkok ?<\/h3>\n<ul>\n<li><strong>En bus<\/strong>:Bus num\u00e9ros 59, 188, 212, 340 et 538.<\/li>\n<li><strong>En train<\/strong>:La station BTS la plus proche est Mo Chit, puis prenez le bus 29 jusqu&#039;\u00e0 Rangsit, puis prenez le bus 538.<\/li>\n<li><strong>En taxi<\/strong>:Taxis directs disponibles depuis n&#039;importe o\u00f9 \u00e0 Bangkok.<\/li>\n<\/ul>\n<h3>Questions fr\u00e9quemment pos\u00e9es (FAQ)<\/h3>\n<ol>\n<li><strong>Qu&#039;est-ce qui est inclus dans le billet Super Visa ?<\/strong><\/li>\n<li>Le billet Super Visa comprend un acc\u00e8s illimit\u00e9 \u00e0 toutes les attractions, \u00e0 Snow Town, au Go-Kart, au d\u00e9jeuner buffet et au transfert aller-retour \u00e0 l&#039;h\u00f4tel priv\u00e9.<\/li>\n<li><strong>Puis-je annuler ma r\u00e9servation ?<\/strong><\/li>\n<li>Oui, les annulations sont \u00e9ligibles \u00e0 un remboursement si elles sont effectu\u00e9es 24 heures \u00e0 l&#039;avance.<\/li>\n<li><strong>Quels sont les horaires du d\u00e9fil\u00e9 des Couleurs du Monde ?<\/strong><\/li>\n<li>Le d\u00e9fil\u00e9 a lieu deux fois par jour \u00e0 11h30 et 15h00<\/li>\n<li><strong>Le d\u00e9jeuner buffet est-il inclus ?<\/strong><\/li>\n<li>Oui, le d\u00e9jeuner buffet international ou indien est inclus dans le forfait Super Visa.<\/li>\n<li><strong>Snow Town est-il adapt\u00e9 aux enfants ?<\/strong><\/li>\n<li>Oui, Snow Town est adapt\u00e9 aux familles et convient aussi bien aux enfants qu&#039;aux adultes.<\/li>\n<\/ol>\n<\/div>","protected":false},"excerpt":{"rendered":"<table class=\"short-description\">\n<tbody class=\"tabel364\">\n<tr class=\"short-description-tr32r\">\n<th class=\"short-description-th\"><span class=\"description-h23\"><strong class=\"description-strong67\">R\u00e9servez 1 jour \u00e0 l&#039;avance avant 8h00 le jour de la visite. <\/strong><\/span><\/th>\n<\/tr>\n<\/tbody>\n<\/table>","protected":false},"featured_media":2631,"template":"","meta":{"ocean_post_layout":"","ocean_both_sidebars_style":"","ocean_both_sidebars_content_width":0,"ocean_both_sidebars_sidebars_width":0,"ocean_sidebar":"0","ocean_second_sidebar":"0","ocean_disable_margins":"enable","ocean_add_body_class":"","ocean_shortcode_before_top_bar":"","ocean_shortcode_after_top_bar":"","ocean_shortcode_before_header":"","ocean_shortcode_after_header":"","ocean_has_shortcode":"","ocean_shortcode_after_title":"","ocean_shortcode_before_footer_widgets":"","ocean_shortcode_after_footer_widgets":"","ocean_shortcode_before_footer_bottom":"","ocean_shortcode_after_footer_bottom":"","ocean_display_top_bar":"default","ocean_display_header":"default","ocean_header_style":"","ocean_center_header_left_menu":"0","ocean_custom_header_template":"0","ocean_custom_logo":0,"ocean_custom_retina_logo":0,"ocean_custom_logo_max_width":0,"ocean_custom_logo_tablet_max_width":0,"ocean_custom_logo_mobile_max_width":0,"ocean_custom_logo_max_height":0,"ocean_custom_logo_tablet_max_height":0,"ocean_custom_logo_mobile_max_height":0,"ocean_header_custom_menu":"0","ocean_menu_typo_font_family":"0","ocean_menu_typo_font_subset":"","ocean_menu_typo_font_size":0,"ocean_menu_typo_font_size_tablet":0,"ocean_menu_typo_font_size_mobile":0,"ocean_menu_typo_font_size_unit":"px","ocean_menu_typo_font_weight":"","ocean_menu_typo_font_weight_tablet":"","ocean_menu_typo_font_weight_mobile":"","ocean_menu_typo_transform":"","ocean_menu_typo_transform_tablet":"","ocean_menu_typo_transform_mobile":"","ocean_menu_typo_line_height":0,"ocean_menu_typo_line_height_tablet":0,"ocean_menu_typo_line_height_mobile":0,"ocean_menu_typo_line_height_unit":"","ocean_menu_typo_spacing":0,"ocean_menu_typo_spacing_tablet":0,"ocean_menu_typo_spacing_mobile":0,"ocean_menu_typo_spacing_unit":"","ocean_menu_link_color":"","ocean_menu_link_color_hover":"","ocean_menu_link_color_active":"","ocean_menu_link_background":"","ocean_menu_link_hover_background":"","ocean_menu_link_active_background":"","ocean_menu_social_links_bg":"","ocean_menu_social_hover_links_bg":"","ocean_menu_social_links_color":"","ocean_menu_social_hover_links_color":"","ocean_disable_title":"default","ocean_disable_heading":"default","ocean_post_title":"","ocean_post_subheading":"","ocean_post_title_style":"","ocean_post_title_background_color":"","ocean_post_title_background":0,"ocean_post_title_bg_image_position":"","ocean_post_title_bg_image_attachment":"","ocean_post_title_bg_image_repeat":"","ocean_post_title_bg_image_size":"","ocean_post_title_height":0,"ocean_post_title_bg_overlay":0.5,"ocean_post_title_bg_overlay_color":"","ocean_disable_breadcrumbs":"default","ocean_breadcrumbs_color":"","ocean_breadcrumbs_separator_color":"","ocean_breadcrumbs_links_color":"","ocean_breadcrumbs_links_hover_color":"","ocean_display_footer_widgets":"default","ocean_display_footer_bottom":"default","ocean_custom_footer_template":"0"},"product_brand":[],"product_cat":[20],"product_tag":[174,228,227,226,221,190,179,229,184,209,175,222,225,224,223,191,204],"class_list":{"0":"post-2638","1":"product","2":"type-product","3":"status-publish","4":"has-post-thumbnail","6":"product_cat-tickets","7":"product_tag-bangkok","8":"product_tag-bangkok-amusement-park-tickets","9":"product_tag-bangkok-theme-park-rides","10":"product_tag-best-deals-dream-world-bangkok","11":"product_tag-buffet-lunch-dream-world","12":"product_tag-dream-world-bangkok","13":"product_tag-dream-world-bangkok-attractions","14":"product_tag-dream-world-bangkok-buffet-package","15":"product_tag-dream-world-bangkok-family-package","16":"product_tag-dream-world-bangkok-shows","17":"product_tag-dream-world-bangkok-tickets","18":"product_tag-dream-world-private-transfer","19":"product_tag-dream-world-super-visa-ticket","20":"product_tag-go-kart-dream-world-bangkok","21":"product_tag-snow-town-dream-world","22":"product_tag-super-visa-ticket-bangkok","23":"product_tag-unlimited-rides-dream-world","25":"entry","26":"has-media","27":"tm-has-options","29":"first","30":"instock","31":"virtual","32":"taxable","33":"purchasable","34":"product-type-simple","35":"has-product-nav","36":"col","37":"span_1_of_3","38":"owp-content-center","39":"owp-thumbs-layout-horizontal","40":"owp-btn-normal","41":"owp-tabs-layout-horizontal"},"yoast_head":"<!-- This site is optimized with the Yoast SEO plugin v27.5 - https:\/\/yoast.com\/product\/yoast-seo-wordpress\/ -->\n<title>Super Visa Ticket With Buffet Lunch And Private Hotel Transfer<\/title>\n<meta name=\"description\" content=\"Book Super Visa Ticket At Dream World Bangkok With Buffet Lunch &amp; Private Round-Trip Hotel Transfer. Enjoy Unlimited Rides And Exclusive Shows Today!\" \/>\n<meta name=\"robots\" content=\"index, follow, max-snippet:-1, max-image-preview:large, max-video-preview:-1\" \/>\n<link rel=\"canonical\" href=\"https:\/\/thedreamworldbangkok.com\/fr\/billets\/billet-super-visa-avec-dejeuner-buffet-aller-retour-transfert-prive-a-lhotel\/\" \/>\n<meta property=\"og:locale\" content=\"fr_FR\" \/>\n<meta property=\"og:type\" content=\"article\" \/>\n<meta property=\"og:title\" content=\"Super Visa Ticket With Buffet Lunch And Private Hotel Transfer\" \/>\n<meta property=\"og:description\" content=\"Book Super Visa Ticket At Dream World Bangkok With Buffet Lunch &amp; Private Round-Trip Hotel Transfer. Enjoy Unlimited Rides And Exclusive Shows Today!\" \/>\n<meta property=\"og:url\" content=\"https:\/\/thedreamworldbangkok.com\/fr\/billets\/billet-super-visa-avec-dejeuner-buffet-aller-retour-transfert-prive-a-lhotel\/\" \/>\n<meta property=\"og:site_name\" content=\"Dream World Bangkok\" \/>\n<meta property=\"article:modified_time\" content=\"2026-04-10T09:43:37+00:00\" \/>\n<meta name=\"twitter:card\" content=\"summary_large_image\" \/>\n<meta name=\"twitter:label1\" content=\"Dur\u00e9e de lecture estim\u00e9e\" \/>\n\t<meta name=\"twitter:data1\" content=\"3 minutes\" \/>\n<script type=\"application\/ld+json\" class=\"yoast-schema-graph\">{\"@context\":\"https:\\\/\\\/schema.org\",\"@graph\":[{\"@type\":\"WebPage\",\"@id\":\"https:\\\/\\\/thedreamworldbangkok.com\\\/tickets\\\/super-visa-ticket-with-buffet-lunch-round-trip-private-hotel-transfer\\\/\",\"url\":\"https:\\\/\\\/thedreamworldbangkok.com\\\/tickets\\\/super-visa-ticket-with-buffet-lunch-round-trip-private-hotel-transfer\\\/\",\"name\":\"Super Visa Ticket With Buffet Lunch And Private Hotel Transfer\",\"isPartOf\":{\"@id\":\"https:\\\/\\\/thedreamworldbangkok.com\\\/#website\"},\"primaryImageOfPage\":{\"@id\":\"https:\\\/\\\/thedreamworldbangkok.com\\\/tickets\\\/super-visa-ticket-with-buffet-lunch-round-trip-private-hotel-transfer\\\/#primaryimage\"},\"image\":{\"@id\":\"https:\\\/\\\/thedreamworldbangkok.com\\\/tickets\\\/super-visa-ticket-with-buffet-lunch-round-trip-private-hotel-transfer\\\/#primaryimage\"},\"thumbnailUrl\":\"https:\\\/\\\/thedreamworldbangkok.com\\\/wp-content\\\/uploads\\\/2024\\\/09\\\/Dream-World-Thailand-Tickets.avif\",\"datePublished\":\"2024-10-17T05:13:17+00:00\",\"dateModified\":\"2026-04-10T09:43:37+00:00\",\"description\":\"Book Super Visa Ticket At Dream World Bangkok With Buffet Lunch & Private Round-Trip Hotel Transfer. Enjoy Unlimited Rides And Exclusive Shows Today!\",\"breadcrumb\":{\"@id\":\"https:\\\/\\\/thedreamworldbangkok.com\\\/tickets\\\/super-visa-ticket-with-buffet-lunch-round-trip-private-hotel-transfer\\\/#breadcrumb\"},\"inLanguage\":\"fr-FR\",\"potentialAction\":[{\"@type\":\"ReadAction\",\"target\":[\"https:\\\/\\\/thedreamworldbangkok.com\\\/tickets\\\/super-visa-ticket-with-buffet-lunch-round-trip-private-hotel-transfer\\\/\"]}]},{\"@type\":\"ImageObject\",\"inLanguage\":\"fr-FR\",\"@id\":\"https:\\\/\\\/thedreamworldbangkok.com\\\/tickets\\\/super-visa-ticket-with-buffet-lunch-round-trip-private-hotel-transfer\\\/#primaryimage\",\"url\":\"https:\\\/\\\/thedreamworldbangkok.com\\\/wp-content\\\/uploads\\\/2024\\\/09\\\/Dream-World-Thailand-Tickets.avif\",\"contentUrl\":\"https:\\\/\\\/thedreamworldbangkok.com\\\/wp-content\\\/uploads\\\/2024\\\/09\\\/Dream-World-Thailand-Tickets.avif\",\"width\":1080,\"height\":720,\"caption\":\"Dream World Thailand Tickets\"},{\"@type\":\"BreadcrumbList\",\"@id\":\"https:\\\/\\\/thedreamworldbangkok.com\\\/tickets\\\/super-visa-ticket-with-buffet-lunch-round-trip-private-hotel-transfer\\\/#breadcrumb\",\"itemListElement\":[{\"@type\":\"ListItem\",\"position\":1,\"name\":\"Home\",\"item\":\"https:\\\/\\\/thedreamworldbangkok.com\\\/\"},{\"@type\":\"ListItem\",\"position\":2,\"name\":\"Tickets\",\"item\":\"https:\\\/\\\/thedreamworldbangkok.com\\\/tickets\\\/\"},{\"@type\":\"ListItem\",\"position\":3,\"name\":\"Super Visa Ticket With Buffet Lunch &#038; Round-Trip Private Hotel Transfer\"}]},{\"@type\":\"WebSite\",\"@id\":\"https:\\\/\\\/thedreamworldbangkok.com\\\/#website\",\"url\":\"https:\\\/\\\/thedreamworldbangkok.com\\\/\",\"name\":\"Dream World Bangkok\",\"description\":\"\",\"publisher\":{\"@id\":\"https:\\\/\\\/thedreamworldbangkok.com\\\/#organization\"},\"potentialAction\":[{\"@type\":\"SearchAction\",\"target\":{\"@type\":\"EntryPoint\",\"urlTemplate\":\"https:\\\/\\\/thedreamworldbangkok.com\\\/?s={search_term_string}\"},\"query-input\":{\"@type\":\"PropertyValueSpecification\",\"valueRequired\":true,\"valueName\":\"search_term_string\"}}],\"inLanguage\":\"fr-FR\"},{\"@type\":\"Organization\",\"@id\":\"https:\\\/\\\/thedreamworldbangkok.com\\\/#organization\",\"name\":\"Dream World Bangkok\",\"url\":\"https:\\\/\\\/thedreamworldbangkok.com\\\/\",\"logo\":{\"@type\":\"ImageObject\",\"inLanguage\":\"fr-FR\",\"@id\":\"https:\\\/\\\/thedreamworldbangkok.com\\\/#\\\/schema\\\/logo\\\/image\\\/\",\"url\":\"https:\\\/\\\/thedreamworldbangkok.com\\\/wp-content\\\/uploads\\\/2024\\\/08\\\/Dream-World-Bangkok.png\",\"contentUrl\":\"https:\\\/\\\/thedreamworldbangkok.com\\\/wp-content\\\/uploads\\\/2024\\\/08\\\/Dream-World-Bangkok.png\",\"width\":245,\"height\":70,\"caption\":\"Dream World Bangkok\"},\"image\":{\"@id\":\"https:\\\/\\\/thedreamworldbangkok.com\\\/#\\\/schema\\\/logo\\\/image\\\/\"}}]}<\/script>\n<!-- \/ Yoast SEO plugin. -->","yoast_head_json":{"title":"Billet Super Visa avec d\u00e9jeuner buffet et transfert priv\u00e9 \u00e0 l&#039;h\u00f4tel","description":"R\u00e9servez un billet Super Visa au Dream World Bangkok avec d\u00e9jeuner buffet et transfert priv\u00e9 aller-retour \u00e0 l&#039;h\u00f4tel. Profitez de trajets illimit\u00e9s et de spectacles exclusifs d\u00e8s aujourd&#039;hui\u00a0!","robots":{"index":"index","follow":"follow","max-snippet":"max-snippet:-1","max-image-preview":"max-image-preview:large","max-video-preview":"max-video-preview:-1"},"canonical":"https:\/\/thedreamworldbangkok.com\/fr\/billets\/billet-super-visa-avec-dejeuner-buffet-aller-retour-transfert-prive-a-lhotel\/","og_locale":"fr_FR","og_type":"article","og_title":"Super Visa Ticket With Buffet Lunch And Private Hotel Transfer","og_description":"Book Super Visa Ticket At Dream World Bangkok With Buffet Lunch & Private Round-Trip Hotel Transfer. Enjoy Unlimited Rides And Exclusive Shows Today!","og_url":"https:\/\/thedreamworldbangkok.com\/fr\/billets\/billet-super-visa-avec-dejeuner-buffet-aller-retour-transfert-prive-a-lhotel\/","og_site_name":"Dream World Bangkok","article_modified_time":"2026-04-10T09:43:37+00:00","twitter_card":"summary_large_image","twitter_misc":{"Dur\u00e9e de lecture estim\u00e9e":"3 minutes"},"schema":{"@context":"https:\/\/schema.org","@graph":[{"@type":"WebPage","@id":"https:\/\/thedreamworldbangkok.com\/tickets\/super-visa-ticket-with-buffet-lunch-round-trip-private-hotel-transfer\/","url":"https:\/\/thedreamworldbangkok.com\/tickets\/super-visa-ticket-with-buffet-lunch-round-trip-private-hotel-transfer\/","name":"Billet Super Visa avec d\u00e9jeuner buffet et transfert priv\u00e9 \u00e0 l&#039;h\u00f4tel","isPartOf":{"@id":"https:\/\/thedreamworldbangkok.com\/#website"},"primaryImageOfPage":{"@id":"https:\/\/thedreamworldbangkok.com\/tickets\/super-visa-ticket-with-buffet-lunch-round-trip-private-hotel-transfer\/#primaryimage"},"image":{"@id":"https:\/\/thedreamworldbangkok.com\/tickets\/super-visa-ticket-with-buffet-lunch-round-trip-private-hotel-transfer\/#primaryimage"},"thumbnailUrl":"https:\/\/thedreamworldbangkok.com\/wp-content\/uploads\/2024\/09\/Dream-World-Thailand-Tickets.avif","datePublished":"2024-10-17T05:13:17+00:00","dateModified":"2026-04-10T09:43:37+00:00","description":"R\u00e9servez un billet Super Visa au Dream World Bangkok avec d\u00e9jeuner buffet et transfert priv\u00e9 aller-retour \u00e0 l&#039;h\u00f4tel. Profitez de trajets illimit\u00e9s et de spectacles exclusifs d\u00e8s aujourd&#039;hui\u00a0!","breadcrumb":{"@id":"https:\/\/thedreamworldbangkok.com\/tickets\/super-visa-ticket-with-buffet-lunch-round-trip-private-hotel-transfer\/#breadcrumb"},"inLanguage":"fr-FR","potentialAction":[{"@type":"ReadAction","target":["https:\/\/thedreamworldbangkok.com\/tickets\/super-visa-ticket-with-buffet-lunch-round-trip-private-hotel-transfer\/"]}]},{"@type":"ImageObject","inLanguage":"fr-FR","@id":"https:\/\/thedreamworldbangkok.com\/tickets\/super-visa-ticket-with-buffet-lunch-round-trip-private-hotel-transfer\/#primaryimage","url":"https:\/\/thedreamworldbangkok.com\/wp-content\/uploads\/2024\/09\/Dream-World-Thailand-Tickets.avif","contentUrl":"https:\/\/thedreamworldbangkok.com\/wp-content\/uploads\/2024\/09\/Dream-World-Thailand-Tickets.avif","width":1080,"height":720,"caption":"Dream World Thailand Tickets"},{"@type":"BreadcrumbList","@id":"https:\/\/thedreamworldbangkok.com\/tickets\/super-visa-ticket-with-buffet-lunch-round-trip-private-hotel-transfer\/#breadcrumb","itemListElement":[{"@type":"ListItem","position":1,"name":"Home","item":"https:\/\/thedreamworldbangkok.com\/"},{"@type":"ListItem","position":2,"name":"Tickets","item":"https:\/\/thedreamworldbangkok.com\/tickets\/"},{"@type":"ListItem","position":3,"name":"Super Visa Ticket With Buffet Lunch &#038; Round-Trip Private Hotel Transfer"}]},{"@type":"WebSite","@id":"https:\/\/thedreamworldbangkok.com\/#website","url":"https:\/\/thedreamworldbangkok.com\/","name":"Le monde des r\u00eaves \u00e0 Bangkok","description":"","publisher":{"@id":"https:\/\/thedreamworldbangkok.com\/#organization"},"potentialAction":[{"@type":"SearchAction","target":{"@type":"EntryPoint","urlTemplate":"https:\/\/thedreamworldbangkok.com\/?s={search_term_string}"},"query-input":{"@type":"PropertyValueSpecification","valueRequired":true,"valueName":"search_term_string"}}],"inLanguage":"fr-FR"},{"@type":"Organization","@id":"https:\/\/thedreamworldbangkok.com\/#organization","name":"Le monde des r\u00eaves \u00e0 Bangkok","url":"https:\/\/thedreamworldbangkok.com\/","logo":{"@type":"ImageObject","inLanguage":"fr-FR","@id":"https:\/\/thedreamworldbangkok.com\/#\/schema\/logo\/image\/","url":"https:\/\/thedreamworldbangkok.com\/wp-content\/uploads\/2024\/08\/Dream-World-Bangkok.png","contentUrl":"https:\/\/thedreamworldbangkok.com\/wp-content\/uploads\/2024\/08\/Dream-World-Bangkok.png","width":245,"height":70,"caption":"Dream World Bangkok"},"image":{"@id":"https:\/\/thedreamworldbangkok.com\/#\/schema\/logo\/image\/"}}]}},"jetpack_sharing_enabled":true,"_links":{"self":[{"href":"https:\/\/thedreamworldbangkok.com\/fr\/wp-json\/wp\/v2\/product\/2638","targetHints":{"allow":["GET"]}}],"collection":[{"href":"https:\/\/thedreamworldbangkok.com\/fr\/wp-json\/wp\/v2\/product"}],"about":[{"href":"https:\/\/thedreamworldbangkok.com\/fr\/wp-json\/wp\/v2\/types\/product"}],"wp:featuredmedia":[{"embeddable":true,"href":"https:\/\/thedreamworldbangkok.com\/fr\/wp-json\/wp\/v2\/media\/2631"}],"wp:attachment":[{"href":"https:\/\/thedreamworldbangkok.com\/fr\/wp-json\/wp\/v2\/media?parent=2638"}],"wp:term":[{"taxonomy":"product_brand","embeddable":true,"href":"https:\/\/thedreamworldbangkok.com\/fr\/wp-json\/wp\/v2\/product_brand?post=2638"},{"taxonomy":"product_cat","embeddable":true,"href":"https:\/\/thedreamworldbangkok.com\/fr\/wp-json\/wp\/v2\/product_cat?post=2638"},{"taxonomy":"product_tag","embeddable":true,"href":"https:\/\/thedreamworldbangkok.com\/fr\/wp-json\/wp\/v2\/product_tag?post=2638"}],"curies":[{"name":"wp","href":"https:\/\/api.w.org\/{rel}","templated":true}]}}