{"id":2373,"date":"2024-10-14T17:49:58","date_gmt":"2024-10-14T12:19:58","guid":{"rendered":"https:\/\/thedreamworldbangkok.com\/?page_id=2373"},"modified":"2025-05-19T13:41:38","modified_gmt":"2025-05-19T08:11:38","slug":"contate-nos","status":"publish","type":"page","link":"https:\/\/thedreamworldbangkok.com\/pt\/contate-nos\/","title":{"rendered":"Contate-nos"},"content":{"rendered":"<div data-elementor-type=\"wp-page\" data-elementor-id=\"2373\" class=\"elementor elementor-2373\" data-elementor-post-type=\"page\">\n\t\t\t\t\t\t<section data-particle_enable=\"false\" data-particle-mobile-disabled=\"false\" class=\"elementor-section elementor-top-section elementor-element elementor-element-f3e94ce elementor-section-boxed elementor-section-height-default elementor-section-height-default\" data-id=\"f3e94ce\" data-element_type=\"section\" data-e-type=\"section\">\n\t\t\t\t\t\t<div class=\"elementor-container elementor-column-gap-default\">\n\t\t\t\t\t<div class=\"elementor-column elementor-col-100 elementor-top-column elementor-element elementor-element-39bb9e9\" data-id=\"39bb9e9\" data-element_type=\"column\" data-e-type=\"column\">\n\t\t\t<div class=\"elementor-widget-wrap elementor-element-populated\">\n\t\t\t\t\t\t<div class=\"elementor-element elementor-element-7c4897a elementor-widget elementor-widget-text-editor\" data-id=\"7c4897a\" data-element_type=\"widget\" data-e-type=\"widget\" data-widget_type=\"text-editor.default\">\n\t\t\t\t<div class=\"elementor-widget-container\">\n\t\t\t\t\t\t\t\t\t<h2 style=\"text-align: center;\"><span style=\"color: #000000;\">Contate-nos<\/span><\/h2><p><span style=\"color: #000000;\">No <strong>F\u00e9rias Triplyn<\/strong>, estamos empenhados em oferecer uma experi\u00eancia tranquila e memor\u00e1vel para sua visita a <strong>Mundo dos sonhos Bangkok<\/strong>. Se voc\u00ea tiver d\u00favidas sobre reservas de passagens, precisar de ajuda com seus planos de viagem ou tiver qualquer outra d\u00favida, estamos aqui para fornecer suporte total.<\/span><\/p><h2><span style=\"color: #000000;\">Como nos contactar<\/span><\/h2><p><span style=\"color: #000000;\">For any inquiries, feel free to contact us, and we\u2019ll ensure a prompt response.<\/span><\/p><p><span style=\"color: #000000;\"><strong>E-mail<\/strong>: <strong><a style=\"color: #000000;\" rel=\"noopener\">contact@thedreamworldbangkok.com<\/a><\/strong><\/span><\/p><h3><span style=\"color: #000000;\"><strong>Bate-papo ao vivo<\/strong><\/span><\/h3><p><span style=\"color: #000000;\">Voc\u00ea pode entrar em contato conosco diretamente atrav\u00e9s do <a href=\"https:\/\/direct.lc.chat\/18378282\/\"><strong>Bate-papo ao vivo<\/strong> <\/a>destaque em nosso site para suporte instant\u00e2neo.<\/span><\/p><h3><span style=\"color: #000000;\">Hor\u00e1rio de Atendimento ao Cliente<\/span><\/h3><p><span style=\"color: #000000;\">Nossa equipe de suporte ao cliente est\u00e1 dispon\u00edvel 24 horas para ajudar voc\u00ea:<\/span><br \/><span style=\"color: #000000;\">\ud83d\udd52 <strong>Disponibilidade de suporte<\/strong>: 24 horas por dia, 7 dias por semana, todos os dias.<\/span><\/p><h3><span style=\"color: #000000;\">Entre em contato com Triplyn Holidays<\/span><\/h3><p><span style=\"color: #000000;\">No <strong>F\u00e9rias Triplyn<\/strong>, nosso objetivo \u00e9 fornecer um servi\u00e7o de atendimento ao cliente de primeira linha, garantindo sua viagem para <strong>Mundo dos sonhos Bangkok<\/strong> \u00e9 descomplicado e agrad\u00e1vel. N\u00e3o hesite em entrar em contato conosco para qualquer ajuda relacionada a reservas, pagamentos ou consultas gerais.<\/span><\/p><p><span style=\"color: #000000;\">Estamos ansiosos para ajud\u00e1-lo a planejar sua emocionante aventura em <a href=\"https:\/\/thedreamworldbangkok.com\/pt\"><strong>Mundo dos sonhos Bangkok<\/strong><\/a>!<\/span><\/p>\t\t\t\t\t\t\t\t<\/div>\n\t\t\t\t<\/div>\n\t\t\t\t\t<\/div>\n\t\t<\/div>\n\t\t\t\t\t<\/div>\n\t\t<\/section>\n\t\t\t\t<\/div>","protected":false},"excerpt":{"rendered":"<p>Contact Us At Triplyn Holidays, we are dedicated to offering a smooth and memorable experience for your visit to Dream World Bangkok. Whether you have questions regarding ticket bookings, need assistance with your travel plans, or have any other inquiries, we are here to provide full support. How to Reach Us For any inquiries, feel [&hellip;]<\/p>\n","protected":false},"author":1,"featured_media":0,"parent":0,"menu_order":0,"comment_status":"closed","ping_status":"closed","template":"","meta":{"ocean_post_layout":"","ocean_both_sidebars_style":"","ocean_both_sidebars_content_width":0,"ocean_both_sidebars_sidebars_width":0,"ocean_sidebar":"","ocean_second_sidebar":"","ocean_disable_margins":"enable","ocean_add_body_class":"","ocean_shortcode_before_top_bar":"","ocean_shortcode_after_top_bar":"","ocean_shortcode_before_header":"","ocean_shortcode_after_header":"","ocean_has_shortcode":"","ocean_shortcode_after_title":"","ocean_shortcode_before_footer_widgets":"","ocean_shortcode_after_footer_widgets":"","ocean_shortcode_before_footer_bottom":"","ocean_shortcode_after_footer_bottom":"","ocean_display_top_bar":"default","ocean_display_header":"default","ocean_header_style":"","ocean_center_header_left_menu":"","ocean_custom_header_template":"","ocean_custom_logo":0,"ocean_custom_retina_logo":0,"ocean_custom_logo_max_width":0,"ocean_custom_logo_tablet_max_width":0,"ocean_custom_logo_mobile_max_width":0,"ocean_custom_logo_max_height":0,"ocean_custom_logo_tablet_max_height":0,"ocean_custom_logo_mobile_max_height":0,"ocean_header_custom_menu":"","ocean_menu_typo_font_family":"","ocean_menu_typo_font_subset":"","ocean_menu_typo_font_size":0,"ocean_menu_typo_font_size_tablet":0,"ocean_menu_typo_font_size_mobile":0,"ocean_menu_typo_font_size_unit":"px","ocean_menu_typo_font_weight":"","ocean_menu_typo_font_weight_tablet":"","ocean_menu_typo_font_weight_mobile":"","ocean_menu_typo_transform":"","ocean_menu_typo_transform_tablet":"","ocean_menu_typo_transform_mobile":"","ocean_menu_typo_line_height":0,"ocean_menu_typo_line_height_tablet":0,"ocean_menu_typo_line_height_mobile":0,"ocean_menu_typo_line_height_unit":"","ocean_menu_typo_spacing":0,"ocean_menu_typo_spacing_tablet":0,"ocean_menu_typo_spacing_mobile":0,"ocean_menu_typo_spacing_unit":"","ocean_menu_link_color":"","ocean_menu_link_color_hover":"","ocean_menu_link_color_active":"","ocean_menu_link_background":"","ocean_menu_link_hover_background":"","ocean_menu_link_active_background":"","ocean_menu_social_links_bg":"","ocean_menu_social_hover_links_bg":"","ocean_menu_social_links_color":"","ocean_menu_social_hover_links_color":"","ocean_disable_title":"default","ocean_disable_heading":"default","ocean_post_title":"","ocean_post_subheading":"","ocean_post_title_style":"","ocean_post_title_background_color":"","ocean_post_title_background":0,"ocean_post_title_bg_image_position":"","ocean_post_title_bg_image_attachment":"","ocean_post_title_bg_image_repeat":"","ocean_post_title_bg_image_size":"","ocean_post_title_height":0,"ocean_post_title_bg_overlay":0.5,"ocean_post_title_bg_overlay_color":"","ocean_disable_breadcrumbs":"default","ocean_breadcrumbs_color":"","ocean_breadcrumbs_separator_color":"","ocean_breadcrumbs_links_color":"","ocean_breadcrumbs_links_hover_color":"","ocean_display_footer_widgets":"default","ocean_display_footer_bottom":"default","ocean_custom_footer_template":"","footnotes":""},"class_list":["post-2373","page","type-page","status-publish","hentry","entry","owp-thumbs-layout-horizontal","owp-btn-normal","owp-tabs-layout-horizontal","has-no-thumbnails","has-product-nav"],"yoast_head":"<!-- This site is optimized with the Yoast SEO plugin v27.3 - https:\/\/yoast.com\/product\/yoast-seo-wordpress\/ -->\n<title>Contact Triplyn Holidays - Dream World Bangkok Tickets<\/title>\n<meta name=\"description\" content=\"Need Help With Your Dream World Bangkok Tickets? Contact Triplyn Holidays Via Live Chat Or Email. We&#039;re Here To Assist With All Inquiries.\" \/>\n<meta name=\"robots\" content=\"noindex, follow\" \/>\n<meta property=\"og:locale\" content=\"pt_PT\" \/>\n<meta property=\"og:type\" content=\"article\" \/>\n<meta property=\"og:title\" content=\"Contact Triplyn Holidays - Dream World Bangkok Tickets\" \/>\n<meta property=\"og:description\" content=\"Need Help With Your Dream World Bangkok Tickets? Contact Triplyn Holidays Via Live Chat Or Email. We&#039;re Here To Assist With All Inquiries.\" \/>\n<meta property=\"og:url\" content=\"https:\/\/thedreamworldbangkok.com\/pt\/contate-nos\/\" \/>\n<meta property=\"og:site_name\" content=\"Dream World Bangkok\" \/>\n<meta property=\"article:modified_time\" content=\"2025-05-19T08:11:38+00:00\" \/>\n<meta name=\"twitter:card\" content=\"summary_large_image\" \/>\n<meta name=\"twitter:label1\" content=\"Tempo estimado de leitura\" \/>\n\t<meta name=\"twitter:data1\" content=\"1 minuto\" \/>\n<script type=\"application\/ld+json\" class=\"yoast-schema-graph\">{\"@context\":\"https:\\\/\\\/schema.org\",\"@graph\":[{\"@type\":\"WebPage\",\"@id\":\"https:\\\/\\\/thedreamworldbangkok.com\\\/contact-us\\\/\",\"url\":\"https:\\\/\\\/thedreamworldbangkok.com\\\/contact-us\\\/\",\"name\":\"Contact Triplyn Holidays - Dream World Bangkok Tickets\",\"isPartOf\":{\"@id\":\"https:\\\/\\\/thedreamworldbangkok.com\\\/#website\"},\"datePublished\":\"2024-10-14T12:19:58+00:00\",\"dateModified\":\"2025-05-19T08:11:38+00:00\",\"description\":\"Need Help With Your Dream World Bangkok Tickets? Contact Triplyn Holidays Via Live Chat Or Email. We're Here To Assist With All Inquiries.\",\"breadcrumb\":{\"@id\":\"https:\\\/\\\/thedreamworldbangkok.com\\\/contact-us\\\/#breadcrumb\"},\"inLanguage\":\"pt-PT\",\"potentialAction\":[{\"@type\":\"ReadAction\",\"target\":[\"https:\\\/\\\/thedreamworldbangkok.com\\\/contact-us\\\/\"]}]},{\"@type\":\"BreadcrumbList\",\"@id\":\"https:\\\/\\\/thedreamworldbangkok.com\\\/contact-us\\\/#breadcrumb\",\"itemListElement\":[{\"@type\":\"ListItem\",\"position\":1,\"name\":\"Home\",\"item\":\"https:\\\/\\\/thedreamworldbangkok.com\\\/\"},{\"@type\":\"ListItem\",\"position\":2,\"name\":\"Contact Us\"}]},{\"@type\":\"WebSite\",\"@id\":\"https:\\\/\\\/thedreamworldbangkok.com\\\/#website\",\"url\":\"https:\\\/\\\/thedreamworldbangkok.com\\\/\",\"name\":\"Dream World Bangkok\",\"description\":\"\",\"publisher\":{\"@id\":\"https:\\\/\\\/thedreamworldbangkok.com\\\/#organization\"},\"potentialAction\":[{\"@type\":\"SearchAction\",\"target\":{\"@type\":\"EntryPoint\",\"urlTemplate\":\"https:\\\/\\\/thedreamworldbangkok.com\\\/?s={search_term_string}\"},\"query-input\":{\"@type\":\"PropertyValueSpecification\",\"valueRequired\":true,\"valueName\":\"search_term_string\"}}],\"inLanguage\":\"pt-PT\"},{\"@type\":\"Organization\",\"@id\":\"https:\\\/\\\/thedreamworldbangkok.com\\\/#organization\",\"name\":\"Dream World Bangkok\",\"url\":\"https:\\\/\\\/thedreamworldbangkok.com\\\/\",\"logo\":{\"@type\":\"ImageObject\",\"inLanguage\":\"pt-PT\",\"@id\":\"https:\\\/\\\/thedreamworldbangkok.com\\\/#\\\/schema\\\/logo\\\/image\\\/\",\"url\":\"https:\\\/\\\/thedreamworldbangkok.com\\\/wp-content\\\/uploads\\\/2024\\\/08\\\/Dream-World-Bangkok.png\",\"contentUrl\":\"https:\\\/\\\/thedreamworldbangkok.com\\\/wp-content\\\/uploads\\\/2024\\\/08\\\/Dream-World-Bangkok.png\",\"width\":245,\"height\":70,\"caption\":\"Dream World Bangkok\"},\"image\":{\"@id\":\"https:\\\/\\\/thedreamworldbangkok.com\\\/#\\\/schema\\\/logo\\\/image\\\/\"}}]}<\/script>\n<!-- \/ Yoast SEO plugin. -->","yoast_head_json":{"title":"Contato Triplyn Holidays - Ingressos Dream World Bangkok","description":"Precisa de ajuda com seus ingressos para o Dream World Bangkok? Entre em contato com a Triplyn Holidays via chat ao vivo ou e-mail. Estamos aqui para ajudar com todas as perguntas.","robots":{"index":"noindex","follow":"follow"},"og_locale":"pt_PT","og_type":"article","og_title":"Contact Triplyn Holidays - Dream World Bangkok Tickets","og_description":"Need Help With Your Dream World Bangkok Tickets? Contact Triplyn Holidays Via Live Chat Or Email. We're Here To Assist With All Inquiries.","og_url":"https:\/\/thedreamworldbangkok.com\/pt\/contate-nos\/","og_site_name":"Dream World Bangkok","article_modified_time":"2025-05-19T08:11:38+00:00","twitter_card":"summary_large_image","twitter_misc":{"Tempo estimado de leitura":"1 minuto"},"schema":{"@context":"https:\/\/schema.org","@graph":[{"@type":"WebPage","@id":"https:\/\/thedreamworldbangkok.com\/contact-us\/","url":"https:\/\/thedreamworldbangkok.com\/contact-us\/","name":"Contato Triplyn Holidays - Ingressos Dream World Bangkok","isPartOf":{"@id":"https:\/\/thedreamworldbangkok.com\/#website"},"datePublished":"2024-10-14T12:19:58+00:00","dateModified":"2025-05-19T08:11:38+00:00","description":"Precisa de ajuda com seus ingressos para o Dream World Bangkok? Entre em contato com a Triplyn Holidays via chat ao vivo ou e-mail. Estamos aqui para ajudar com todas as perguntas.","breadcrumb":{"@id":"https:\/\/thedreamworldbangkok.com\/contact-us\/#breadcrumb"},"inLanguage":"pt-PT","potentialAction":[{"@type":"ReadAction","target":["https:\/\/thedreamworldbangkok.com\/contact-us\/"]}]},{"@type":"BreadcrumbList","@id":"https:\/\/thedreamworldbangkok.com\/contact-us\/#breadcrumb","itemListElement":[{"@type":"ListItem","position":1,"name":"Home","item":"https:\/\/thedreamworldbangkok.com\/"},{"@type":"ListItem","position":2,"name":"Contact Us"}]},{"@type":"WebSite","@id":"https:\/\/thedreamworldbangkok.com\/#website","url":"https:\/\/thedreamworldbangkok.com\/","name":"Mundo dos sonhos Bangkok","description":"","publisher":{"@id":"https:\/\/thedreamworldbangkok.com\/#organization"},"potentialAction":[{"@type":"SearchAction","target":{"@type":"EntryPoint","urlTemplate":"https:\/\/thedreamworldbangkok.com\/?s={search_term_string}"},"query-input":{"@type":"PropertyValueSpecification","valueRequired":true,"valueName":"search_term_string"}}],"inLanguage":"pt-PT"},{"@type":"Organization","@id":"https:\/\/thedreamworldbangkok.com\/#organization","name":"Mundo dos sonhos Bangkok","url":"https:\/\/thedreamworldbangkok.com\/","logo":{"@type":"ImageObject","inLanguage":"pt-PT","@id":"https:\/\/thedreamworldbangkok.com\/#\/schema\/logo\/image\/","url":"https:\/\/thedreamworldbangkok.com\/wp-content\/uploads\/2024\/08\/Dream-World-Bangkok.png","contentUrl":"https:\/\/thedreamworldbangkok.com\/wp-content\/uploads\/2024\/08\/Dream-World-Bangkok.png","width":245,"height":70,"caption":"Dream World Bangkok"},"image":{"@id":"https:\/\/thedreamworldbangkok.com\/#\/schema\/logo\/image\/"}}]}},"jetpack_sharing_enabled":true,"_links":{"self":[{"href":"https:\/\/thedreamworldbangkok.com\/pt\/wp-json\/wp\/v2\/pages\/2373","targetHints":{"allow":["GET"]}}],"collection":[{"href":"https:\/\/thedreamworldbangkok.com\/pt\/wp-json\/wp\/v2\/pages"}],"about":[{"href":"https:\/\/thedreamworldbangkok.com\/pt\/wp-json\/wp\/v2\/types\/page"}],"author":[{"embeddable":true,"href":"https:\/\/thedreamworldbangkok.com\/pt\/wp-json\/wp\/v2\/users\/1"}],"replies":[{"embeddable":true,"href":"https:\/\/thedreamworldbangkok.com\/pt\/wp-json\/wp\/v2\/comments?post=2373"}],"version-history":[{"count":6,"href":"https:\/\/thedreamworldbangkok.com\/pt\/wp-json\/wp\/v2\/pages\/2373\/revisions"}],"predecessor-version":[{"id":3175,"href":"https:\/\/thedreamworldbangkok.com\/pt\/wp-json\/wp\/v2\/pages\/2373\/revisions\/3175"}],"wp:attachment":[{"href":"https:\/\/thedreamworldbangkok.com\/pt\/wp-json\/wp\/v2\/media?parent=2373"}],"curies":[{"name":"wp","href":"https:\/\/api.w.org\/{rel}","templated":true}]}}