{"id":3,"date":"2024-08-27T12:39:40","date_gmt":"2024-08-27T12:39:40","guid":{"rendered":"https:\/\/thedreamworldbangkok.com\/?page_id=3"},"modified":"2024-10-17T07:02:59","modified_gmt":"2024-10-17T01:32:59","slug":"chinh-sach-bao-mat","status":"publish","type":"page","link":"https:\/\/thedreamworldbangkok.com\/vi\/chinh-sach-bao-mat\/","title":{"rendered":"Ch\u00ednh s\u00e1ch b\u1ea3o m\u1eadt"},"content":{"rendered":"<div data-elementor-type=\"wp-page\" data-elementor-id=\"3\" class=\"elementor elementor-3\" data-elementor-post-type=\"page\">\n\t\t\t\t\t\t<section data-particle_enable=\"false\" data-particle-mobile-disabled=\"false\" class=\"elementor-section elementor-top-section elementor-element elementor-element-dc0f9af elementor-section-boxed elementor-section-height-default elementor-section-height-default\" data-id=\"dc0f9af\" data-element_type=\"section\" data-e-type=\"section\">\n\t\t\t\t\t\t<div class=\"elementor-container elementor-column-gap-default\">\n\t\t\t\t\t<div class=\"elementor-column elementor-col-100 elementor-top-column elementor-element elementor-element-4ce1bb3\" data-id=\"4ce1bb3\" data-element_type=\"column\" data-e-type=\"column\">\n\t\t\t<div class=\"elementor-widget-wrap elementor-element-populated\">\n\t\t\t\t\t\t<div class=\"elementor-element elementor-element-feae045 elementor-widget elementor-widget-text-editor\" data-id=\"feae045\" data-element_type=\"widget\" data-e-type=\"widget\" data-widget_type=\"text-editor.default\">\n\t\t\t\t<div class=\"elementor-widget-container\">\n\t\t\t\t\t\t\t\t\t<h2 style=\"text-align: center;\"><span style=\"color: #000000;\">Ch\u00ednh s\u00e1ch b\u1ea3o m\u1eadt cho Dream World Bangkok<\/span><\/h2><p><span style=\"color: #000000;\">T\u1ea1i <strong>Th\u1ebf gi\u1edbi m\u01a1 \u01b0\u1edbc Bangkok<\/strong>, \u0111\u01b0\u1ee3c \u0111i\u1ec1u h\u00e0nh b\u1edfi <strong>K\u1ef3 ngh\u1ec9 Triplyn<\/strong>, ch\u00fang t\u00f4i cam k\u1ebft b\u1ea3o v\u1ec7 quy\u1ec1n ri\u00eang t\u01b0 c\u1ee7a kh\u00e1ch truy c\u1eadp v\u00e0 kh\u00e1ch h\u00e0ng c\u1ee7a ch\u00fang t\u00f4i. Ch\u00ednh s\u00e1ch b\u1ea3o m\u1eadt n\u00e0y gi\u1ea3i th\u00edch c\u00e1ch ch\u00fang t\u00f4i thu th\u1eadp, s\u1eed d\u1ee5ng v\u00e0 b\u1ea3o v\u1ec7 th\u00f4ng tin c\u00e1 nh\u00e2n c\u1ee7a b\u1ea1n khi b\u1ea1n truy c\u1eadp trang web c\u1ee7a ch\u00fang t\u00f4i, <a style=\"color: #000000;\" href=\"https:\/\/thedreamworldbangkok.com\/vi\/\" target=\"_new\" rel=\"noopener\">https:\/\/thedreamworldbangkok.com<\/a>.<\/span><\/p><hr \/><h3><span style=\"color: #000000;\">1. Th\u00f4ng tin ch\u00fang t\u00f4i thu th\u1eadp<\/span><\/h3><p><span style=\"color: #000000;\">Ch\u00fang t\u00f4i thu th\u1eadp c\u00e1c lo\u1ea1i th\u00f4ng tin sau \u0111\u00e2y \u0111\u1ec3 n\u00e2ng cao tr\u1ea3i nghi\u1ec7m c\u1ee7a b\u1ea1n v\u00e0 \u0111\u1ea3m b\u1ea3o cung c\u1ea5p d\u1ecbch v\u1ee5 su\u00f4n s\u1ebb:<\/span><\/p><ul><li><span style=\"color: #000000;\"><strong>Th\u00f4ng tin c\u00e1 nh\u00e2n<\/strong>: Bao g\u1ed3m c\u00e1c th\u00f4ng tin chi ti\u1ebft nh\u01b0 t\u00ean, \u0111\u1ecba ch\u1ec9 email v\u00e0 th\u00f4ng tin li\u00ean l\u1ea1c khi \u0111\u1eb7t v\u00e9 ho\u1eb7c li\u00ean h\u1ec7 v\u1edbi ch\u00fang t\u00f4i.<\/span><\/li><li><span style=\"color: #000000;\"><strong>Th\u00f4ng tin thanh to\u00e1n<\/strong>: B\u1ed9 x\u1eed l\u00fd c\u1ee7a b\u00ean th\u1ee9 ba an to\u00e0n x\u1eed l\u00fd th\u00f4ng tin thanh to\u00e1n \u0111\u1ec3 \u0111\u1ea3m b\u1ea3o giao d\u1ecbch an to\u00e0n.<\/span><\/li><li><span style=\"color: #000000;\"><strong>D\u1eef li\u1ec7u s\u1eed d\u1ee5ng trang web<\/strong>:Ch\u00fang t\u00f4i s\u1eed d\u1ee5ng cookie \u0111\u1ec3 thu th\u1eadp th\u00f4ng tin nh\u01b0 \u0111\u1ecba ch\u1ec9 IP, lo\u1ea1i tr\u00ecnh duy\u1ec7t v\u00e0 h\u00e0nh vi c\u1ee7a trang web \u0111\u1ec3 c\u1ea3i thi\u1ec7n tr\u1ea3i nghi\u1ec7m c\u1ee7a ng\u01b0\u1eddi d\u00f9ng.<\/span><\/li><\/ul><hr \/><h3><span style=\"color: #000000;\">2. Ch\u00fang t\u00f4i s\u1eed d\u1ee5ng th\u00f4ng tin c\u1ee7a b\u1ea1n nh\u01b0 th\u1ebf n\u00e0o<\/span><\/h3><p><span style=\"color: #000000;\">D\u1eef li\u1ec7u c\u1ee7a b\u1ea1n \u0111\u01b0\u1ee3c s\u1eed d\u1ee5ng cho:<\/span><\/p><ul><li><span style=\"color: #000000;\">X\u1eed l\u00fd \u0111\u1eb7t v\u00e9 v\u00e0 cung c\u1ea5p c\u00e1c d\u1ecbch v\u1ee5 theo y\u00eau c\u1ea7u.<\/span><\/li><li><span style=\"color: #000000;\">G\u1eedi x\u00e1c nh\u1eadn \u0111\u1eb7t ch\u1ed7 v\u00e0 c\u00e1c th\u00f4ng tin c\u1eadp nh\u1eadt c\u00f3 li\u00ean quan.<\/span><\/li><li><span style=\"color: #000000;\">Cung c\u1ea5p h\u1ed7 tr\u1ee3 kh\u00e1ch h\u00e0ng v\u00e0 tr\u1ea3 l\u1eddi c\u00e1c th\u1eafc m\u1eafc.<\/span><\/li><li><span style=\"color: #000000;\">C\u1ea3i thi\u1ec7n ch\u1ee9c n\u0103ng c\u1ee7a trang web v\u00e0 tr\u1ea3i nghi\u1ec7m c\u1ee7a ng\u01b0\u1eddi d\u00f9ng.<\/span><\/li><li><span style=\"color: #000000;\">G\u1eedi c\u00e1c \u01b0u \u0111\u00e3i khuy\u1ebfn m\u1ea1i v\u00e0 b\u1ea3n tin (v\u1edbi s\u1ef1 \u0111\u1ed3ng \u00fd c\u1ee7a b\u1ea1n).<\/span><\/li><\/ul><hr \/><h3><span style=\"color: #000000;\">3. C\u00e1ch ch\u00fang t\u00f4i b\u1ea3o v\u1ec7 th\u00f4ng tin c\u1ee7a b\u1ea1n<\/span><\/h3><p><span style=\"color: #000000;\">T\u1ea1i <strong>K\u1ef3 ngh\u1ec9 Triplyn<\/strong>, ch\u00fang t\u00f4i coi tr\u1ecdng v\u1ea5n \u0111\u1ec1 b\u1ea3o m\u1eadt. Trang web c\u1ee7a ch\u00fang t\u00f4i s\u1eed d\u1ee5ng <strong>M\u00e3 h\u00f3a SSL<\/strong> \u0111\u1ec3 \u0111\u1ea3m b\u1ea3o th\u00f4ng tin c\u00e1 nh\u00e2n v\u00e0 thanh to\u00e1n c\u1ee7a b\u1ea1n \u0111\u01b0\u1ee3c b\u1ea3o v\u1ec7. Ngo\u00e0i ra, ch\u00fang t\u00f4i \u0111\u00e3 tri\u1ec3n khai c\u00e1c bi\u1ec7n ph\u00e1p b\u1ea3o m\u1eadt n\u1ed9i b\u1ed9 nghi\u00eam ng\u1eb7t \u0111\u1ec3 b\u1ea3o v\u1ec7 d\u1eef li\u1ec7u c\u1ee7a b\u1ea1n kh\u1ecfi s\u1ef1 truy c\u1eadp tr\u00e1i ph\u00e9p.<\/span><\/p><hr \/><h3><span style=\"color: #000000;\">4. Chia s\u1ebb th\u00f4ng tin c\u1ee7a b\u1ea1n<\/span><\/h3><p><span style=\"color: #000000;\">Ch\u00fang t\u00f4i kh\u00f4ng b\u00e1n ho\u1eb7c trao \u0111\u1ed5i th\u00f4ng tin c\u00e1 nh\u00e2n c\u1ee7a b\u1ea1n. Ch\u00fang t\u00f4i c\u00f3 th\u1ec3 chia s\u1ebb d\u1eef li\u1ec7u c\u1ee7a b\u1ea1n v\u1edbi c\u00e1c \u0111\u1ed1i t\u00e1c \u0111\u00e1ng tin c\u1eady nh\u01b0 b\u1ed9 x\u1eed l\u00fd thanh to\u00e1n ho\u1eb7c nh\u00e0 cung c\u1ea5p d\u1ecbch v\u1ee5 \u0111\u1ec3 t\u1ea1o \u0111i\u1ec1u ki\u1ec7n thu\u1eadn l\u1ee3i cho vi\u1ec7c \u0111\u1eb7t ch\u1ed7, t\u1ea5t c\u1ea3 \u0111\u1ec1u tu\u00e2n th\u1ee7 c\u00e1c ti\u00eau chu\u1ea9n b\u1ea3o m\u1eadt nghi\u00eam ng\u1eb7t.<\/span><\/p><hr \/><h3><span style=\"color: #000000;\">5. Quy\u1ec1n d\u1eef li\u1ec7u c\u1ee7a b\u1ea1n<\/span><\/h3><p><span style=\"color: #000000;\">B\u1ea1n c\u00f3 quy\u1ec1n:<\/span><\/p><ul><li><span style=\"color: #000000;\"><strong>Truy c\u1eadp<\/strong>: Y\u00eau c\u1ea7u truy c\u1eadp th\u00f4ng tin c\u00e1 nh\u00e2n m\u00e0 ch\u00fang t\u00f4i l\u01b0u gi\u1eef v\u1ec1 b\u1ea1n.<\/span><\/li><li><span style=\"color: #000000;\"><strong>S\u1eeda l\u1ed7i<\/strong>: Y\u00eau c\u1ea7u s\u1eeda b\u1ea5t k\u1ef3 d\u1eef li\u1ec7u n\u00e0o kh\u00f4ng ch\u00ednh x\u00e1c ho\u1eb7c l\u1ed7i th\u1eddi.<\/span><\/li><li><span style=\"color: #000000;\"><strong>X\u00f3a b\u1ecf<\/strong>: Y\u00eau c\u1ea7u x\u00f3a th\u00f4ng tin c\u00e1 nh\u00e2n c\u1ee7a b\u1ea1n n\u1ebfu kh\u00f4ng c\u00f2n c\u1ea7n thi\u1ebft n\u1eefa.<\/span><\/li><li><span style=\"color: #000000;\"><strong>T\u1eeb ch\u1ed1i<\/strong>: H\u1ee7y \u0111\u0103ng k\u00fd nh\u1eadn email qu\u1ea3ng c\u00e1o ho\u1eb7c b\u1ea3n tin b\u1ea5t c\u1ee9 l\u00fac n\u00e0o.<\/span><\/li><\/ul><p><span style=\"color: #000000;\">\u0110\u1ed1i v\u1edbi b\u1ea5t k\u1ef3 h\u00e0nh \u0111\u1ed9ng n\u00e0o trong s\u1ed1 n\u00e0y, vui l\u00f2ng li\u00ean h\u1ec7 v\u1edbi ch\u00fang t\u00f4i t\u1ea1i <strong><a style=\"color: #000000;\" href=\"mailto:contact@thedreamworldbangkok.com\" rel=\"noopener\">contact@thedreamworldbangkok.com<\/a><\/strong>.<\/span><\/p><hr \/><h3><span style=\"color: #000000;\">6. Cookie<\/span><\/h3><p><span style=\"color: #000000;\">Ch\u00fang t\u00f4i s\u1eed d\u1ee5ng cookie \u0111\u1ec3 c\u00e1 nh\u00e2n h\u00f3a v\u00e0 n\u00e2ng cao tr\u1ea3i nghi\u1ec7m duy\u1ec7t web c\u1ee7a b\u1ea1n. Nh\u1eefng t\u1ec7p d\u1eef li\u1ec7u nh\u1ecf n\u00e0y gi\u00fap ch\u00fang t\u00f4i hi\u1ec3u s\u1edf th\u00edch c\u1ee7a b\u1ea1n v\u00e0 c\u1ea3i thi\u1ec7n ch\u1ee9c n\u0103ng c\u1ee7a trang web. B\u1ea1n c\u00f3 th\u1ec3 t\u1eaft cookie th\u00f4ng qua c\u00e0i \u0111\u1eb7t tr\u00ecnh duy\u1ec7t c\u1ee7a m\u00ecnh, nh\u01b0ng \u0111i\u1ec1u n\u00e0y c\u00f3 th\u1ec3 \u1ea3nh h\u01b0\u1edfng \u0111\u1ebfn tr\u1ea3i nghi\u1ec7m c\u1ee7a b\u1ea1n tr\u00ean trang web c\u1ee7a ch\u00fang t\u00f4i.<\/span><\/p><hr \/><h3><span style=\"color: #000000;\">7. Li\u00ean k\u1ebft c\u1ee7a b\u00ean th\u1ee9 ba<\/span><\/h3><p><span style=\"color: #000000;\">Trang web c\u1ee7a ch\u00fang t\u00f4i c\u00f3 th\u1ec3 ch\u1ee9a c\u00e1c li\u00ean k\u1ebft \u0111\u1ebfn c\u00e1c trang web b\u00ean ngo\u00e0i, bao g\u1ed3m c\u00e1c c\u1ed5ng thanh to\u00e1n v\u00e0 \u0111\u1ed1i t\u00e1c. Ch\u00fang t\u00f4i kh\u00f4ng ch\u1ecbu tr\u00e1ch nhi\u1ec7m v\u1ec1 c\u00e1c ho\u1ea1t \u0111\u1ed9ng b\u1ea3o m\u1eadt c\u1ee7a h\u1ecd. Vui l\u00f2ng xem l\u1ea1i ch\u00ednh s\u00e1ch b\u1ea3o m\u1eadt c\u1ee7a h\u1ecd tr\u01b0\u1edbc khi cung c\u1ea5p b\u1ea5t k\u1ef3 th\u00f4ng tin c\u00e1 nh\u00e2n n\u00e0o.<\/span><\/p><hr \/><h3><span style=\"color: #000000;\">8. Nh\u1eefng thay \u0111\u1ed5i trong Ch\u00ednh s\u00e1ch b\u1ea3o m\u1eadt c\u1ee7a ch\u00fang t\u00f4i<\/span><\/h3><p><span style=\"color: #000000;\">Ch\u00fang t\u00f4i c\u00f3 th\u1ec3 c\u1eadp nh\u1eadt ch\u00ednh s\u00e1ch b\u1ea3o m\u1eadt n\u00e0y theo th\u1eddi gian. B\u1ea5t k\u1ef3 thay \u0111\u1ed5i n\u00e0o s\u1ebd \u0111\u01b0\u1ee3c \u0111\u0103ng \u1edf \u0111\u00e2y, v\u1edbi ng\u00e0y c\u1eadp nh\u1eadt \u0111\u01b0\u1ee3c ghi r\u00f5 r\u00e0ng. Ch\u00fang t\u00f4i khuy\u1ebfn kh\u00edch b\u1ea1n xem l\u1ea1i ch\u00ednh s\u00e1ch n\u00e0y \u0111\u1ecbnh k\u1ef3 \u0111\u1ec3 lu\u00f4n c\u1eadp nh\u1eadt v\u1ec1 c\u00e1ch ch\u00fang t\u00f4i b\u1ea3o v\u1ec7 d\u1eef li\u1ec7u c\u1ee7a b\u1ea1n.<\/span><\/p><hr \/><h3><span style=\"color: #000000;\">9. Li\u00ean h\u1ec7 v\u1edbi ch\u00fang t\u00f4i<\/span><\/h3><p><span style=\"color: #000000;\">N\u1ebfu c\u00f3 b\u1ea5t k\u1ef3 c\u00e2u h\u1ecfi n\u00e0o li\u00ean quan \u0111\u1ebfn ch\u00ednh s\u00e1ch b\u1ea3o m\u1eadt ho\u1eb7c vi\u1ec7c x\u1eed l\u00fd d\u1eef li\u1ec7u, vui l\u00f2ng li\u00ean h\u1ec7 v\u1edbi ch\u00fang t\u00f4i:<\/span><\/p><p><span style=\"color: #000000;\"><strong>T\u00ean c\u00f4ng ty<\/strong>: K\u1ef3 ngh\u1ec9 Triplyn<\/span><br \/><span style=\"color: #000000;\"><strong>\u0110\u1ecba ch\u1ec9<\/strong>: A-54, Khu c\u00f4ng nghi\u1ec7p Keshopur, Vikaspuri, New Delhi 110018, \u1ea4n \u0110\u1ed9<\/span><br \/><span style=\"color: #000000;\"><strong>E-mail<\/strong>: <a style=\"color: #000000;\" href=\"mailto:contact@thedreamworldbangkok.com\" rel=\"noopener\">contact@thedreamworldbangkok.com<\/a><\/span><\/p><hr \/><h3><span style=\"color: #000000;\">10. S\u1ef1 \u0111\u1ed3ng \u00fd<\/span><\/h3><p><span style=\"color: #000000;\">B\u1eb1ng c\u00e1ch s\u1eed d\u1ee5ng trang web c\u1ee7a ch\u00fang t\u00f4i, b\u1ea1n \u0111\u1ed3ng \u00fd v\u1edbi vi\u1ec7c thu th\u1eadp, s\u1eed d\u1ee5ng v\u00e0 l\u01b0u tr\u1eef th\u00f4ng tin c\u00e1 nh\u00e2n c\u1ee7a b\u1ea1n nh\u01b0 \u0111\u01b0\u1ee3c n\u00eau trong ch\u00ednh s\u00e1ch n\u00e0y. N\u1ebfu b\u1ea1n kh\u00f4ng \u0111\u1ed3ng \u00fd v\u1edbi b\u1ea5t k\u1ef3 ph\u1ea7n n\u00e0o c\u1ee7a ch\u00ednh s\u00e1ch n\u00e0y, vui l\u00f2ng kh\u00f4ng s\u1eed d\u1ee5ng d\u1ecbch v\u1ee5 c\u1ee7a ch\u00fang t\u00f4i.<\/span><\/p><hr \/><h3><span style=\"color: #000000;\">11. Tu\u00e2n th\u1ee7 ph\u00e1p lu\u1eadt<\/span><\/h3><p><span style=\"color: #000000;\">Ch\u00fang t\u00f4i tu\u00e2n th\u1ee7 t\u1ea5t c\u1ea3 c\u00e1c lu\u1eadt b\u1ea3o v\u1ec7 d\u1eef li\u1ec7u c\u00f3 li\u00ean quan, bao g\u1ed3m <strong>Quy \u0111\u1ecbnh b\u1ea3o v\u1ec7 d\u1eef li\u1ec7u chung (GDPR)<\/strong>, \u0111\u1ec3 \u0111\u1ea3m b\u1ea3o quy\u1ec1n ri\u00eang t\u01b0 c\u1ee7a b\u1ea1n \u0111\u01b0\u1ee3c duy tr\u00ec. M\u1ecdi tranh ch\u1ea5p li\u00ean quan \u0111\u1ebfn vi\u1ec7c s\u1eed d\u1ee5ng d\u1eef li\u1ec7u s\u1ebd \u0111\u01b0\u1ee3c gi\u1ea3i quy\u1ebft theo khu\u00f4n kh\u1ed5 ph\u00e1p l\u00fd hi\u1ec7n h\u00e0nh.<\/span><\/p><hr \/><h3><span style=\"color: #000000;\">12. Quy\u1ec1n ri\u00eang t\u01b0 c\u1ee7a tr\u1ebb em<\/span><\/h3><p><span style=\"color: #000000;\">Ch\u00fang t\u00f4i kh\u00f4ng c\u1ed1 \u00fd thu th\u1eadp d\u1eef li\u1ec7u c\u00e1 nh\u00e2n t\u1eeb tr\u1ebb em d\u01b0\u1edbi 13 tu\u1ed5i. N\u1ebfu b\u1ea1n tin r\u1eb1ng ch\u00fang t\u00f4i \u0111\u00e3 v\u00f4 t\u00ecnh thu th\u1eadp nh\u1eefng th\u00f4ng tin \u0111\u00f3, vui l\u00f2ng li\u00ean h\u1ec7 v\u1edbi ch\u00fang t\u00f4i v\u00e0 ch\u00fang t\u00f4i s\u1ebd nhanh ch\u00f3ng x\u00f3a th\u00f4ng tin \u0111\u00f3.<\/span><\/p><hr \/><h3><span style=\"color: #000000;\">13. L\u01b0u gi\u1eef d\u1eef li\u1ec7u<\/span><\/h3><p><span style=\"color: #000000;\">Th\u00f4ng tin c\u00e1 nh\u00e2n c\u1ee7a b\u1ea1n s\u1ebd ch\u1ec9 \u0111\u01b0\u1ee3c l\u01b0u gi\u1eef trong th\u1eddi gian c\u1ea7n thi\u1ebft cho c\u00e1c m\u1ee5c \u0111\u00edch \u0111\u01b0\u1ee3c n\u00eau trong ch\u00ednh s\u00e1ch n\u00e0y, ch\u1eb3ng h\u1ea1n nh\u01b0 x\u1eed l\u00fd \u0111\u1eb7t ch\u1ed7 v\u00e0 cung c\u1ea5p h\u1ed7 tr\u1ee3 kh\u00e1ch h\u00e0ng. Khi c\u00f3 y\u00eau c\u1ea7u x\u00f3a, ch\u00fang t\u00f4i s\u1ebd x\u00f3a th\u00f4ng tin c\u1ee7a b\u1ea1n kh\u1ecfi h\u1ec7 th\u1ed1ng c\u1ee7a ch\u00fang t\u00f4i m\u1ed9t c\u00e1ch an to\u00e0n.<\/span><\/p><p><span style=\"color: #000000;\">Ch\u00fang t\u00f4i v\u1eabn cam k\u1ebft \u0111\u1ea3m b\u1ea3o quy\u1ec1n ri\u00eang t\u01b0 v\u00e0 b\u1ea3o m\u1eadt c\u1ee7a b\u1ea1n \u0111\u01b0\u1ee3c b\u1ea3o v\u1ec7 trong su\u1ed1t tr\u1ea3i nghi\u1ec7m c\u1ee7a b\u1ea1n v\u1edbi <a href=\"https:\/\/thedreamworldbangkok.com\/vi\"><strong>Th\u1ebf gi\u1edbi m\u01a1 \u01b0\u1edbc Bangkok<\/strong><\/a>.<\/span><\/p>\t\t\t\t\t\t\t\t<\/div>\n\t\t\t\t<\/div>\n\t\t\t\t\t<\/div>\n\t\t<\/div>\n\t\t\t\t\t<\/div>\n\t\t<\/section>\n\t\t\t\t<\/div>","protected":false},"excerpt":{"rendered":"<p>Privacy Policy for Dream World Bangkok At Dream World Bangkok, operated by Triplyn Holidays, we are dedicated to protecting the privacy of our visitors and customers. This Privacy Policy explains how we collect, use, and protect your personal information when you visit our website, https:\/\/thedreamworldbangkok.com. 1. Information We Collect We collect the following types of [&hellip;]<\/p>\n","protected":false},"author":1,"featured_media":0,"parent":0,"menu_order":0,"comment_status":"closed","ping_status":"open","template":"","meta":{"ocean_post_layout":"","ocean_both_sidebars_style":"","ocean_both_sidebars_content_width":0,"ocean_both_sidebars_sidebars_width":0,"ocean_sidebar":"","ocean_second_sidebar":"","ocean_disable_margins":"enable","ocean_add_body_class":"","ocean_shortcode_before_top_bar":"","ocean_shortcode_after_top_bar":"","ocean_shortcode_before_header":"","ocean_shortcode_after_header":"","ocean_has_shortcode":"","ocean_shortcode_after_title":"","ocean_shortcode_before_footer_widgets":"","ocean_shortcode_after_footer_widgets":"","ocean_shortcode_before_footer_bottom":"","ocean_shortcode_after_footer_bottom":"","ocean_display_top_bar":"default","ocean_display_header":"default","ocean_header_style":"","ocean_center_header_left_menu":"","ocean_custom_header_template":"","ocean_custom_logo":0,"ocean_custom_retina_logo":0,"ocean_custom_logo_max_width":0,"ocean_custom_logo_tablet_max_width":0,"ocean_custom_logo_mobile_max_width":0,"ocean_custom_logo_max_height":0,"ocean_custom_logo_tablet_max_height":0,"ocean_custom_logo_mobile_max_height":0,"ocean_header_custom_menu":"","ocean_menu_typo_font_family":"","ocean_menu_typo_font_subset":"","ocean_menu_typo_font_size":0,"ocean_menu_typo_font_size_tablet":0,"ocean_menu_typo_font_size_mobile":0,"ocean_menu_typo_font_size_unit":"px","ocean_menu_typo_font_weight":"","ocean_menu_typo_font_weight_tablet":"","ocean_menu_typo_font_weight_mobile":"","ocean_menu_typo_transform":"","ocean_menu_typo_transform_tablet":"","ocean_menu_typo_transform_mobile":"","ocean_menu_typo_line_height":0,"ocean_menu_typo_line_height_tablet":0,"ocean_menu_typo_line_height_mobile":0,"ocean_menu_typo_line_height_unit":"","ocean_menu_typo_spacing":0,"ocean_menu_typo_spacing_tablet":0,"ocean_menu_typo_spacing_mobile":0,"ocean_menu_typo_spacing_unit":"","ocean_menu_link_color":"","ocean_menu_link_color_hover":"","ocean_menu_link_color_active":"","ocean_menu_link_background":"","ocean_menu_link_hover_background":"","ocean_menu_link_active_background":"","ocean_menu_social_links_bg":"","ocean_menu_social_hover_links_bg":"","ocean_menu_social_links_color":"","ocean_menu_social_hover_links_color":"","ocean_disable_title":"default","ocean_disable_heading":"default","ocean_post_title":"","ocean_post_subheading":"","ocean_post_title_style":"","ocean_post_title_background_color":"","ocean_post_title_background":0,"ocean_post_title_bg_image_position":"","ocean_post_title_bg_image_attachment":"","ocean_post_title_bg_image_repeat":"","ocean_post_title_bg_image_size":"","ocean_post_title_height":0,"ocean_post_title_bg_overlay":0.5,"ocean_post_title_bg_overlay_color":"","ocean_disable_breadcrumbs":"default","ocean_breadcrumbs_color":"","ocean_breadcrumbs_separator_color":"","ocean_breadcrumbs_links_color":"","ocean_breadcrumbs_links_hover_color":"","ocean_display_footer_widgets":"default","ocean_display_footer_bottom":"default","ocean_custom_footer_template":"","footnotes":""},"class_list":["post-3","page","type-page","status-publish","hentry","entry","owp-thumbs-layout-horizontal","owp-btn-normal","owp-tabs-layout-horizontal","has-no-thumbnails","has-product-nav"],"yoast_head":"<!-- This site is optimized with the Yoast SEO plugin v27.3 - https:\/\/yoast.com\/product\/yoast-seo-wordpress\/ -->\n<title>Privacy Policy \u2013 Dream World Bangkok | Safe And Secure Booking<\/title>\n<meta name=\"description\" content=\"Your Privacy Matters! Learn How Dream World Bangkok Ensures Secure Booking, Protects Data, And Offers A Safe Experience For All Visitors.\" \/>\n<meta name=\"robots\" content=\"noindex, follow\" \/>\n<meta property=\"og:locale\" content=\"vi_VN\" \/>\n<meta property=\"og:type\" content=\"article\" \/>\n<meta property=\"og:title\" content=\"Privacy Policy \u2013 Dream World Bangkok | Safe And Secure Booking\" \/>\n<meta property=\"og:description\" content=\"Your Privacy Matters! Learn How Dream World Bangkok Ensures Secure Booking, Protects Data, And Offers A Safe Experience For All Visitors.\" \/>\n<meta property=\"og:url\" content=\"https:\/\/thedreamworldbangkok.com\/vi\/chinh-sach-bao-mat\/\" \/>\n<meta property=\"og:site_name\" content=\"Dream World Bangkok\" \/>\n<meta property=\"article:modified_time\" content=\"2024-10-17T01:32:59+00:00\" \/>\n<meta name=\"twitter:card\" content=\"summary_large_image\" \/>\n<meta name=\"twitter:label1\" content=\"\u01af\u1edbc t\u00ednh th\u1eddi gian \u0111\u1ecdc\" \/>\n\t<meta name=\"twitter:data1\" content=\"3 ph\u00fat\" \/>\n<script type=\"application\/ld+json\" class=\"yoast-schema-graph\">{\"@context\":\"https:\\\/\\\/schema.org\",\"@graph\":[{\"@type\":\"WebPage\",\"@id\":\"https:\\\/\\\/thedreamworldbangkok.com\\\/privacy-policy\\\/\",\"url\":\"https:\\\/\\\/thedreamworldbangkok.com\\\/privacy-policy\\\/\",\"name\":\"Privacy Policy \u2013 Dream World Bangkok | Safe And Secure Booking\",\"isPartOf\":{\"@id\":\"https:\\\/\\\/thedreamworldbangkok.com\\\/#website\"},\"datePublished\":\"2024-08-27T12:39:40+00:00\",\"dateModified\":\"2024-10-17T01:32:59+00:00\",\"description\":\"Your Privacy Matters! Learn How Dream World Bangkok Ensures Secure Booking, Protects Data, And Offers A Safe Experience For All Visitors.\",\"breadcrumb\":{\"@id\":\"https:\\\/\\\/thedreamworldbangkok.com\\\/privacy-policy\\\/#breadcrumb\"},\"inLanguage\":\"vi\",\"potentialAction\":[{\"@type\":\"ReadAction\",\"target\":[\"https:\\\/\\\/thedreamworldbangkok.com\\\/privacy-policy\\\/\"]}]},{\"@type\":\"BreadcrumbList\",\"@id\":\"https:\\\/\\\/thedreamworldbangkok.com\\\/privacy-policy\\\/#breadcrumb\",\"itemListElement\":[{\"@type\":\"ListItem\",\"position\":1,\"name\":\"Home\",\"item\":\"https:\\\/\\\/thedreamworldbangkok.com\\\/\"},{\"@type\":\"ListItem\",\"position\":2,\"name\":\"Privacy Policy\"}]},{\"@type\":\"WebSite\",\"@id\":\"https:\\\/\\\/thedreamworldbangkok.com\\\/#website\",\"url\":\"https:\\\/\\\/thedreamworldbangkok.com\\\/\",\"name\":\"Dream World Bangkok\",\"description\":\"\",\"publisher\":{\"@id\":\"https:\\\/\\\/thedreamworldbangkok.com\\\/#organization\"},\"potentialAction\":[{\"@type\":\"SearchAction\",\"target\":{\"@type\":\"EntryPoint\",\"urlTemplate\":\"https:\\\/\\\/thedreamworldbangkok.com\\\/?s={search_term_string}\"},\"query-input\":{\"@type\":\"PropertyValueSpecification\",\"valueRequired\":true,\"valueName\":\"search_term_string\"}}],\"inLanguage\":\"vi\"},{\"@type\":\"Organization\",\"@id\":\"https:\\\/\\\/thedreamworldbangkok.com\\\/#organization\",\"name\":\"Dream World Bangkok\",\"url\":\"https:\\\/\\\/thedreamworldbangkok.com\\\/\",\"logo\":{\"@type\":\"ImageObject\",\"inLanguage\":\"vi\",\"@id\":\"https:\\\/\\\/thedreamworldbangkok.com\\\/#\\\/schema\\\/logo\\\/image\\\/\",\"url\":\"https:\\\/\\\/thedreamworldbangkok.com\\\/wp-content\\\/uploads\\\/2024\\\/08\\\/Dream-World-Bangkok.png\",\"contentUrl\":\"https:\\\/\\\/thedreamworldbangkok.com\\\/wp-content\\\/uploads\\\/2024\\\/08\\\/Dream-World-Bangkok.png\",\"width\":245,\"height\":70,\"caption\":\"Dream World Bangkok\"},\"image\":{\"@id\":\"https:\\\/\\\/thedreamworldbangkok.com\\\/#\\\/schema\\\/logo\\\/image\\\/\"}}]}<\/script>\n<!-- \/ Yoast SEO plugin. -->","yoast_head_json":{"title":"Ch\u00ednh s\u00e1ch b\u1ea3o m\u1eadt \u2013 Dream World Bangkok | \u0110\u1eb7t ph\u00f2ng an to\u00e0n v\u00e0 b\u1ea3o m\u1eadt","description":"Quy\u1ec1n ri\u00eang t\u01b0 c\u1ee7a b\u1ea1n r\u1ea5t quan tr\u1ecdng! T\u00ecm hi\u1ec3u c\u00e1ch Dream World Bangkok \u0111\u1ea3m b\u1ea3o \u0111\u1eb7t ph\u00f2ng an to\u00e0n, b\u1ea3o v\u1ec7 d\u1eef li\u1ec7u v\u00e0 mang \u0111\u1ebfn tr\u1ea3i nghi\u1ec7m an to\u00e0n cho m\u1ecdi du kh\u00e1ch.","robots":{"index":"noindex","follow":"follow"},"og_locale":"vi_VN","og_type":"article","og_title":"Privacy Policy \u2013 Dream World Bangkok | Safe And Secure Booking","og_description":"Your Privacy Matters! Learn How Dream World Bangkok Ensures Secure Booking, Protects Data, And Offers A Safe Experience For All Visitors.","og_url":"https:\/\/thedreamworldbangkok.com\/vi\/chinh-sach-bao-mat\/","og_site_name":"Dream World Bangkok","article_modified_time":"2024-10-17T01:32:59+00:00","twitter_card":"summary_large_image","twitter_misc":{"\u01af\u1edbc t\u00ednh th\u1eddi gian \u0111\u1ecdc":"3 ph\u00fat"},"schema":{"@context":"https:\/\/schema.org","@graph":[{"@type":"WebPage","@id":"https:\/\/thedreamworldbangkok.com\/privacy-policy\/","url":"https:\/\/thedreamworldbangkok.com\/privacy-policy\/","name":"Ch\u00ednh s\u00e1ch b\u1ea3o m\u1eadt \u2013 Dream World Bangkok | \u0110\u1eb7t ph\u00f2ng an to\u00e0n v\u00e0 b\u1ea3o m\u1eadt","isPartOf":{"@id":"https:\/\/thedreamworldbangkok.com\/#website"},"datePublished":"2024-08-27T12:39:40+00:00","dateModified":"2024-10-17T01:32:59+00:00","description":"Quy\u1ec1n ri\u00eang t\u01b0 c\u1ee7a b\u1ea1n r\u1ea5t quan tr\u1ecdng! T\u00ecm hi\u1ec3u c\u00e1ch Dream World Bangkok \u0111\u1ea3m b\u1ea3o \u0111\u1eb7t ph\u00f2ng an to\u00e0n, b\u1ea3o v\u1ec7 d\u1eef li\u1ec7u v\u00e0 mang \u0111\u1ebfn tr\u1ea3i nghi\u1ec7m an to\u00e0n cho m\u1ecdi du kh\u00e1ch.","breadcrumb":{"@id":"https:\/\/thedreamworldbangkok.com\/privacy-policy\/#breadcrumb"},"inLanguage":"vi","potentialAction":[{"@type":"ReadAction","target":["https:\/\/thedreamworldbangkok.com\/privacy-policy\/"]}]},{"@type":"BreadcrumbList","@id":"https:\/\/thedreamworldbangkok.com\/privacy-policy\/#breadcrumb","itemListElement":[{"@type":"ListItem","position":1,"name":"Home","item":"https:\/\/thedreamworldbangkok.com\/"},{"@type":"ListItem","position":2,"name":"Privacy Policy"}]},{"@type":"WebSite","@id":"https:\/\/thedreamworldbangkok.com\/#website","url":"https:\/\/thedreamworldbangkok.com\/","name":"Th\u1ebf gi\u1edbi m\u01a1 \u01b0\u1edbc Bangkok","description":"","publisher":{"@id":"https:\/\/thedreamworldbangkok.com\/#organization"},"potentialAction":[{"@type":"SearchAction","target":{"@type":"EntryPoint","urlTemplate":"https:\/\/thedreamworldbangkok.com\/?s={search_term_string}"},"query-input":{"@type":"PropertyValueSpecification","valueRequired":true,"valueName":"search_term_string"}}],"inLanguage":"vi"},{"@type":"Organization","@id":"https:\/\/thedreamworldbangkok.com\/#organization","name":"Th\u1ebf gi\u1edbi m\u01a1 \u01b0\u1edbc Bangkok","url":"https:\/\/thedreamworldbangkok.com\/","logo":{"@type":"ImageObject","inLanguage":"vi","@id":"https:\/\/thedreamworldbangkok.com\/#\/schema\/logo\/image\/","url":"https:\/\/thedreamworldbangkok.com\/wp-content\/uploads\/2024\/08\/Dream-World-Bangkok.png","contentUrl":"https:\/\/thedreamworldbangkok.com\/wp-content\/uploads\/2024\/08\/Dream-World-Bangkok.png","width":245,"height":70,"caption":"Dream World Bangkok"},"image":{"@id":"https:\/\/thedreamworldbangkok.com\/#\/schema\/logo\/image\/"}}]}},"jetpack_sharing_enabled":true,"_links":{"self":[{"href":"https:\/\/thedreamworldbangkok.com\/vi\/wp-json\/wp\/v2\/pages\/3","targetHints":{"allow":["GET"]}}],"collection":[{"href":"https:\/\/thedreamworldbangkok.com\/vi\/wp-json\/wp\/v2\/pages"}],"about":[{"href":"https:\/\/thedreamworldbangkok.com\/vi\/wp-json\/wp\/v2\/types\/page"}],"author":[{"embeddable":true,"href":"https:\/\/thedreamworldbangkok.com\/vi\/wp-json\/wp\/v2\/users\/1"}],"replies":[{"embeddable":true,"href":"https:\/\/thedreamworldbangkok.com\/vi\/wp-json\/wp\/v2\/comments?post=3"}],"version-history":[{"count":0,"href":"https:\/\/thedreamworldbangkok.com\/vi\/wp-json\/wp\/v2\/pages\/3\/revisions"}],"wp:attachment":[{"href":"https:\/\/thedreamworldbangkok.com\/vi\/wp-json\/wp\/v2\/media?parent=3"}],"curies":[{"name":"wp","href":"https:\/\/api.w.org\/{rel}","templated":true}]}}