{"id":617,"date":"2024-09-04T16:21:40","date_gmt":"2024-09-04T10:51:40","guid":{"rendered":"https:\/\/thedreamworldbangkok.com\/?page_id=617"},"modified":"2024-10-17T07:02:20","modified_gmt":"2024-10-17T01:32:20","slug":"chi-tiet-cong-ty","status":"publish","type":"page","link":"https:\/\/thedreamworldbangkok.com\/vi\/chi-tiet-cong-ty\/","title":{"rendered":"Chi ti\u1ebft c\u00f4ng ty"},"content":{"rendered":"<div data-elementor-type=\"wp-page\" data-elementor-id=\"617\" class=\"elementor elementor-617\" data-elementor-post-type=\"page\">\n\t\t\t\t\t\t<section data-particle_enable=\"false\" data-particle-mobile-disabled=\"false\" class=\"elementor-section elementor-top-section elementor-element elementor-element-f3e94ce elementor-section-boxed elementor-section-height-default elementor-section-height-default\" data-id=\"f3e94ce\" data-element_type=\"section\" data-e-type=\"section\">\n\t\t\t\t\t\t<div class=\"elementor-container elementor-column-gap-default\">\n\t\t\t\t\t<div class=\"elementor-column elementor-col-100 elementor-top-column elementor-element elementor-element-39bb9e9\" data-id=\"39bb9e9\" data-element_type=\"column\" data-e-type=\"column\">\n\t\t\t<div class=\"elementor-widget-wrap elementor-element-populated\">\n\t\t\t\t\t\t<div class=\"elementor-element elementor-element-7c4897a elementor-widget elementor-widget-text-editor\" data-id=\"7c4897a\" data-element_type=\"widget\" data-e-type=\"widget\" data-widget_type=\"text-editor.default\">\n\t\t\t\t<div class=\"elementor-widget-container\">\n\t\t\t\t\t\t\t\t\t<h2 style=\"text-align: center;\"><span style=\"color: #000000;\">Chi ti\u1ebft c\u00f4ng ty<\/span><\/h2><p><span style=\"color: #000000;\">Ch\u00e0o m\u1eebng \u0111\u1ebfn v\u1edbi <strong>Th\u1ebf gi\u1edbi m\u01a1 \u01b0\u1edbc Bangkok<\/strong>, \u0111\u1ed1i t\u00e1c \u0111\u00e1ng tin c\u1eady c\u1ee7a b\u1ea1n trong vi\u1ec7c mang \u0111\u1ebfn nh\u1eefng tr\u1ea3i nghi\u1ec7m kh\u00f3 qu\u00ean t\u1ea1i m\u1ed9t trong nh\u1eefng c\u00f4ng vi\u00ean gi\u1ea3i tr\u00ed th\u00fa v\u1ecb nh\u1ea5t c\u1ee7a Th\u00e1i Lan. \u0110\u01b0\u1ee3c \u0111i\u1ec1u h\u00e0nh b\u1edfi <strong>K\u1ef3 ngh\u1ec9 Triplyn<\/strong>, ch\u00fang t\u00f4i \u0111\u1ea3m b\u1ea3o m\u1ecdi du kh\u00e1ch \u0111\u1ec1u \u0111\u01b0\u1ee3c t\u1eadn h\u01b0\u1edfng qu\u00e1 tr\u00ecnh \u0111\u1eb7t ph\u00f2ng li\u1ec1n m\u1ea1ch v\u00e0 \u0111\u00e1ng nh\u1edb, cung c\u1ea5p c\u00e1c \u01b0u \u0111\u00e3i \u0111\u1ed9c quy\u1ec1n v\u00e0 d\u1ecbch v\u1ee5 h\u00e0ng \u0111\u1ea7u.<\/span><\/p><h3><span style=\"color: #000000;\">Gi\u1edbi thi\u1ec7u v\u1ec1 ch\u00fang t\u00f4i<\/span><\/h3><p><span style=\"color: #000000;\"><strong>K\u1ef3 ngh\u1ec9 Triplyn<\/strong> l\u00e0 m\u1ed9t c\u00f4ng ty l\u1eef h\u00e0nh v\u00e0 du l\u1ecbch h\u00e0ng \u0111\u1ea7u \u0111\u01b0\u1ee3c bi\u1ebft \u0111\u1ebfn v\u1edbi vi\u1ec7c cung c\u1ea5p c\u00e1c d\u1ecbch v\u1ee5 \u0111\u1eb7c bi\u1ec7t cho du kh\u00e1ch tr\u00ean to\u00e0n c\u1ea7u. Chuy\u00ean \u0111\u1eb7t v\u00e9 cho c\u00e1c \u0111i\u1ec3m \u0111\u1ebfn ph\u1ed5 bi\u1ebfn nh\u01b0 <a href=\"https:\/\/thedreamworldbangkok.com\/vi\"><strong>Th\u1ebf gi\u1edbi m\u01a1 \u01b0\u1edbc Bangkok<\/strong><\/a>, s\u1ee9 m\u1ec7nh c\u1ee7a ch\u00fang t\u00f4i l\u00e0 cung c\u1ea5p c\u00e1c \u01b0u \u0111\u00e3i t\u1ed1t nh\u1ea5t, \u0111\u1eb7t ch\u1ed7 d\u1ec5 d\u00e0ng v\u00e0 h\u1ed7 tr\u1ee3 kh\u00e1ch h\u00e0ng tuy\u1ec7t v\u1eddi. Ch\u00fang t\u00f4i mong mu\u1ed1n t\u1ea1o ra nh\u1eefng tr\u1ea3i nghi\u1ec7m du l\u1ecbch kh\u00f3 qu\u00ean cho kh\u00e1ch h\u00e0ng b\u1eb1ng c\u00e1ch gi\u00fap h\u1ecd d\u1ec5 d\u00e0ng v\u00e0 ti\u1ebft ki\u1ec7m chi ph\u00ed \u0111\u1ec3 kh\u00e1m ph\u00e1 c\u00e1c \u0111i\u1ec3m tham quan v\u00e0 tr\u00f2 ch\u01a1i m\u1ea1o hi\u1ec3m c\u1ee7a Dream World.<\/span><\/p><h3><span style=\"color: #000000;\">Th\u00f4ng tin c\u00f4ng ty<\/span><\/h3><ul><li><span style=\"color: #000000;\"><strong>T\u00ean c\u00f4ng ty<\/strong>: K\u1ef3 ngh\u1ec9 Triplyn<\/span><\/li><li><span style=\"color: #000000;\"><strong>\u0110\u1ecba ch\u1ec9 \u0111\u00e3 \u0111\u0103ng k\u00fd<\/strong>: A-54, Khu c\u00f4ng nghi\u1ec7p Keshopur, Vikaspuri, New Delhi 110018, \u1ea4n \u0110\u1ed9<\/span><\/li><li><span style=\"color: #000000;\"><strong>E-mail<\/strong>: <a style=\"color: #000000;\" href=\"mailto:contact@thedreamworldbangkok.com\" rel=\"noopener\">contact@thedreamworldbangkok.com<\/a><\/span><\/li><\/ul><p><span style=\"color: #000000;\">Cam k\u1ebft c\u1ee7a ch\u00fang t\u00f4i v\u1ec1 t\u00ednh minh b\u1ea1ch v\u00e0 s\u1ef1 h\u00e0i l\u00f2ng c\u1ee7a kh\u00e1ch h\u00e0ng l\u00e0 tr\u1ecdng t\u00e2m trong nh\u1eefng g\u00ec ch\u00fang t\u00f4i l\u00e0m. N\u1ebfu c\u00f3 b\u1ea5t k\u1ef3 c\u00e2u h\u1ecfi n\u00e0o v\u1ec1 \u0111\u1eb7t ph\u00f2ng Dream World Bangkok, vui l\u00f2ng li\u00ean h\u1ec7 v\u1edbi ch\u00fang t\u00f4i qua email.<\/span><\/p><h3><span style=\"color: #000000;\">Li\u00ean h\u1ec7 v\u1edbi ch\u00fang t\u00f4i<\/span><\/h3><p><span style=\"color: #000000;\">\u0110\u1ec3 y\u00eau c\u1ea7u ho\u1eb7c h\u1ed7 tr\u1ee3 li\u00ean quan \u0111\u1ebfn chuy\u1ebfn th\u0103m c\u1ee7a b\u1ea1n \u0111\u1ebfn <strong>Th\u1ebf gi\u1edbi m\u01a1 \u01b0\u1edbc Bangkok<\/strong>, vui l\u00f2ng li\u00ean h\u1ec7:<\/span><\/p><ul><li><span style=\"color: #000000;\"><strong>E-mail<\/strong>: <a style=\"color: #000000;\" href=\"mailto:contact@thedreamworldbangkok.com\" rel=\"noopener\">contact@thedreamworldbangkok.com<\/a><\/span><\/li><li><span style=\"color: #000000;\"><strong>\u0110\u1ecba ch\u1ec9<\/strong>: A-54, Khu c\u00f4ng nghi\u1ec7p Keshopur, Vikaspuri, New Delhi 110018, \u1ea4n \u0110\u1ed9<\/span><\/li><\/ul><p><span style=\"color: #000000;\">Ch\u00fang t\u00f4i c\u1ed1 g\u1eafng tr\u1ea3 l\u1eddi m\u1ecdi th\u1eafc m\u1eafc trong v\u00f2ng 24 gi\u1edd.<\/span><\/p><h3><span style=\"color: #000000;\">T\u1ea1i sao ch\u1ecdn ch\u00fang t\u00f4i?<\/span><\/h3><ul><li><span style=\"color: #000000;\"><strong>Chuy\u00ean m\u00f4n \u0111\u00e1ng tin c\u1eady<\/strong>:V\u1edbi nhi\u1ec1u n\u0103m kinh nghi\u1ec7m trong ng\u00e0nh du l\u1ecbch v\u00e0 l\u1eef h\u00e0nh, <strong>K\u1ef3 ngh\u1ec9 Triplyn<\/strong> cam k\u1ebft cung c\u1ea5p d\u1ecbch v\u1ee5 tuy\u1ec7t v\u1eddi v\u1edbi gi\u00e1 c\u1ea3 minh b\u1ea1ch.<\/span><\/li><li><span style=\"color: #000000;\"><strong>H\u1ed7 tr\u1ee3 kh\u00e1ch h\u00e0ng<\/strong>:\u0110\u1ed9i ng\u0169 c\u1ee7a ch\u00fang t\u00f4i lu\u00f4n s\u1eb5n s\u00e0ng h\u1ed7 tr\u1ee3 b\u1ea1n, \u0111\u1ea3m b\u1ea3o tr\u1ea3i nghi\u1ec7m \u0111\u1eb7t ph\u00f2ng di\u1ec5n ra su\u00f4n s\u1ebb.<\/span><\/li><li><span style=\"color: #000000;\"><strong>\u01afu \u0111\u00e3i \u0111\u1ed9c quy\u1ec1n<\/strong>: T\u1eadn h\u01b0\u1edfng c\u00e1c \u01b0u \u0111\u00e3i v\u00e0 g\u00f3i \u0111\u1ed9c quy\u1ec1n cho <strong>Th\u1ebf gi\u1edbi m\u01a1 \u01b0\u1edbc Bangkok<\/strong>, cho ph\u00e9p b\u1ea1n kh\u00e1m ph\u00e1 nh\u1eefng \u0111i\u1ec3m tham quan tuy\u1ec7t v\u1eddi nh\u1ea5t c\u1ee7a c\u00f4ng vi\u00ean v\u1edbi m\u1ee9c gi\u00e1 kh\u00f4ng th\u1ec3 tuy\u1ec7t v\u1eddi h\u01a1n.<\/span><\/li><\/ul><h3><span style=\"color: #000000;\">\u0110\u1eb7t ph\u00f2ng v\u1edbi ch\u00fang t\u00f4i<\/span><\/h3><p><span style=\"color: #000000;\">S\u1eb5n s\u00e0ng cho m\u1ed9t cu\u1ed9c phi\u00eau l\u01b0u t\u1ea1i <strong>Th\u1ebf gi\u1edbi m\u01a1 \u01b0\u1edbc Bangkok<\/strong>? Gh\u00e9 th\u0103m ch\u00fang t\u00f4i <strong><a href=\"https:\/\/thedreamworldbangkok.com\/vi\">V\u00e9 Dream World Bangkok<\/a> Trang \u0111\u1eb7t ph\u00f2ng<\/strong> \u0111\u1ec3 kh\u00e1m ph\u00e1 nh\u1eefng \u01b0u \u0111\u00e3i m\u1edbi nh\u1ea5t c\u1ee7a ch\u00fang t\u00f4i.<\/span><br \/><span style=\"color: #000000;\"><a href=\"https:\/\/thedreamworldbangkok.com\/vi\"><strong>Nh\u1ea5p v\u00e0o \u0111\u00e2y \u0111\u1ec3 \u0111\u1eb7t v\u00e9 c\u1ee7a b\u1ea1n<\/strong><\/a> v\u00e0 b\u1eaft \u0111\u1ea7u m\u1ed9t h\u00e0nh tr\u00ecnh kh\u00f3 qu\u00ean tr\u00e0n ng\u1eadp ni\u1ec1m vui, phi\u00eau l\u01b0u v\u00e0 ph\u1ea5n kh\u00edch!<\/span><\/p>\t\t\t\t\t\t\t\t<\/div>\n\t\t\t\t<\/div>\n\t\t\t\t\t<\/div>\n\t\t<\/div>\n\t\t\t\t\t<\/div>\n\t\t<\/section>\n\t\t\t\t<\/div>","protected":false},"excerpt":{"rendered":"<p>Company Details Welcome to Dream World Bangkok, your trusted partner in delivering unforgettable experiences at one of Thailand&#8217;s most exciting theme parks. Operated by Triplyn Holidays, we ensure every visitor enjoys a seamless and memorable booking process, offering exclusive deals and top-notch service. About Us Triplyn Holidays is a premier travel and tourism company known [&hellip;]<\/p>\n","protected":false},"author":1,"featured_media":0,"parent":0,"menu_order":0,"comment_status":"closed","ping_status":"closed","template":"","meta":{"ocean_post_layout":"","ocean_both_sidebars_style":"","ocean_both_sidebars_content_width":0,"ocean_both_sidebars_sidebars_width":0,"ocean_sidebar":"","ocean_second_sidebar":"","ocean_disable_margins":"enable","ocean_add_body_class":"","ocean_shortcode_before_top_bar":"","ocean_shortcode_after_top_bar":"","ocean_shortcode_before_header":"","ocean_shortcode_after_header":"","ocean_has_shortcode":"","ocean_shortcode_after_title":"","ocean_shortcode_before_footer_widgets":"","ocean_shortcode_after_footer_widgets":"","ocean_shortcode_before_footer_bottom":"","ocean_shortcode_after_footer_bottom":"","ocean_display_top_bar":"default","ocean_display_header":"default","ocean_header_style":"","ocean_center_header_left_menu":"","ocean_custom_header_template":"","ocean_custom_logo":0,"ocean_custom_retina_logo":0,"ocean_custom_logo_max_width":0,"ocean_custom_logo_tablet_max_width":0,"ocean_custom_logo_mobile_max_width":0,"ocean_custom_logo_max_height":0,"ocean_custom_logo_tablet_max_height":0,"ocean_custom_logo_mobile_max_height":0,"ocean_header_custom_menu":"","ocean_menu_typo_font_family":"","ocean_menu_typo_font_subset":"","ocean_menu_typo_font_size":0,"ocean_menu_typo_font_size_tablet":0,"ocean_menu_typo_font_size_mobile":0,"ocean_menu_typo_font_size_unit":"px","ocean_menu_typo_font_weight":"","ocean_menu_typo_font_weight_tablet":"","ocean_menu_typo_font_weight_mobile":"","ocean_menu_typo_transform":"","ocean_menu_typo_transform_tablet":"","ocean_menu_typo_transform_mobile":"","ocean_menu_typo_line_height":0,"ocean_menu_typo_line_height_tablet":0,"ocean_menu_typo_line_height_mobile":0,"ocean_menu_typo_line_height_unit":"","ocean_menu_typo_spacing":0,"ocean_menu_typo_spacing_tablet":0,"ocean_menu_typo_spacing_mobile":0,"ocean_menu_typo_spacing_unit":"","ocean_menu_link_color":"","ocean_menu_link_color_hover":"","ocean_menu_link_color_active":"","ocean_menu_link_background":"","ocean_menu_link_hover_background":"","ocean_menu_link_active_background":"","ocean_menu_social_links_bg":"","ocean_menu_social_hover_links_bg":"","ocean_menu_social_links_color":"","ocean_menu_social_hover_links_color":"","ocean_disable_title":"default","ocean_disable_heading":"default","ocean_post_title":"","ocean_post_subheading":"","ocean_post_title_style":"","ocean_post_title_background_color":"","ocean_post_title_background":0,"ocean_post_title_bg_image_position":"","ocean_post_title_bg_image_attachment":"","ocean_post_title_bg_image_repeat":"","ocean_post_title_bg_image_size":"","ocean_post_title_height":0,"ocean_post_title_bg_overlay":0.5,"ocean_post_title_bg_overlay_color":"","ocean_disable_breadcrumbs":"default","ocean_breadcrumbs_color":"","ocean_breadcrumbs_separator_color":"","ocean_breadcrumbs_links_color":"","ocean_breadcrumbs_links_hover_color":"","ocean_display_footer_widgets":"default","ocean_display_footer_bottom":"default","ocean_custom_footer_template":"","footnotes":""},"class_list":["post-617","page","type-page","status-publish","hentry","entry","owp-thumbs-layout-horizontal","owp-btn-normal","owp-tabs-layout-horizontal","has-no-thumbnails","has-product-nav"],"yoast_head":"<!-- This site is optimized with the Yoast SEO plugin v27.3 - https:\/\/yoast.com\/product\/yoast-seo-wordpress\/ -->\n<title>Company Details | Dream World Bangkok | Trusted &amp; Transparent<\/title>\n<meta name=\"description\" content=\"Discover Dream World Bangkok&#039;s Company Details. Trusted Or Transparent Information Ensures Secure Transactions &amp; A Reliable Experience.\" \/>\n<meta name=\"robots\" content=\"noindex, follow\" \/>\n<meta property=\"og:locale\" content=\"vi_VN\" \/>\n<meta property=\"og:type\" content=\"article\" \/>\n<meta property=\"og:title\" content=\"Company Details | Dream World Bangkok | Trusted &amp; Transparent\" \/>\n<meta property=\"og:description\" content=\"Discover Dream World Bangkok&#039;s Company Details. Trusted Or Transparent Information Ensures Secure Transactions &amp; A Reliable Experience.\" \/>\n<meta property=\"og:url\" content=\"https:\/\/thedreamworldbangkok.com\/vi\/chi-tiet-cong-ty\/\" \/>\n<meta property=\"og:site_name\" content=\"Dream World Bangkok\" \/>\n<meta property=\"article:modified_time\" content=\"2024-10-17T01:32:20+00:00\" \/>\n<meta name=\"twitter:card\" content=\"summary_large_image\" \/>\n<meta name=\"twitter:label1\" content=\"\u01af\u1edbc t\u00ednh th\u1eddi gian \u0111\u1ecdc\" \/>\n\t<meta name=\"twitter:data1\" content=\"2 ph\u00fat\" \/>\n<script type=\"application\/ld+json\" class=\"yoast-schema-graph\">{\"@context\":\"https:\\\/\\\/schema.org\",\"@graph\":[{\"@type\":\"WebPage\",\"@id\":\"https:\\\/\\\/thedreamworldbangkok.com\\\/company-details\\\/\",\"url\":\"https:\\\/\\\/thedreamworldbangkok.com\\\/company-details\\\/\",\"name\":\"Company Details | Dream World Bangkok | Trusted & Transparent\",\"isPartOf\":{\"@id\":\"https:\\\/\\\/thedreamworldbangkok.com\\\/#website\"},\"datePublished\":\"2024-09-04T10:51:40+00:00\",\"dateModified\":\"2024-10-17T01:32:20+00:00\",\"description\":\"Discover Dream World Bangkok's Company Details. Trusted Or Transparent Information Ensures Secure Transactions & A Reliable Experience.\",\"breadcrumb\":{\"@id\":\"https:\\\/\\\/thedreamworldbangkok.com\\\/company-details\\\/#breadcrumb\"},\"inLanguage\":\"vi\",\"potentialAction\":[{\"@type\":\"ReadAction\",\"target\":[\"https:\\\/\\\/thedreamworldbangkok.com\\\/company-details\\\/\"]}]},{\"@type\":\"BreadcrumbList\",\"@id\":\"https:\\\/\\\/thedreamworldbangkok.com\\\/company-details\\\/#breadcrumb\",\"itemListElement\":[{\"@type\":\"ListItem\",\"position\":1,\"name\":\"Home\",\"item\":\"https:\\\/\\\/thedreamworldbangkok.com\\\/\"},{\"@type\":\"ListItem\",\"position\":2,\"name\":\"Company Details\"}]},{\"@type\":\"WebSite\",\"@id\":\"https:\\\/\\\/thedreamworldbangkok.com\\\/#website\",\"url\":\"https:\\\/\\\/thedreamworldbangkok.com\\\/\",\"name\":\"Dream World Bangkok\",\"description\":\"\",\"publisher\":{\"@id\":\"https:\\\/\\\/thedreamworldbangkok.com\\\/#organization\"},\"potentialAction\":[{\"@type\":\"SearchAction\",\"target\":{\"@type\":\"EntryPoint\",\"urlTemplate\":\"https:\\\/\\\/thedreamworldbangkok.com\\\/?s={search_term_string}\"},\"query-input\":{\"@type\":\"PropertyValueSpecification\",\"valueRequired\":true,\"valueName\":\"search_term_string\"}}],\"inLanguage\":\"vi\"},{\"@type\":\"Organization\",\"@id\":\"https:\\\/\\\/thedreamworldbangkok.com\\\/#organization\",\"name\":\"Dream World Bangkok\",\"url\":\"https:\\\/\\\/thedreamworldbangkok.com\\\/\",\"logo\":{\"@type\":\"ImageObject\",\"inLanguage\":\"vi\",\"@id\":\"https:\\\/\\\/thedreamworldbangkok.com\\\/#\\\/schema\\\/logo\\\/image\\\/\",\"url\":\"https:\\\/\\\/thedreamworldbangkok.com\\\/wp-content\\\/uploads\\\/2024\\\/08\\\/Dream-World-Bangkok.png\",\"contentUrl\":\"https:\\\/\\\/thedreamworldbangkok.com\\\/wp-content\\\/uploads\\\/2024\\\/08\\\/Dream-World-Bangkok.png\",\"width\":245,\"height\":70,\"caption\":\"Dream World Bangkok\"},\"image\":{\"@id\":\"https:\\\/\\\/thedreamworldbangkok.com\\\/#\\\/schema\\\/logo\\\/image\\\/\"}}]}<\/script>\n<!-- \/ Yoast SEO plugin. -->","yoast_head_json":{"title":"Chi ti\u1ebft c\u00f4ng ty | Dream World Bangkok | \u0110\u00e1ng tin c\u1eady v\u00e0 minh b\u1ea1ch","description":"Kh\u00e1m ph\u00e1 th\u00f4ng tin chi ti\u1ebft v\u1ec1 c\u00f4ng ty Dream World Bangkok. Th\u00f4ng tin \u0111\u00e1ng tin c\u1eady ho\u1eb7c minh b\u1ea1ch \u0111\u1ea3m b\u1ea3o giao d\u1ecbch an to\u00e0n v\u00e0 tr\u1ea3i nghi\u1ec7m \u0111\u00e1ng tin c\u1eady.","robots":{"index":"noindex","follow":"follow"},"og_locale":"vi_VN","og_type":"article","og_title":"Company Details | Dream World Bangkok | Trusted & Transparent","og_description":"Discover Dream World Bangkok's Company Details. Trusted Or Transparent Information Ensures Secure Transactions & A Reliable Experience.","og_url":"https:\/\/thedreamworldbangkok.com\/vi\/chi-tiet-cong-ty\/","og_site_name":"Dream World Bangkok","article_modified_time":"2024-10-17T01:32:20+00:00","twitter_card":"summary_large_image","twitter_misc":{"\u01af\u1edbc t\u00ednh th\u1eddi gian \u0111\u1ecdc":"2 ph\u00fat"},"schema":{"@context":"https:\/\/schema.org","@graph":[{"@type":"WebPage","@id":"https:\/\/thedreamworldbangkok.com\/company-details\/","url":"https:\/\/thedreamworldbangkok.com\/company-details\/","name":"Chi ti\u1ebft c\u00f4ng ty | Dream World Bangkok | \u0110\u00e1ng tin c\u1eady v\u00e0 minh b\u1ea1ch","isPartOf":{"@id":"https:\/\/thedreamworldbangkok.com\/#website"},"datePublished":"2024-09-04T10:51:40+00:00","dateModified":"2024-10-17T01:32:20+00:00","description":"Kh\u00e1m ph\u00e1 th\u00f4ng tin chi ti\u1ebft v\u1ec1 c\u00f4ng ty Dream World Bangkok. Th\u00f4ng tin \u0111\u00e1ng tin c\u1eady ho\u1eb7c minh b\u1ea1ch \u0111\u1ea3m b\u1ea3o giao d\u1ecbch an to\u00e0n v\u00e0 tr\u1ea3i nghi\u1ec7m \u0111\u00e1ng tin c\u1eady.","breadcrumb":{"@id":"https:\/\/thedreamworldbangkok.com\/company-details\/#breadcrumb"},"inLanguage":"vi","potentialAction":[{"@type":"ReadAction","target":["https:\/\/thedreamworldbangkok.com\/company-details\/"]}]},{"@type":"BreadcrumbList","@id":"https:\/\/thedreamworldbangkok.com\/company-details\/#breadcrumb","itemListElement":[{"@type":"ListItem","position":1,"name":"Home","item":"https:\/\/thedreamworldbangkok.com\/"},{"@type":"ListItem","position":2,"name":"Company Details"}]},{"@type":"WebSite","@id":"https:\/\/thedreamworldbangkok.com\/#website","url":"https:\/\/thedreamworldbangkok.com\/","name":"Th\u1ebf gi\u1edbi m\u01a1 \u01b0\u1edbc Bangkok","description":"","publisher":{"@id":"https:\/\/thedreamworldbangkok.com\/#organization"},"potentialAction":[{"@type":"SearchAction","target":{"@type":"EntryPoint","urlTemplate":"https:\/\/thedreamworldbangkok.com\/?s={search_term_string}"},"query-input":{"@type":"PropertyValueSpecification","valueRequired":true,"valueName":"search_term_string"}}],"inLanguage":"vi"},{"@type":"Organization","@id":"https:\/\/thedreamworldbangkok.com\/#organization","name":"Th\u1ebf gi\u1edbi m\u01a1 \u01b0\u1edbc Bangkok","url":"https:\/\/thedreamworldbangkok.com\/","logo":{"@type":"ImageObject","inLanguage":"vi","@id":"https:\/\/thedreamworldbangkok.com\/#\/schema\/logo\/image\/","url":"https:\/\/thedreamworldbangkok.com\/wp-content\/uploads\/2024\/08\/Dream-World-Bangkok.png","contentUrl":"https:\/\/thedreamworldbangkok.com\/wp-content\/uploads\/2024\/08\/Dream-World-Bangkok.png","width":245,"height":70,"caption":"Dream World Bangkok"},"image":{"@id":"https:\/\/thedreamworldbangkok.com\/#\/schema\/logo\/image\/"}}]}},"jetpack_sharing_enabled":true,"_links":{"self":[{"href":"https:\/\/thedreamworldbangkok.com\/vi\/wp-json\/wp\/v2\/pages\/617","targetHints":{"allow":["GET"]}}],"collection":[{"href":"https:\/\/thedreamworldbangkok.com\/vi\/wp-json\/wp\/v2\/pages"}],"about":[{"href":"https:\/\/thedreamworldbangkok.com\/vi\/wp-json\/wp\/v2\/types\/page"}],"author":[{"embeddable":true,"href":"https:\/\/thedreamworldbangkok.com\/vi\/wp-json\/wp\/v2\/users\/1"}],"replies":[{"embeddable":true,"href":"https:\/\/thedreamworldbangkok.com\/vi\/wp-json\/wp\/v2\/comments?post=617"}],"version-history":[{"count":0,"href":"https:\/\/thedreamworldbangkok.com\/vi\/wp-json\/wp\/v2\/pages\/617\/revisions"}],"wp:attachment":[{"href":"https:\/\/thedreamworldbangkok.com\/vi\/wp-json\/wp\/v2\/media?parent=617"}],"curies":[{"name":"wp","href":"https:\/\/api.w.org\/{rel}","templated":true}]}}